{"id":1875,"date":"2020-11-11T11:15:39","date_gmt":"2020-11-11T16:15:39","guid":{"rendered":"https:\/\/municipalitepontiac.com\/?page_id=1875"},"modified":"2023-10-30T23:24:02","modified_gmt":"2023-10-31T03:24:02","slug":"ecoles-commissions-scolaires-et-cpe","status":"publish","type":"page","link":"https:\/\/municipalitepontiac.com\/en\/ecoles-commissions-scolaires-et-cpe\/","title":{"rendered":"Schools, school boards and early childhood center"},"content":{"rendered":"<p>[et_pb_section fb_built=\u00a0\u00bb1&Prime; _builder_version=\u00a0\u00bb4.19.0&Prime; _module_preset=\u00a0\u00bbdefault\u00a0\u00bb background_enable_color=\u00a0\u00bboff\u00a0\u00bb use_background_color_gradient=\u00a0\u00bbon\u00a0\u00bb background_color_gradient_stops=\u00a0\u00bbrgba(123,180,42,0.8) 0%|rgba(15,106,128,0.6) 100%\u00a0\u00bb background_color_gradient_overlays_image=\u00a0\u00bbon\u00a0\u00bb background_color_gradient_start=\u00a0\u00bbrgba(123,180,42,0.8)\u00a0\u00bb background_color_gradient_end=\u00a0\u00bbrgba(15,106,128,0.6)\u00a0\u00bb background_image=\u00a0\u00bbhttps:\/\/municipalitepontiac.com\/wp-content\/uploads\/2020\/11\/ecole-scaled.jpg\u00a0\u00bb bottom_divider_height=\u00a0\u00bb100px\u00a0\u00bb hover_enabled=\u00a0\u00bb0&Prime; locked=\u00a0\u00bboff\u00a0\u00bb global_colors_info=\u00a0\u00bb{}\u00a0\u00bb sticky_enabled=\u00a0\u00bb0&Prime;][et_pb_row _builder_version=\u00a0\u00bb4.16&Prime; _module_preset=\u00a0\u00bbdefault\u00a0\u00bb global_colors_info=\u00a0\u00bb{}\u00a0\u00bb][et_pb_column type=\u00a0\u00bb4_4&Prime; _builder_version=\u00a0\u00bb4.16&Prime; _module_preset=\u00a0\u00bbdefault\u00a0\u00bb global_colors_info=\u00a0\u00bb{}\u00a0\u00bb][et_pb_text _builder_version=\u00a0\u00bb4.16&Prime; _module_preset=\u00a0\u00bbdefault\u00a0\u00bb text_font=\u00a0\u00bbRoboto|300|||||||\u00a0\u00bb link_text_color=\u00a0\u00bb#0f6a80&Prime; header_text_color=\u00a0\u00bb#ffffff\u00a0\u00bb header_2_font=\u00a0\u00bbQuestrial||||||||\u00a0\u00bb header_2_font_size=\u00a0\u00bb48px\u00a0\u00bb header_3_font=\u00a0\u00bbQuestrial||||||||\u00a0\u00bb header_3_font_size=\u00a0\u00bb28px\u00a0\u00bb header_4_font=\u00a0\u00bbQuestrial||||||||\u00a0\u00bb custom_margin=\u00a0\u00bb||||false|false\u00a0\u00bb text_font_size_tablet=\u00a0\u00bb16px\u00a0\u00bb text_font_size_phone=\u00a0\u00bb16px\u00a0\u00bb text_font_size_last_edited=\u00a0\u00bbon|phone\u00a0\u00bb header_font_size_tablet=\u00a0\u00bb60px\u00a0\u00bb header_font_size_phone=\u00a0\u00bb40px\u00a0\u00bb header_font_size_last_edited=\u00a0\u00bbon|phone\u00a0\u00bb header_2_font_size_tablet=\u00a0\u00bb40px\u00a0\u00bb header_2_font_size_phone=\u00a0\u00bb30px\u00a0\u00bb header_2_font_size_last_edited=\u00a0\u00bbon|desktop\u00a0\u00bb header_3_font_size_tablet=\u00a0\u00bb\u00a0\u00bb header_3_font_size_phone=\u00a0\u00bb22px\u00a0\u00bb header_3_font_size_last_edited=\u00a0\u00bbon|phone\u00a0\u00bb header_4_font_size_tablet=\u00a0\u00bb\u00a0\u00bb header_4_font_size_phone=\u00a0\u00bb\u00a0\u00bb header_4_font_size_last_edited=\u00a0\u00bbon|phone\u00a0\u00bb global_colors_info=\u00a0\u00bb{}\u00a0\u00bb]<\/p>\n<h1>\u00c9coles, commissions scolaires et CPE<\/h1>\n<p>[\/et_pb_text][\/et_pb_column][\/et_pb_row][\/et_pb_section][et_pb_section fb_built=\u00a0\u00bb1&Prime; _builder_version=\u00a0\u00bb4.19.0&Prime; _module_preset=\u00a0\u00bbdefault\u00a0\u00bb hover_enabled=\u00a0\u00bb0&Prime; global_colors_info=\u00a0\u00bb{}\u00a0\u00bb background_enable_image=\u00a0\u00bboff\u00a0\u00bb sticky_enabled=\u00a0\u00bb0&Prime;][et_pb_row _builder_version=\u00a0\u00bb4.16&Prime; _module_preset=\u00a0\u00bbdefault\u00a0\u00bb locked=\u00a0\u00bboff\u00a0\u00bb global_colors_info=\u00a0\u00bb{}\u00a0\u00bb][et_pb_column type=\u00a0\u00bb4_4&Prime; _builder_version=\u00a0\u00bb4.16&Prime; _module_preset=\u00a0\u00bbdefault\u00a0\u00bb global_colors_info=\u00a0\u00bb{}\u00a0\u00bb][et_pb_text _builder_version=\u00a0\u00bb4.16&Prime; _module_preset=\u00a0\u00bbdefault\u00a0\u00bb text_font=\u00a0\u00bbRoboto|300|||||||\u00a0\u00bb text_text_color=\u00a0\u00bb#000000&Prime; header_2_font=\u00a0\u00bbQuestrial||||||||\u00a0\u00bb header_2_font_size=\u00a0\u00bb48px\u00a0\u00bb header_2_font_size_tablet=\u00a0\u00bb\u00a0\u00bb header_2_font_size_phone=\u00a0\u00bb36px\u00a0\u00bb header_2_font_size_last_edited=\u00a0\u00bbon|phone\u00a0\u00bb global_colors_info=\u00a0\u00bb{}\u00a0\u00bb]<\/p>\n<p>Citoyens \/ Loisirs et vie communautaire \/ Bottin des ressources \/ \u00c9coles, commissions scolaires et CPE<\/p>\n<p>[\/et_pb_text][et_pb_text _builder_version=\u00a0\u00bb4.16&Prime; _module_preset=\u00a0\u00bbdefault\u00a0\u00bb text_font=\u00a0\u00bbRoboto|300|||||||\u00a0\u00bb text_text_color=\u00a0\u00bb#000000&Prime; link_font=\u00a0\u00bbRoboto|700|||||||\u00a0\u00bb background_color=\u00a0\u00bb#e5e5e5&Prime; custom_padding=\u00a0\u00bb45px|45px|45px|45px|true|true\u00a0\u00bb locked=\u00a0\u00bboff\u00a0\u00bb global_colors_info=\u00a0\u00bb{}\u00a0\u00bb]<\/p>\n<p>Sur cette page :<\/p>\n<p><strong><\/strong><\/p>\n<ul>\n<li><a href=\"https:\/\/municipalitepontiac.com\/ecoles-commissions-scolaires-et-cpe\/#ecoles\">\u00c9coles<\/a><\/li>\n<li><a href=\"https:\/\/municipalitepontiac.com\/ecoles-commissions-scolaires-et-cpe\/#commissions-scolaires\">Commissions scolaires<\/a><\/li>\n<li><a href=\"https:\/\/municipalitepontiac.com\/ecoles-commissions-scolaires-et-cpe\/#cpe\">Centre de la petite enfance (CPE)<\/a><\/li>\n<\/ul>\n<p>[\/et_pb_text][\/et_pb_column][\/et_pb_row][et_pb_row module_id=\u00a0\u00bbecoles\u00a0\u00bb _builder_version=\u00a0\u00bb4.16&Prime; _module_preset=\u00a0\u00bbdefault\u00a0\u00bb custom_margin=\u00a0\u00bb||||false|false\u00a0\u00bb global_colors_info=\u00a0\u00bb{}\u00a0\u00bb][et_pb_column type=\u00a0\u00bb4_4&Prime; _builder_version=\u00a0\u00bb4.16&Prime; _module_preset=\u00a0\u00bbdefault\u00a0\u00bb global_colors_info=\u00a0\u00bb{}\u00a0\u00bb][et_pb_text quote_border_color=\u00a0\u00bb#7ab317&Prime; _builder_version=\u00a0\u00bb4.16&Prime; _module_preset=\u00a0\u00bbdefault\u00a0\u00bb text_font=\u00a0\u00bbRoboto|300|||||||\u00a0\u00bb text_text_color=\u00a0\u00bb#000000&Prime; link_font=\u00a0\u00bbRoboto|700|||||||\u00a0\u00bb link_text_color=\u00a0\u00bb#0f6a80&Prime; header_2_font=\u00a0\u00bbQuestrial||||||||\u00a0\u00bb header_2_font_size=\u00a0\u00bb48px\u00a0\u00bb header_3_font=\u00a0\u00bbQuestrial||||||||\u00a0\u00bb header_3_font_size=\u00a0\u00bb28px\u00a0\u00bb header_4_font=\u00a0\u00bbQuestrial||||||||\u00a0\u00bb header_4_font_size=\u00a0\u00bb22px\u00a0\u00bb header_4_letter_spacing=\u00a0\u00bb1px\u00a0\u00bb text_font_size_tablet=\u00a0\u00bb16px\u00a0\u00bb text_font_size_phone=\u00a0\u00bb16px\u00a0\u00bb text_font_size_last_edited=\u00a0\u00bbon|phone\u00a0\u00bb header_font_size_tablet=\u00a0\u00bb60px\u00a0\u00bb header_font_size_phone=\u00a0\u00bb40px\u00a0\u00bb header_font_size_last_edited=\u00a0\u00bbon|phone\u00a0\u00bb header_2_font_size_tablet=\u00a0\u00bb40px\u00a0\u00bb header_2_font_size_phone=\u00a0\u00bb30px\u00a0\u00bb header_2_font_size_last_edited=\u00a0\u00bbon|desktop\u00a0\u00bb header_3_font_size_tablet=\u00a0\u00bb\u00a0\u00bb header_3_font_size_phone=\u00a0\u00bb22px\u00a0\u00bb header_3_font_size_last_edited=\u00a0\u00bbon|phone\u00a0\u00bb header_4_font_size_tablet=\u00a0\u00bb\u00a0\u00bb header_4_font_size_phone=\u00a0\u00bb18px\u00a0\u00bb header_4_font_size_last_edited=\u00a0\u00bbon|phone\u00a0\u00bb global_colors_info=\u00a0\u00bb{}\u00a0\u00bb]<\/p>\n<h2>\u00c9coles<\/h2>\n<p>&nbsp;<\/p>\n<h3>\u00c9cole Vall\u00e9e des Voyageurs<\/h3>\n<p><strong style=\"font-size: 20px;\"><\/strong><\/p>\n<h4>Immeuble Sainte-Marie<\/h4>\n<p>Adresse : 19 rue Church, Quyon, QC J0X 2V0<br \/>T\u00e9l\u00e9phone : <a href=\"tel:8195038808\">(819) 503-8808<\/a><\/p>\n<p>&nbsp;<\/p>\n<h4>Immeuble Notre-Dame-de-la-Joie<\/h4>\n<p>Adresse : 14 Chemin du Village, Luskville, QC J0X 2G0<br \/>T\u00e9l\u00e9phone : <a href=\"tel:8195038808\">(819) 503-8808<\/a><\/p>\n<p>&nbsp;<\/p>\n<h3>Onslow Elementary School<\/h3>\n<p>Adresse : 850 Rue de Clarendon, Quyon, QC J0X 2V0<br \/>T\u00e9l\u00e9phone : <a href=\"tel:8194582375\">(819) 458-2375<\/a><\/p>\n<p>[\/et_pb_text][\/et_pb_column][\/et_pb_row][\/et_pb_section][et_pb_section fb_built=\u00a0\u00bb1&Prime; _builder_version=\u00a0\u00bb4.19.0&Prime; _module_preset=\u00a0\u00bbdefault\u00a0\u00bb background_color=\u00a0\u00bb#e5e5e5&Prime; hover_enabled=\u00a0\u00bb0&Prime; global_colors_info=\u00a0\u00bb{}\u00a0\u00bb background_enable_image=\u00a0\u00bboff\u00a0\u00bb sticky_enabled=\u00a0\u00bb0&Prime;][et_pb_row module_id=\u00a0\u00bbcommissions-scolaires\u00a0\u00bb _builder_version=\u00a0\u00bb4.16&Prime; _module_preset=\u00a0\u00bbdefault\u00a0\u00bb custom_margin=\u00a0\u00bb||||false|false\u00a0\u00bb global_colors_info=\u00a0\u00bb{}\u00a0\u00bb][et_pb_column type=\u00a0\u00bb4_4&Prime; _builder_version=\u00a0\u00bb4.16&Prime; _module_preset=\u00a0\u00bbdefault\u00a0\u00bb global_colors_info=\u00a0\u00bb{}\u00a0\u00bb][et_pb_text quote_border_color=\u00a0\u00bb#7ab317&Prime; _builder_version=\u00a0\u00bb4.16&Prime; _module_preset=\u00a0\u00bbdefault\u00a0\u00bb text_font=\u00a0\u00bbRoboto|300|||||||\u00a0\u00bb link_font=\u00a0\u00bb|700|||||||\u00a0\u00bb link_text_color=\u00a0\u00bb#0f6a80&Prime; header_2_font=\u00a0\u00bbQuestrial||||||||\u00a0\u00bb header_2_font_size=\u00a0\u00bb48px\u00a0\u00bb header_3_font=\u00a0\u00bbQuestrial||||||||\u00a0\u00bb header_3_font_size=\u00a0\u00bb28px\u00a0\u00bb header_4_font=\u00a0\u00bbQuestrial||||||||\u00a0\u00bb header_4_font_size=\u00a0\u00bb22px\u00a0\u00bb header_4_letter_spacing=\u00a0\u00bb1px\u00a0\u00bb text_font_size_tablet=\u00a0\u00bb16px\u00a0\u00bb text_font_size_phone=\u00a0\u00bb16px\u00a0\u00bb text_font_size_last_edited=\u00a0\u00bbon|phone\u00a0\u00bb header_font_size_tablet=\u00a0\u00bb60px\u00a0\u00bb header_font_size_phone=\u00a0\u00bb40px\u00a0\u00bb header_font_size_last_edited=\u00a0\u00bbon|phone\u00a0\u00bb header_2_font_size_tablet=\u00a0\u00bb40px\u00a0\u00bb header_2_font_size_phone=\u00a0\u00bb30px\u00a0\u00bb header_2_font_size_last_edited=\u00a0\u00bbon|desktop\u00a0\u00bb header_3_font_size_tablet=\u00a0\u00bb\u00a0\u00bb header_3_font_size_phone=\u00a0\u00bb22px\u00a0\u00bb header_3_font_size_last_edited=\u00a0\u00bbon|phone\u00a0\u00bb header_4_font_size_tablet=\u00a0\u00bb\u00a0\u00bb header_4_font_size_phone=\u00a0\u00bb18px\u00a0\u00bb header_4_font_size_last_edited=\u00a0\u00bbon|tablet\u00a0\u00bb global_colors_info=\u00a0\u00bb{}\u00a0\u00bb]<\/p>\n<h2>Commissions scolaires<\/h2>\n<p>&nbsp;<\/p>\n<h3>Commission Scolaire Western Quebec<\/h3>\n<p>T\u00e9l\u00e9phone : <a href=\"tel:8196842336\">(819) 684-2336<\/a><br \/>T\u00e9l\u00e9phone (sans frais) : <a href=\"tel:18003639111\">1 (800) 363.9111<\/a><br \/>T\u00e9l\u00e9copieur : (819) 684-1328<br \/>Courriel :\u00a0<a href=\"mailto:wqsb@wqsb.qc.ca\">wqsb@wqsb.qc.ca<\/a><br \/>Site Web : <a href=\"https:\/\/westernquebec.ca\/fr\/accueil\/\" target=\"_blank\" rel=\"noopener\">https:\/\/westernquebec.ca\/fr\/accueil\/<\/a><\/p>\n<p>&nbsp;<\/p>\n<h3>Commission Scolaire des Portages-de-l&rsquo;Outaouais<\/h3>\n<p>T\u00e9l\u00e9phone :\u00a0<a href=\"tel:8197714548\">(819) 771-4548<\/a><br \/>Courriel :\u00a0<a href=\"mailto:service.ssgc@cspo.qc.ca\u00a0\">service.ssgc@cspo.qc.ca\u00a0<\/a><br \/>Site Web :\u00a0<a href=\"https:\/\/www.csspo.gouv.qc.ca\/\" target=\"_blank\" rel=\"noopener noreferrer\">cspo.qc.ca\/<\/a><\/p>\n<p>[\/et_pb_text][\/et_pb_column][\/et_pb_row][\/et_pb_section][et_pb_section fb_built=\u00a0\u00bb1&Prime; _builder_version=\u00a0\u00bb4.19.0&Prime; _module_preset=\u00a0\u00bbdefault\u00a0\u00bb hover_enabled=\u00a0\u00bb0&Prime; global_colors_info=\u00a0\u00bb{}\u00a0\u00bb background_enable_image=\u00a0\u00bboff\u00a0\u00bb sticky_enabled=\u00a0\u00bb0&Prime;][et_pb_row module_id=\u00a0\u00bbcpe\u00a0\u00bb _builder_version=\u00a0\u00bb4.16&Prime; _module_preset=\u00a0\u00bbdefault\u00a0\u00bb custom_margin=\u00a0\u00bb||||false|false\u00a0\u00bb global_colors_info=\u00a0\u00bb{}\u00a0\u00bb][et_pb_column type=\u00a0\u00bb4_4&Prime; _builder_version=\u00a0\u00bb4.16&Prime; _module_preset=\u00a0\u00bbdefault\u00a0\u00bb global_colors_info=\u00a0\u00bb{}\u00a0\u00bb][et_pb_text quote_border_color=\u00a0\u00bb#7ab317&Prime; _builder_version=\u00a0\u00bb4.16&Prime; _module_preset=\u00a0\u00bbdefault\u00a0\u00bb text_font=\u00a0\u00bbRoboto|300|||||||\u00a0\u00bb link_font=\u00a0\u00bb|700|||||||\u00a0\u00bb link_text_color=\u00a0\u00bb#0f6a80&Prime; header_2_font=\u00a0\u00bbQuestrial||||||||\u00a0\u00bb header_2_font_size=\u00a0\u00bb48px\u00a0\u00bb header_3_font=\u00a0\u00bbQuestrial||||||||\u00a0\u00bb header_3_font_size=\u00a0\u00bb28px\u00a0\u00bb header_4_font=\u00a0\u00bbQuestrial||||||||\u00a0\u00bb header_4_font_size=\u00a0\u00bb22px\u00a0\u00bb header_4_letter_spacing=\u00a0\u00bb1px\u00a0\u00bb text_font_size_tablet=\u00a0\u00bb16px\u00a0\u00bb text_font_size_phone=\u00a0\u00bb16px\u00a0\u00bb text_font_size_last_edited=\u00a0\u00bbon|phone\u00a0\u00bb header_font_size_tablet=\u00a0\u00bb60px\u00a0\u00bb header_font_size_phone=\u00a0\u00bb40px\u00a0\u00bb header_font_size_last_edited=\u00a0\u00bbon|phone\u00a0\u00bb header_2_font_size_tablet=\u00a0\u00bb40px\u00a0\u00bb header_2_font_size_phone=\u00a0\u00bb30px\u00a0\u00bb header_2_font_size_last_edited=\u00a0\u00bbon|desktop\u00a0\u00bb header_3_font_size_tablet=\u00a0\u00bb\u00a0\u00bb header_3_font_size_phone=\u00a0\u00bb22px\u00a0\u00bb header_3_font_size_last_edited=\u00a0\u00bbon|phone\u00a0\u00bb header_4_font_size_tablet=\u00a0\u00bb\u00a0\u00bb header_4_font_size_phone=\u00a0\u00bb18px\u00a0\u00bb header_4_font_size_last_edited=\u00a0\u00bbon|tablet\u00a0\u00bb global_colors_info=\u00a0\u00bb{}\u00a0\u00bb]<\/p>\n<h2>Centre de la petite enfance (CPE)<\/h2>\n<p>&nbsp;<\/p>\n<h3>L\u2019Univers des Bambinos<\/h3>\n<p>Centre de la petite enfance<br \/>Adresse : 1955 Chemin de la Montagne, Luskville, QC J0X 2G0<br \/>T\u00e9l\u00e9phone : <a href=\"tel:8194559697\">(819) 455-9697<\/a><br \/>Site Web :\u00a0<a href=\"https:\/\/cdcpontiac.org\/nos-membres\/univers-des-bambinos-2\/\" target=\"_blank\" rel=\"noopener noreferrer\">https:\/\/cdcpontiac.org\/nos-membres\/univers-des-bambinos-2\/<\/a><\/p>\n<p>[\/et_pb_text][\/et_pb_column][\/et_pb_row][\/et_pb_section]<\/p>\n","protected":false},"excerpt":{"rendered":"<p>\u00c9coles, commissions scolaires et CPECitoyens \/ Loisirs et vie communautaire \/ Bottin des ressources \/ \u00c9coles, commissions scolaires et CPESur cette page : \u00c9coles Commissions scolaires Centre de la petite enfance (CPE) \u00c9coles &nbsp; \u00c9cole Vall\u00e9e des Voyageurs Immeuble Sainte-Marie Adresse : 19 rue Church, Quyon, QC J0X 2V0T\u00e9l\u00e9phone : (819) 503-8808 &nbsp; Immeuble Notre-Dame-de-la-Joie [&hellip;]<\/p>\n","protected":false},"author":1,"featured_media":0,"parent":0,"menu_order":0,"comment_status":"closed","ping_status":"closed","template":"","meta":{"_et_pb_use_builder":"on","_et_pb_old_content":"<!-- wp:divi\/placeholder \/-->","_et_gb_content_width":"","footnotes":""},"class_list":["post-1875","page","type-page","status-publish","hentry"],"_links":{"self":[{"href":"https:\/\/municipalitepontiac.com\/en\/wp-json\/wp\/v2\/pages\/1875","targetHints":{"allow":["GET"]}}],"collection":[{"href":"https:\/\/municipalitepontiac.com\/en\/wp-json\/wp\/v2\/pages"}],"about":[{"href":"https:\/\/municipalitepontiac.com\/en\/wp-json\/wp\/v2\/types\/page"}],"author":[{"embeddable":true,"href":"https:\/\/municipalitepontiac.com\/en\/wp-json\/wp\/v2\/users\/1"}],"replies":[{"embeddable":true,"href":"https:\/\/municipalitepontiac.com\/en\/wp-json\/wp\/v2\/comments?post=1875"}],"version-history":[{"count":46,"href":"https:\/\/municipalitepontiac.com\/en\/wp-json\/wp\/v2\/pages\/1875\/revisions"}],"predecessor-version":[{"id":18964,"href":"https:\/\/municipalitepontiac.com\/en\/wp-json\/wp\/v2\/pages\/1875\/revisions\/18964"}],"wp:attachment":[{"href":"https:\/\/municipalitepontiac.com\/en\/wp-json\/wp\/v2\/media?parent=1875"}],"curies":[{"name":"wp","href":"https:\/\/api.w.org\/{rel}","templated":true}]}}