{"id":1939,"date":"2020-11-11T13:37:31","date_gmt":"2020-11-11T18:37:31","guid":{"rendered":"https:\/\/municipalitepontiac.com\/?page_id=1939"},"modified":"2023-10-30T23:15:56","modified_gmt":"2023-10-31T03:15:56","slug":"chasse-et-restrictions","status":"publish","type":"page","link":"https:\/\/municipalitepontiac.com\/en\/chasse-et-restrictions\/","title":{"rendered":"Hunting Restrictions"},"content":{"rendered":"<p>[et_pb_section fb_built=\u00a0\u00bb1&Prime; _builder_version=\u00a0\u00bb4.16&Prime; _module_preset=\u00a0\u00bbdefault\u00a0\u00bb background_enable_color=\u00a0\u00bboff\u00a0\u00bb use_background_color_gradient=\u00a0\u00bbon\u00a0\u00bb background_color_gradient_stops=\u00a0\u00bbrgba(123,180,42,0.8) 0%|rgba(15,106,128,0.6) 100%\u00a0\u00bb background_color_gradient_overlays_image=\u00a0\u00bbon\u00a0\u00bb background_color_gradient_start=\u00a0\u00bbrgba(123,180,42,0.8)\u00a0\u00bb background_color_gradient_end=\u00a0\u00bbrgba(15,106,128,0.6)\u00a0\u00bb background_image=\u00a0\u00bbhttps:\/\/municipalitepontiac.com\/wp-content\/uploads\/2020\/11\/chasse-scaled.jpg\u00a0\u00bb hover_enabled=\u00a0\u00bb0&Prime; locked=\u00a0\u00bboff\u00a0\u00bb global_colors_info=\u00a0\u00bb{}\u00a0\u00bb sticky_enabled=\u00a0\u00bb0&Prime;][et_pb_row _builder_version=\u00a0\u00bb4.16&Prime; _module_preset=\u00a0\u00bbdefault\u00a0\u00bb global_colors_info=\u00a0\u00bb{}\u00a0\u00bb][et_pb_column type=\u00a0\u00bb4_4&Prime; _builder_version=\u00a0\u00bb4.16&Prime; _module_preset=\u00a0\u00bbdefault\u00a0\u00bb global_colors_info=\u00a0\u00bb{}\u00a0\u00bb][et_pb_text _builder_version=\u00a0\u00bb4.16&Prime; _module_preset=\u00a0\u00bbdefault\u00a0\u00bb text_font=\u00a0\u00bbRoboto|300|||||||\u00a0\u00bb link_text_color=\u00a0\u00bb#0f6a80&Prime; header_text_color=\u00a0\u00bb#ffffff\u00a0\u00bb header_2_font=\u00a0\u00bbQuestrial||||||||\u00a0\u00bb header_2_font_size=\u00a0\u00bb48px\u00a0\u00bb header_3_font=\u00a0\u00bbQuestrial||||||||\u00a0\u00bb header_3_font_size=\u00a0\u00bb28px\u00a0\u00bb header_4_font=\u00a0\u00bbQuestrial||||||||\u00a0\u00bb custom_margin=\u00a0\u00bb||||false|false\u00a0\u00bb text_font_size_tablet=\u00a0\u00bb16px\u00a0\u00bb text_font_size_phone=\u00a0\u00bb16px\u00a0\u00bb text_font_size_last_edited=\u00a0\u00bbon|phone\u00a0\u00bb header_font_size_tablet=\u00a0\u00bb60px\u00a0\u00bb header_font_size_phone=\u00a0\u00bb40px\u00a0\u00bb header_font_size_last_edited=\u00a0\u00bbon|phone\u00a0\u00bb header_2_font_size_tablet=\u00a0\u00bb40px\u00a0\u00bb header_2_font_size_phone=\u00a0\u00bb30px\u00a0\u00bb header_2_font_size_last_edited=\u00a0\u00bbon|desktop\u00a0\u00bb header_3_font_size_tablet=\u00a0\u00bb\u00a0\u00bb header_3_font_size_phone=\u00a0\u00bb22px\u00a0\u00bb header_3_font_size_last_edited=\u00a0\u00bbon|phone\u00a0\u00bb header_4_font_size_tablet=\u00a0\u00bb\u00a0\u00bb header_4_font_size_phone=\u00a0\u00bb\u00a0\u00bb header_4_font_size_last_edited=\u00a0\u00bbon|phone\u00a0\u00bb global_colors_info=\u00a0\u00bb{}\u00a0\u00bb]<\/p>\n<h1 style=\"text-align: left;\">Chasse et restrictions<\/h1>\n<p>[\/et_pb_text][\/et_pb_column][\/et_pb_row][\/et_pb_section][et_pb_section fb_built=\u00a0\u00bb1&Prime; _builder_version=\u00a0\u00bb4.19.0&Prime; _module_preset=\u00a0\u00bbdefault\u00a0\u00bb hover_enabled=\u00a0\u00bb0&Prime; global_colors_info=\u00a0\u00bb{}\u00a0\u00bb background_enable_image=\u00a0\u00bboff\u00a0\u00bb sticky_enabled=\u00a0\u00bb0&Prime;][et_pb_row _builder_version=\u00a0\u00bb4.16&Prime; _module_preset=\u00a0\u00bbdefault\u00a0\u00bb locked=\u00a0\u00bboff\u00a0\u00bb global_colors_info=\u00a0\u00bb{}\u00a0\u00bb][et_pb_column type=\u00a0\u00bb4_4&Prime; _builder_version=\u00a0\u00bb4.16&Prime; _module_preset=\u00a0\u00bbdefault\u00a0\u00bb global_colors_info=\u00a0\u00bb{}\u00a0\u00bb][et_pb_text _builder_version=\u00a0\u00bb4.16&Prime; _module_preset=\u00a0\u00bbdefault\u00a0\u00bb text_font=\u00a0\u00bbRoboto|300|||||||\u00a0\u00bb text_text_color=\u00a0\u00bb#000000&Prime; header_2_font=\u00a0\u00bbQuestrial||||||||\u00a0\u00bb header_2_font_size=\u00a0\u00bb48px\u00a0\u00bb header_2_font_size_tablet=\u00a0\u00bb\u00a0\u00bb header_2_font_size_phone=\u00a0\u00bb36px\u00a0\u00bb header_2_font_size_last_edited=\u00a0\u00bbon|phone\u00a0\u00bb global_colors_info=\u00a0\u00bb{}\u00a0\u00bb]<\/p>\n<p>Citoyens \/ Loisirs et vie communautaire\u00a0\/\u00a0 Bottin des ressources \/ Chasse et restrictions<\/p>\n<p>[\/et_pb_text][\/et_pb_column][\/et_pb_row][et_pb_row disabled_on=\u00a0\u00bboff|off|off\u00a0\u00bb _builder_version=\u00a0\u00bb4.16&Prime; _module_preset=\u00a0\u00bbdefault\u00a0\u00bb global_colors_info=\u00a0\u00bb{}\u00a0\u00bb][et_pb_column type=\u00a0\u00bb4_4&Prime; _builder_version=\u00a0\u00bb4.16&Prime; _module_preset=\u00a0\u00bbdefault\u00a0\u00bb global_colors_info=\u00a0\u00bb{}\u00a0\u00bb][et_pb_text quote_border_color=\u00a0\u00bb#7ab317&Prime; _builder_version=\u00a0\u00bb4.16&Prime; _module_preset=\u00a0\u00bbdefault\u00a0\u00bb text_font=\u00a0\u00bbRoboto|300|||||||\u00a0\u00bb text_text_color=\u00a0\u00bb#000000&Prime; link_font=\u00a0\u00bbRoboto|700|||||||\u00a0\u00bb link_text_color=\u00a0\u00bb#0f6a80&Prime; header_2_font=\u00a0\u00bbQuestrial||||||||\u00a0\u00bb header_2_font_size=\u00a0\u00bb48px\u00a0\u00bb header_3_font=\u00a0\u00bbQuestrial||||||||\u00a0\u00bb header_3_font_size=\u00a0\u00bb28px\u00a0\u00bb header_4_font=\u00a0\u00bbQuestrial||||||||\u00a0\u00bb header_4_font_size=\u00a0\u00bb22px\u00a0\u00bb header_4_letter_spacing=\u00a0\u00bb1px\u00a0\u00bb text_font_size_tablet=\u00a0\u00bb16px\u00a0\u00bb text_font_size_phone=\u00a0\u00bb16px\u00a0\u00bb text_font_size_last_edited=\u00a0\u00bbon|phone\u00a0\u00bb header_font_size_tablet=\u00a0\u00bb60px\u00a0\u00bb header_font_size_phone=\u00a0\u00bb40px\u00a0\u00bb header_font_size_last_edited=\u00a0\u00bbon|phone\u00a0\u00bb header_2_font_size_tablet=\u00a0\u00bb40px\u00a0\u00bb header_2_font_size_phone=\u00a0\u00bb30px\u00a0\u00bb header_2_font_size_last_edited=\u00a0\u00bbon|desktop\u00a0\u00bb header_3_font_size_tablet=\u00a0\u00bb\u00a0\u00bb header_3_font_size_phone=\u00a0\u00bb22px\u00a0\u00bb header_3_font_size_last_edited=\u00a0\u00bbon|phone\u00a0\u00bb header_4_font_size_tablet=\u00a0\u00bb\u00a0\u00bb header_4_font_size_phone=\u00a0\u00bb18px\u00a0\u00bb header_4_font_size_last_edited=\u00a0\u00bbon|tablet\u00a0\u00bb global_colors_info=\u00a0\u00bb{}\u00a0\u00bb]<\/p>\n<h2>Restrictions du tir \u00e0 partir des chemins publics<\/h2>\n<p>&nbsp;<\/p>\n<p>Selon la r\u00e9glementation provinciale sur la chasse sportive au Qu\u00e9bec relevant du Minist\u00e8re des Ressources Naturelles et de la Faune, un chasseur ne peut tirer (arbal\u00e8te, arc, armes \u00e0 feu) sur un animal \u00e0 partir d&rsquo;un chemin public, y compris la largeur de 10 m\u00e8tres de chaque c\u00f4t\u00e9 ext\u00e9rieur de l&rsquo;accotement (voir sch\u00e9ma suivant). Il ne peut \u00e9galement tirer sur un animal se trouvant sur un chemin public ou tirer en travers d&rsquo;un tel chemin.<\/p>\n<p>&nbsp;<\/p>\n<p>Ces interdictions s&rsquo;appliquent dans notre zone (10). Toutefois, elles ne s&rsquo;appliquent pas au chasseur de petit gibier lorsqu&rsquo;il utilise :<\/p>\n<p>&nbsp;<\/p>\n<ul>\n<li>un fusil avec des cartouches \u00e0 projectiles d&rsquo;un diam\u00e8tre inf\u00e9rieur \u00e0 5,6 millim\u00e8tres;<\/li>\n<li>un fusil ou une carabine \u00e0 chargement par la bouche ou par la culasse, sans douille, avec des projectiles d&rsquo;un diam\u00e8tre inf\u00e9rieur \u00e0 5,6 millim\u00e8tres pour les fusils et d&rsquo;un diam\u00e8tre \u00e9gal ou inf\u00e9rieur \u00e0 9,14 millim\u00e8tres (.36) pour les carabines;<\/li>\n<li>un arc ou une arbal\u00e8te.<\/li>\n<\/ul>\n<p>&nbsp;<\/p>\n<p>Ce chasseur et ce petit gibier ne doivent cependant pas se trouver \u00e0 moins de 100 m\u00e8tres d&rsquo;un b\u00e2timent destin\u00e9 \u00e0 loger des personnes, \u00e0 abriter des animaux ou \u00e0 placer des choses.<\/p>\n<p>&nbsp;<\/p>\n<p><strong>Attention<\/strong> : Le dindon sauvage n&rsquo;est pas un petit gibier. Ces dispositions s&rsquo;appliquent donc int\u00e9gralement \u00e0 cette esp\u00e8ce.<\/p>\n<p>&nbsp;<\/p>\n<p>Un chemin public d\u00e9signe tout chemin dont l&rsquo;entretien est \u00e0 la charge d&rsquo;une municipalit\u00e9, d&rsquo;un gouvernement ou de l&rsquo;un de ses organismes, et sur lequel sont am\u00e9nag\u00e9es une ou plusieurs chauss\u00e9es ouvertes \u00e0 la circulation publique des v\u00e9hicules routiers, \u00e0 l&rsquo;exception des chemins soumis \u00e0 l&rsquo;administration du minist\u00e8re des Ressources naturelles et de la Faune ou du minist\u00e8re de l&rsquo;Agriculture, des P\u00eacheries et de l&rsquo;Alimentation ou entretenus par l&rsquo;un d&rsquo;eux.<\/p>\n<p>\u00a0<a href=\"http:\/\/sp.mrcdescollinesdeloutaouais.qc.ca\/upload\/userfiles\/files\/Affiche%20interdiction%20chasse_francais(1).pdf\" target=\"_blank\" rel=\"noopener\">Affiche &#8211; interdiction de chasse sur un terrain priv\u00e9<\/a><\/p>\n<p>Pour plus de d\u00e9tails sur la chasse sportive au Qu\u00e9bec et les r\u00e8gles principales, veuillez consulter le site du <strong><a href=\"https:\/\/mern.gouv.qc.ca\/\" target=\"_blank\" rel=\"noopener noreferrer\">Minist\u00e8re des Ressources Naturelles et de la Faune<\/a>.<\/strong><\/p>\n<p>[\/et_pb_text][\/et_pb_column][\/et_pb_row][\/et_pb_section]<\/p>\n","protected":false},"excerpt":{"rendered":"<p>Chasse et restrictionsCitoyens \/ Loisirs et vie communautaire\u00a0\/\u00a0 Bottin des ressources \/ Chasse et restrictionsRestrictions du tir \u00e0 partir des chemins publics &nbsp; Selon la r\u00e9glementation provinciale sur la chasse sportive au Qu\u00e9bec relevant du Minist\u00e8re des Ressources Naturelles et de la Faune, un chasseur ne peut tirer (arbal\u00e8te, arc, armes \u00e0 feu) sur un [&hellip;]<\/p>\n","protected":false},"author":1,"featured_media":0,"parent":0,"menu_order":0,"comment_status":"closed","ping_status":"closed","template":"","meta":{"_et_pb_use_builder":"on","_et_pb_old_content":"<!-- wp:divi\/placeholder \/-->","_et_gb_content_width":"","footnotes":""},"class_list":["post-1939","page","type-page","status-publish","hentry"],"_links":{"self":[{"href":"https:\/\/municipalitepontiac.com\/en\/wp-json\/wp\/v2\/pages\/1939","targetHints":{"allow":["GET"]}}],"collection":[{"href":"https:\/\/municipalitepontiac.com\/en\/wp-json\/wp\/v2\/pages"}],"about":[{"href":"https:\/\/municipalitepontiac.com\/en\/wp-json\/wp\/v2\/types\/page"}],"author":[{"embeddable":true,"href":"https:\/\/municipalitepontiac.com\/en\/wp-json\/wp\/v2\/users\/1"}],"replies":[{"embeddable":true,"href":"https:\/\/municipalitepontiac.com\/en\/wp-json\/wp\/v2\/comments?post=1939"}],"version-history":[{"count":25,"href":"https:\/\/municipalitepontiac.com\/en\/wp-json\/wp\/v2\/pages\/1939\/revisions"}],"predecessor-version":[{"id":18929,"href":"https:\/\/municipalitepontiac.com\/en\/wp-json\/wp\/v2\/pages\/1939\/revisions\/18929"}],"wp:attachment":[{"href":"https:\/\/municipalitepontiac.com\/en\/wp-json\/wp\/v2\/media?parent=1939"}],"curies":[{"name":"wp","href":"https:\/\/api.w.org\/{rel}","templated":true}]}}