{"id":19626,"date":"2024-04-12T22:12:28","date_gmt":"2024-04-13T02:12:28","guid":{"rendered":"https:\/\/municipalitepontiac.com\/?page_id=19626"},"modified":"2026-02-03T11:58:44","modified_gmt":"2026-02-03T16:58:44","slug":"projet-de-refonte-des-reglements-durbanisme-2024","status":"publish","type":"page","link":"https:\/\/municipalitepontiac.com\/en\/urbanisme\/projet-de-refonte-des-reglements-durbanisme-2024\/","title":{"rendered":"Urban Planning Bylaws Now in Effect"},"content":{"rendered":"<p>[et_pb_section fb_built=\u00a0\u00bb1&Prime; _builder_version=\u00a0\u00bb4.19.0&Prime; _module_preset=\u00a0\u00bbdefault\u00a0\u00bb background_enable_color=\u00a0\u00bboff\u00a0\u00bb use_background_color_gradient=\u00a0\u00bbon\u00a0\u00bb background_color_gradient_stops=\u00a0\u00bbrgba(123,180,42,0.8) 0%|rgba(15,106,128,0.6) 100%\u00a0\u00bb background_color_gradient_overlays_image=\u00a0\u00bbon\u00a0\u00bb background_color_gradient_start=\u00a0\u00bbrgba(123,180,42,0.8)\u00a0\u00bb background_color_gradient_end=\u00a0\u00bbrgba(15,106,128,0.6)\u00a0\u00bb background_image=\u00a0\u00bbhttps:\/\/municipalitepontiac.com\/wp-content\/uploads\/2021\/02\/pexels-cottonbro-opt.jpg\u00a0\u00bb background_position=\u00a0\u00bbbottom_center\u00a0\u00bb locked=\u00a0\u00bboff\u00a0\u00bb global_colors_info=\u00a0\u00bb{}\u00a0\u00bb][et_pb_row _builder_version=\u00a0\u00bb4.16&Prime; _module_preset=\u00a0\u00bbdefault\u00a0\u00bb global_colors_info=\u00a0\u00bb{}\u00a0\u00bb][et_pb_column type=\u00a0\u00bb4_4&Prime; _builder_version=\u00a0\u00bb4.16&Prime; _module_preset=\u00a0\u00bbdefault\u00a0\u00bb global_colors_info=\u00a0\u00bb{}\u00a0\u00bb][et_pb_text quote_border_color=\u00a0\u00bb#7ab317&Prime; _builder_version=\u00a0\u00bb4.19.0&Prime; _module_preset=\u00a0\u00bbdefault\u00a0\u00bb text_font=\u00a0\u00bbRoboto|300|||||||\u00a0\u00bb link_text_color=\u00a0\u00bb#0f6a80&Prime; header_text_color=\u00a0\u00bb#ffffff\u00a0\u00bb header_2_font=\u00a0\u00bbQuestrial||||||||\u00a0\u00bb header_2_font_size=\u00a0\u00bb48px\u00a0\u00bb header_3_font=\u00a0\u00bbQuestrial||||||||\u00a0\u00bb header_3_font_size=\u00a0\u00bb28px\u00a0\u00bb header_4_font=\u00a0\u00bbQuestrial||||||||\u00a0\u00bb header_4_font_size=\u00a0\u00bb22px\u00a0\u00bb header_4_letter_spacing=\u00a0\u00bb1px\u00a0\u00bb text_font_size_tablet=\u00a0\u00bb16px\u00a0\u00bb text_font_size_phone=\u00a0\u00bb16px\u00a0\u00bb text_font_size_last_edited=\u00a0\u00bbon|phone\u00a0\u00bb header_font_size_tablet=\u00a0\u00bb60px\u00a0\u00bb header_font_size_phone=\u00a0\u00bb40px\u00a0\u00bb header_font_size_last_edited=\u00a0\u00bbon|phone\u00a0\u00bb header_2_font_size_tablet=\u00a0\u00bb40px\u00a0\u00bb header_2_font_size_phone=\u00a0\u00bb30px\u00a0\u00bb header_2_font_size_last_edited=\u00a0\u00bbon|desktop\u00a0\u00bb header_3_font_size_tablet=\u00a0\u00bb\u00a0\u00bb header_3_font_size_phone=\u00a0\u00bb22px\u00a0\u00bb header_3_font_size_last_edited=\u00a0\u00bbon|phone\u00a0\u00bb header_4_font_size_tablet=\u00a0\u00bb\u00a0\u00bb header_4_font_size_phone=\u00a0\u00bb18px\u00a0\u00bb header_4_font_size_last_edited=\u00a0\u00bbon|phone\u00a0\u00bb global_colors_info=\u00a0\u00bb{}\u00a0\u00bb]<\/p>\n<h1 style=\"text-align: left;\">R\u00e8glements d\u2019urbanisme en vigueur<\/h1>\n<p>[\/et_pb_text][\/et_pb_column][\/et_pb_row][\/et_pb_section][et_pb_section fb_built=\u00a0\u00bb1&Prime; admin_label=\u00a0\u00bbSection\u00a0\u00bb _builder_version=\u00a0\u00bb4.19.0&Prime; _module_preset=\u00a0\u00bbdefault\u00a0\u00bb global_colors_info=\u00a0\u00bb{}\u00a0\u00bb][et_pb_row _builder_version=\u00a0\u00bb4.19.0&Prime; _module_preset=\u00a0\u00bbdefault\u00a0\u00bb global_colors_info=\u00a0\u00bb{}\u00a0\u00bb][et_pb_column type=\u00a0\u00bb4_4&Prime; _builder_version=\u00a0\u00bb4.19.0&Prime; _module_preset=\u00a0\u00bbdefault\u00a0\u00bb global_colors_info=\u00a0\u00bb{}\u00a0\u00bb][et_pb_text admin_label=\u00a0\u00bbText\u00a0\u00bb _builder_version=\u00a0\u00bb4.19.0&Prime; _module_preset=\u00a0\u00bbdefault\u00a0\u00bb global_colors_info=\u00a0\u00bb{}\u00a0\u00bb]<\/p>\n<h2><b>Cartovista:\u00a0<\/b><\/h2>\n<p><span style=\"font-weight: 400;\">Cartovista est un outil cartographique avanc\u00e9 con\u00e7u pour fournir une vue compl\u00e8te et d\u00e9taill\u00e9e des donn\u00e9es g\u00e9ographiques essentielles. Avec Cartovista, vous pouvez acc\u00e9der aux \u00e9l\u00e9ments suivants :<\/span><\/p>\n<ul>\n<li style=\"font-weight: 400;\" aria-level=\"1\"><span style=\"font-weight: 400;\">L\u2019affectation au sch\u00e9ma d\u2019am\u00e9nagement et de d\u00e9veloppement r\u00e9vis\u00e9<\/span><\/li>\n<li style=\"font-weight: 400;\" aria-level=\"1\"><span style=\"font-weight: 400;\">La grille de zonage<\/span><\/li>\n<li style=\"font-weight: 400;\" aria-level=\"1\"><span style=\"font-weight: 400;\">Le p\u00e9rim\u00e8tre du lot<\/span><\/li>\n<li style=\"font-weight: 400;\" aria-level=\"1\"><span style=\"font-weight: 400;\">La superficie du lot<\/span><\/li>\n<li style=\"font-weight: 400;\" aria-level=\"1\"><span style=\"font-weight: 400;\">Les contraintes naturelles<\/span><\/li>\n<li style=\"font-weight: 400;\" aria-level=\"1\"><span style=\"font-weight: 400;\">Les zones de mouvement de masse<\/span><\/li>\n<li style=\"font-weight: 400;\" aria-level=\"1\"><span style=\"font-weight: 400;\">Les informations g\u00e9n\u00e9rales d\u2019unit\u00e9 d\u2019\u00e9valuation<\/span><\/li>\n<\/ul>\n<p><span style=\"font-weight: 400;\">Pour consulter Cartovista, <\/span><a href=\"https:\/\/cloud.cartovista.com\/pontiac\/maps\/a782c\/Zonage-et-contraines\"><span style=\"font-weight: 400;\">cliquez ici<\/span><\/a><span style=\"font-weight: 400;\">.<\/span><\/p>\n<p><span style=\"font-weight: 400;\">*Pour d\u00e9terminer l&rsquo;identification exacte de la zone o\u00f9 se situe votre b\u00e2timent et consulter la r\u00e9glementation correspondante, veuillez consulter le plan de zonage ci-dessous*<\/span><\/p>\n<p>[\/et_pb_text][et_pb_text _builder_version=\u00a0\u00bb4.19.0&Prime; _module_preset=\u00a0\u00bbdefault\u00a0\u00bb global_colors_info=\u00a0\u00bb{}\u00a0\u00bb]<\/p>\n<h2><b>Plan de zonage:\u00a0<\/b><\/h2>\n<p><span style=\"font-weight: 400;\">Veuillez consulter ce plan de zonage pour d\u00e9terminer la zone pr\u00e9cise de votre b\u00e2timent. Vous pourrez ensuite v\u00e9rifier les r\u00e9glementations applicables \u00e0 cette zone.<\/span><\/p>\n<p><a href=\"https:\/\/municipalitepontiac.com\/wp-content\/uploads\/2024\/10\/230927-Plan-de-zonage-Pontiac.pdf\" rel=\"attachment wp-att-20204\">230927 &#8211; Plan de zonage &#8211; Pontiac<\/a><\/p>\n<p>[\/et_pb_text][et_pb_text _builder_version=\u00a0\u00bb4.19.0&Prime; _module_preset=\u00a0\u00bbdefault\u00a0\u00bb global_colors_info=\u00a0\u00bb{}\u00a0\u00bb]<\/p>\n<h2><strong>Sections des grilles de zonage:<\/strong><\/h2>\n<p>Ce document pr\u00e9sente les r\u00e8gles sp\u00e9cifiques qui encadrent les types d&rsquo;usages autoris\u00e9s dans chaque zone. Vous y trouverez des informations sur les restrictions concernant les superficies, les types de commerces, services, industries, et activit\u00e9s r\u00e9cr\u00e9atives autoris\u00e9es. Le document inclut \u00e9galement les conditions d&#8217;emplacement et les exigences de conformit\u00e9 aux r\u00e8glements municipaux et provinciaux.<\/p>\n<p><a href=\"https:\/\/municipalitepontiac.com\/wp-content\/uploads\/2024\/04\/Dispositions-particulieres-applicables-a-la-grille-des-specifications-1.pdf\" rel=\"attachment wp-att-19822\">Dispositions particulie\u0300res applicables a\u0300 la grille des spe\u0301cifications (1)<\/a><\/p>\n<p>[\/et_pb_text][et_pb_text _builder_version=\u00a0\u00bb4.19.0&Prime; _module_preset=\u00a0\u00bbdefault\u00a0\u00bb link_option_url_new_window=\u00a0\u00bbon\u00a0\u00bb global_colors_info=\u00a0\u00bb{}\u00a0\u00bb]<\/p>\n<h2><b>Sections des grilles de zonage:\u00a0<\/b><\/h2>\n<p><span style=\"font-weight: 400;\">Les documents suivants d\u00e9crivent les r\u00e8glements de zonage pour diff\u00e9rentes cat\u00e9gories d&rsquo;occupations et d&rsquo;activit\u00e9s. Ils pr\u00e9cisent notamment les types d&rsquo;habitations (unifamiliales, bifamiliales, trifamiliales, etc.), les commerces (de d\u00e9tail, de gros, sp\u00e9cialis\u00e9s), les usages r\u00e9cr\u00e9atifs (extensifs et intensifs), les activit\u00e9s agricoles, les industries (\u00e0 nuisance faible ou importante), les \u00e9tablissements publics et institutionnels, ainsi que les espaces verts et de conservation. Il inclut \u00e9galement des d\u00e9tails sur les exigences de construction, telles que les marges de recul et la superficie minimale\/maximale des b\u00e2timents, ainsi que des dispositions particuli\u00e8res applicables \u00e0 certains usages.\u00a0<\/span><\/p>\n<p>&nbsp;<\/p>\n<table style=\"border-collapse: collapse; width: 100%; height: 164px;\" border=\"1\">\n<tbody>\n<tr style=\"height: 95px;\">\n<td style=\"width: 33.3333%; height: 95px;\">\n<p><strong>ZONE U:<\/strong><\/p>\n<p><a href=\"https:\/\/municipalitepontiac.com\/wp-content\/uploads\/2024\/10\/Zone-U-01.pdf\" rel=\"attachment wp-att-20228\">Zone U-01 <\/a><a href=\"https:\/\/municipalitepontiac.com\/wp-content\/uploads\/2024\/04\/Zone-U-02.pdf\" rel=\"attachment wp-att-19629\">Zone U-02<\/a><a href=\"https:\/\/municipalitepontiac.com\/wp-content\/uploads\/2024\/10\/Zone-U-01.pdf\" rel=\"attachment wp-att-20228\"> \u00a0<\/a><a href=\"https:\/\/municipalitepontiac.com\/wp-content\/uploads\/2024\/10\/Zone-U-03.pdf\" rel=\"attachment wp-att-20227\">Zone U-03<\/a><\/p>\n<p><strong>ZONE I<\/strong> : <a href=\"https:\/\/municipalitepontiac.com\/wp-content\/uploads\/2024\/04\/Zone-I-01.pdf\" rel=\"attachment wp-att-19667\">Zone I-01<\/a><\/p>\n<\/td>\n<td style=\"width: 33.3333%; height: 95px;\">\n<p><strong>ZONE AD :\u00a0<\/strong><\/p>\n<p><a href=\"https:\/\/municipalitepontiac.com\/wp-content\/uploads\/2024\/04\/Zone-AD-03.pdf\" rel=\"attachment wp-att-19707\">Zone AD-03<\/a> <a href=\"https:\/\/municipalitepontiac.com\/wp-content\/uploads\/2024\/04\/Zone-AD-05.pdf\" rel=\"attachment wp-att-19706\">Zone AD-05<\/a> <a href=\"https:\/\/municipalitepontiac.com\/wp-content\/uploads\/2024\/04\/Zone-AD-06.pdf\" rel=\"attachment wp-att-19705\">Zone AD-06<\/a> <a href=\"https:\/\/municipalitepontiac.com\/wp-content\/uploads\/2024\/04\/Zone-AD-09.pdf\" rel=\"attachment wp-att-19704\">Zone AD-09<\/a> <a href=\"https:\/\/municipalitepontiac.com\/wp-content\/uploads\/2024\/04\/Zone-AD-12.pdf\" rel=\"attachment wp-att-19703\">Zone AD-12<\/a> <a href=\"https:\/\/municipalitepontiac.com\/wp-content\/uploads\/2024\/04\/Zone-AD-14.pdf\" rel=\"attachment wp-att-19702\">Zone AD-14<\/a> <a href=\"https:\/\/municipalitepontiac.com\/wp-content\/uploads\/2024\/04\/Zone-AD-17.pdf\" rel=\"attachment wp-att-19701\">Zone AD-17<\/a> <a href=\"https:\/\/municipalitepontiac.com\/wp-content\/uploads\/2024\/04\/Zone-AD-18.pdf\" rel=\"attachment wp-att-19700\">Zone AD-18<\/a> <a href=\"https:\/\/municipalitepontiac.com\/wp-content\/uploads\/2024\/04\/Zone-AD-29.pdf\" rel=\"attachment wp-att-19692\">Zone AD-29<\/a> <a href=\"https:\/\/municipalitepontiac.com\/wp-content\/uploads\/2024\/04\/Zone-AD-28.pdf\" rel=\"attachment wp-att-19693\">Zone AD-28<\/a> <a href=\"https:\/\/municipalitepontiac.com\/wp-content\/uploads\/2024\/04\/Zone-AD-27.pdf\" rel=\"attachment wp-att-19694\">Zone AD-27<\/a> <a href=\"https:\/\/municipalitepontiac.com\/wp-content\/uploads\/2024\/04\/Zone-AD-26.pdf\" rel=\"attachment wp-att-19695\">Zone AD-26<\/a> <a href=\"https:\/\/municipalitepontiac.com\/wp-content\/uploads\/2024\/04\/Zone-AD-25.pdf\" rel=\"attachment wp-att-19696\">Zone AD-25<\/a> <a href=\"https:\/\/municipalitepontiac.com\/wp-content\/uploads\/2024\/04\/Zone-AD-21.pdf\" rel=\"attachment wp-att-19697\">Zone AD-21<\/a> <a href=\"https:\/\/municipalitepontiac.com\/wp-content\/uploads\/2024\/04\/Zone-AD-20.pdf\" rel=\"attachment wp-att-19698\">Zone AD-20<\/a> <a href=\"https:\/\/municipalitepontiac.com\/wp-content\/uploads\/2024\/04\/Zone-AD-19.pdf\" rel=\"attachment wp-att-19699\">Zone AD-19<\/a> <a href=\"https:\/\/municipalitepontiac.com\/wp-content\/uploads\/2024\/04\/Zone-AD-30.pdf\" rel=\"attachment wp-att-19691\">Zone AD-30<\/a> <a href=\"https:\/\/municipalitepontiac.com\/wp-content\/uploads\/2024\/04\/Zone-AD-31.pdf\" rel=\"attachment wp-att-19690\">Zone AD-31<\/a> <a href=\"https:\/\/municipalitepontiac.com\/wp-content\/uploads\/2024\/04\/Zone-AD-32.pdf\" rel=\"attachment wp-att-19689\">Zone AD-32<\/a> <a href=\"https:\/\/municipalitepontiac.com\/wp-content\/uploads\/2024\/04\/Zone-AD-33.pdf\" rel=\"attachment wp-att-19688\">Zone AD-33<\/a> <a href=\"https:\/\/municipalitepontiac.com\/wp-content\/uploads\/2024\/04\/Zone-AD-37.pdf\" rel=\"attachment wp-att-19687\">Zone AD-37<\/a> <a href=\"https:\/\/municipalitepontiac.com\/wp-content\/uploads\/2024\/04\/Zone-AD-38.pdf\" rel=\"attachment wp-att-19686\">Zone AD-38<\/a> <a href=\"https:\/\/municipalitepontiac.com\/wp-content\/uploads\/2024\/04\/Zone-AD-39.pdf\" rel=\"attachment wp-att-19685\">Zone AD-39<\/a><\/p>\n<\/td>\n<td style=\"width: 33.3333%; height: 95px;\">\n<p><strong>ZONE AV :<\/strong><\/p>\n<p><a href=\"https:\/\/municipalitepontiac.com\/wp-content\/uploads\/2024\/04\/Zone-AV-01.pdf\" rel=\"attachment wp-att-19684\">Zone AV-01<\/a> <a href=\"https:\/\/municipalitepontiac.com\/wp-content\/uploads\/2024\/04\/Zone-AV-02.pdf\" rel=\"attachment wp-att-19683\">Zone AV-02<\/a> <a href=\"https:\/\/municipalitepontiac.com\/wp-content\/uploads\/2024\/04\/Zone-AV-04.pdf\" rel=\"attachment wp-att-19682\">Zone AV-04<\/a> <a href=\"https:\/\/municipalitepontiac.com\/wp-content\/uploads\/2024\/04\/Zone-AV-07.pdf\" rel=\"attachment wp-att-19681\">Zone AV-07<\/a> <a href=\"https:\/\/municipalitepontiac.com\/wp-content\/uploads\/2024\/04\/Zone-AV-08.pdf\" rel=\"attachment wp-att-19680\">Zone AV-08<\/a> <a href=\"https:\/\/municipalitepontiac.com\/wp-content\/uploads\/2024\/04\/Zone-AV-11.pdf\" rel=\"attachment wp-att-19678\">Zone AV-11<\/a> <a href=\"https:\/\/municipalitepontiac.com\/wp-content\/uploads\/2024\/04\/Zone-AV-10.pdf\" rel=\"attachment wp-att-19679\">Zone AV-10<\/a> <a href=\"https:\/\/municipalitepontiac.com\/wp-content\/uploads\/2024\/04\/Zone-AV-13.pdf\" rel=\"attachment wp-att-19677\">Zone AV-13<\/a> <a href=\"https:\/\/municipalitepontiac.com\/wp-content\/uploads\/2024\/04\/Zone-AV-36.pdf\" rel=\"attachment wp-att-19669\">Zone AV-36<\/a> <a href=\"https:\/\/municipalitepontiac.com\/wp-content\/uploads\/2024\/04\/Zone-AV-35.pdf\" rel=\"attachment wp-att-19670\">Zone AV-35<\/a> <a href=\"https:\/\/municipalitepontiac.com\/wp-content\/uploads\/2024\/04\/Zone-AV-34.pdf\" rel=\"attachment wp-att-19671\">Zone AV-34<\/a> <a href=\"https:\/\/municipalitepontiac.com\/wp-content\/uploads\/2024\/04\/Zone-AV-24.pdf\" rel=\"attachment wp-att-19672\">Zone AV-24<\/a> <a href=\"https:\/\/municipalitepontiac.com\/wp-content\/uploads\/2024\/04\/Zone-AV-23.pdf\" rel=\"attachment wp-att-19673\">Zone AV-23<\/a> <a href=\"https:\/\/municipalitepontiac.com\/wp-content\/uploads\/2024\/04\/Zone-AV-22.pdf\" rel=\"attachment wp-att-19674\">Zone AV-22<\/a> <a href=\"https:\/\/municipalitepontiac.com\/wp-content\/uploads\/2024\/04\/Zone-AV-16.pdf\" rel=\"attachment wp-att-19675\">Zone AV-16<\/a> <a href=\"https:\/\/municipalitepontiac.com\/wp-content\/uploads\/2024\/04\/Zone-AV-15.pdf\" rel=\"attachment wp-att-19676\">Zone AV-15<\/a> <a href=\"https:\/\/municipalitepontiac.com\/wp-content\/uploads\/2024\/04\/Zone-AV-40.pdf\" rel=\"attachment wp-att-19668\">Zone AV-40<\/a><\/p>\n<\/td>\n<\/tr>\n<tr style=\"height: 23px;\">\n<td style=\"width: 33.3333%; height: 23px;\">\n<p><strong>ZONE R :<\/strong><\/p>\n<p><a href=\"https:\/\/municipalitepontiac.com\/wp-content\/uploads\/2024\/04\/Zone-R-01.pdf\" rel=\"attachment wp-att-19650\">Zone R-01<\/a>\u00a0<a href=\"https:\/\/municipalitepontiac.com\/wp-content\/uploads\/2024\/04\/Zone-R-02.pdf\" rel=\"attachment wp-att-19649\">Zone R-02<\/a>\u00a0<a href=\"https:\/\/municipalitepontiac.com\/wp-content\/uploads\/2024\/04\/Zone-R-03.pdf\" rel=\"attachment wp-att-19648\">Zone R-03<\/a>\u00a0<a href=\"https:\/\/municipalitepontiac.com\/wp-content\/uploads\/2024\/04\/Zone-R-04.pdf\" rel=\"attachment wp-att-19647\">Zone R-04<\/a>\u00a0<a href=\"https:\/\/municipalitepontiac.com\/wp-content\/uploads\/2024\/04\/Zone-R-05.pdf\" rel=\"attachment wp-att-19646\">Zone R-05<\/a>\u00a0<a href=\"https:\/\/municipalitepontiac.com\/wp-content\/uploads\/2024\/04\/Zone-R-06.pdf\" rel=\"attachment wp-att-19645\">Zone R-06<\/a>\u00a0<a href=\"https:\/\/municipalitepontiac.com\/wp-content\/uploads\/2024\/04\/Zone-R-07.pdf\" rel=\"attachment wp-att-19644\">Zone R-07<\/a>\u00a0<a href=\"https:\/\/municipalitepontiac.com\/wp-content\/uploads\/2024\/04\/Zone-R-08.pdf\" rel=\"attachment wp-att-19643\">Zone R-08<\/a>\u00a0<a href=\"https:\/\/municipalitepontiac.com\/wp-content\/uploads\/2024\/04\/Zone-R-09.pdf\" rel=\"attachment wp-att-19642\">Zone R-09<\/a>\u00a0<a href=\"https:\/\/municipalitepontiac.com\/wp-content\/uploads\/2024\/04\/Zone-R-10.pdf\" rel=\"attachment wp-att-19641\">Zone R-10<\/a>\u00a0<a href=\"https:\/\/municipalitepontiac.com\/wp-content\/uploads\/2024\/04\/Zone-R-11.pdf\" rel=\"attachment wp-att-19640\">Zone R-11<\/a>\u00a0<a href=\"https:\/\/municipalitepontiac.com\/wp-content\/uploads\/2024\/04\/Zone-R-12.pdf\" rel=\"attachment wp-att-19639\">Zone R-12<\/a>\u00a0<a href=\"https:\/\/municipalitepontiac.com\/wp-content\/uploads\/2024\/04\/Zone-R-13.pdf\" rel=\"attachment wp-att-19638\">Zone R-13<\/a>\u00a0<a href=\"https:\/\/municipalitepontiac.com\/wp-content\/uploads\/2024\/04\/Zone-R-14.pdf\" rel=\"attachment wp-att-19637\">Zone R-14<\/a>\u00a0<a href=\"https:\/\/municipalitepontiac.com\/wp-content\/uploads\/2024\/04\/Zone-R-15.pdf\" rel=\"attachment wp-att-19636\">Zone R-15<\/a>\u00a0<a href=\"https:\/\/municipalitepontiac.com\/wp-content\/uploads\/2024\/04\/Zone-R-16.pdf\" rel=\"attachment wp-att-19635\">Zone R-16<\/a>\u00a0<a href=\"https:\/\/municipalitepontiac.com\/wp-content\/uploads\/2024\/04\/Zone-R-18.pdf\" rel=\"attachment wp-att-19634\">Zone R-18<\/a>\u00a0<a href=\"https:\/\/municipalitepontiac.com\/wp-content\/uploads\/2024\/04\/Zone-R-19.pdf\" rel=\"attachment wp-att-19633\">Zone R-19<\/a>\u00a0<a href=\"https:\/\/municipalitepontiac.com\/wp-content\/uploads\/2024\/04\/Zone-R-20.pdf\" rel=\"attachment wp-att-19632\">Zone R-20<\/a>\u00a0<a href=\"https:\/\/municipalitepontiac.com\/wp-content\/uploads\/2024\/04\/Zone-R-17.pdf\" rel=\"attachment wp-att-19628\">Zone R-17<\/a><\/p>\n<\/td>\n<td style=\"width: 33.3333%; height: 23px;\">\n<p><strong>ZONE M<\/strong> :<\/p>\n<p><a href=\"https:\/\/municipalitepontiac.com\/wp-content\/uploads\/2024\/04\/Zone-M-01.pdf\" rel=\"attachment wp-att-19666\">Zone M-01<\/a> <a href=\"https:\/\/municipalitepontiac.com\/wp-content\/uploads\/2024\/04\/Zone-M-02.pdf\" rel=\"attachment wp-att-19665\">Zone M-02<\/a> <a href=\"https:\/\/municipalitepontiac.com\/wp-content\/uploads\/2024\/04\/Zone-M-03.pdf\" rel=\"attachment wp-att-19664\">Zone M-03<\/a> <a href=\"https:\/\/municipalitepontiac.com\/wp-content\/uploads\/2024\/04\/Zone-M-04.pdf\" rel=\"attachment wp-att-19663\">Zone M-04<\/a> <a href=\"https:\/\/municipalitepontiac.com\/wp-content\/uploads\/2024\/04\/Zone-M-05.pdf\" rel=\"attachment wp-att-19662\">Zone M-05<\/a> <a href=\"https:\/\/municipalitepontiac.com\/wp-content\/uploads\/2024\/04\/Zone-M-06.pdf\" rel=\"attachment wp-att-19661\">Zone M-06<\/a> <a href=\"https:\/\/municipalitepontiac.com\/wp-content\/uploads\/2024\/04\/Zone-M-07.pdf\" rel=\"attachment wp-att-19660\">Zone M-07<\/a> <a href=\"https:\/\/municipalitepontiac.com\/wp-content\/uploads\/2024\/04\/Zone-M-08.pdf\" rel=\"attachment wp-att-19659\">Zone M-08<\/a> <a href=\"https:\/\/municipalitepontiac.com\/wp-content\/uploads\/2024\/04\/Zone-M-09.pdf\" rel=\"attachment wp-att-19658\">Zone M-09<\/a> <a href=\"https:\/\/municipalitepontiac.com\/wp-content\/uploads\/2024\/04\/Zone-M-10.pdf\" rel=\"attachment wp-att-19657\">Zone M-10<\/a><\/p>\n<\/td>\n<td style=\"width: 33.3333%; height: 23px;\">\n<p><strong>Zone P :<\/strong><\/p>\n<p><a href=\"https:\/\/municipalitepontiac.com\/wp-content\/uploads\/2024\/04\/Zone-P-01.pdf\" rel=\"attachment wp-att-19656\">Zone P-01<\/a> <a href=\"https:\/\/municipalitepontiac.com\/wp-content\/uploads\/2024\/04\/Zone-P-02.pdf\" rel=\"attachment wp-att-19655\">Zone P-02<\/a> <a href=\"https:\/\/municipalitepontiac.com\/wp-content\/uploads\/2024\/04\/Zone-P-03.pdf\" rel=\"attachment wp-att-19654\">Zone P-03<\/a> <a href=\"https:\/\/municipalitepontiac.com\/wp-content\/uploads\/2024\/04\/Zone-P-04.pdf\" rel=\"attachment wp-att-19653\">Zone P-04<\/a> <a href=\"https:\/\/municipalitepontiac.com\/wp-content\/uploads\/2024\/04\/Zone-P-05.pdf\" rel=\"attachment wp-att-19652\">Zone P-05<\/a> <a href=\"https:\/\/municipalitepontiac.com\/wp-content\/uploads\/2024\/04\/Zone-P-06.pdf\" rel=\"attachment wp-att-19651\">Zone P-06<\/a><\/p>\n<\/td>\n<\/tr>\n<\/tbody>\n<\/table>\n<p>[\/et_pb_text][et_pb_text quote_border_color=\u00a0\u00bb#7ab317&Prime; _builder_version=\u00a0\u00bb4.19.0&Prime; _module_preset=\u00a0\u00bbdefault\u00a0\u00bb text_font=\u00a0\u00bbRoboto|300|||||||\u00a0\u00bb text_text_color=\u00a0\u00bb#000000&Prime; link_font=\u00a0\u00bbRoboto|700|||||||\u00a0\u00bb link_text_color=\u00a0\u00bb#0f6a80&Prime; header_2_font=\u00a0\u00bbQuestrial||||||||\u00a0\u00bb header_2_font_size=\u00a0\u00bb48px\u00a0\u00bb header_3_font=\u00a0\u00bbQuestrial||||||||\u00a0\u00bb header_3_font_size=\u00a0\u00bb28px\u00a0\u00bb header_4_font=\u00a0\u00bbQuestrial||||||||\u00a0\u00bb header_4_font_size=\u00a0\u00bb22px\u00a0\u00bb header_4_letter_spacing=\u00a0\u00bb1px\u00a0\u00bb text_font_size_tablet=\u00a0\u00bb16px\u00a0\u00bb text_font_size_phone=\u00a0\u00bb16px\u00a0\u00bb text_font_size_last_edited=\u00a0\u00bbon|phone\u00a0\u00bb header_font_size_tablet=\u00a0\u00bb60px\u00a0\u00bb header_font_size_phone=\u00a0\u00bb40px\u00a0\u00bb header_font_size_last_edited=\u00a0\u00bbon|phone\u00a0\u00bb header_2_font_size_tablet=\u00a0\u00bb40px\u00a0\u00bb header_2_font_size_phone=\u00a0\u00bb30px\u00a0\u00bb header_2_font_size_last_edited=\u00a0\u00bbon|desktop\u00a0\u00bb header_3_font_size_tablet=\u00a0\u00bb\u00a0\u00bb header_3_font_size_phone=\u00a0\u00bb22px\u00a0\u00bb header_3_font_size_last_edited=\u00a0\u00bbon|phone\u00a0\u00bb header_4_font_size_tablet=\u00a0\u00bb\u00a0\u00bb header_4_font_size_phone=\u00a0\u00bb18px\u00a0\u00bb header_4_font_size_last_edited=\u00a0\u00bbon|phone\u00a0\u00bb locked=\u00a0\u00bboff\u00a0\u00bb global_colors_info=\u00a0\u00bb{}\u00a0\u00bb header_font_size__hover_enabled=\u00a0\u00bboff|desktop\u00a0\u00bb]<\/p>\n<h3><strong>R\u00e8glements d\u2019urbanisme en vigueur<\/strong><\/h3>\n<p>Consultez la <strong data-start=\"348\" data-end=\"376\">nouvelle carte de zonage<\/strong> ici : <a href=\"https:\/\/cloud.cartovista.com\/pontiac\/maps\/1383f\/Plan-urbanisme-2024\" target=\"_blank\" rel=\"noopener\">Plan urbanisme 2024 | CartoVista<\/a><\/p>\n<p><a href=\"https:\/\/municipalitepontiac.com\/wp-content\/uploads\/2025\/06\/Reglement-10-24-Plan-durbanisme-et-annexes-1.pdf\" target=\"_blank\" rel=\"noopener\">R\u00e8glement 10-24<\/a> &#8211; Plan d&rsquo;urbanisme et annexes<\/p>\n<p><a href=\"https:\/\/municipalitepontiac.com\/wp-content\/uploads\/2025\/06\/Reglement-11-24-Zonage-et-annexes.pdf\" target=\"_blank\" rel=\"noopener\">R\u00e8glement 11-24<\/a> &#8211; Zonage et annexes<\/p>\n<p><a href=\"https:\/\/municipalitepontiac.com\/wp-content\/uploads\/2026\/02\/Reglement-08-25-modifiant-le-reglement-11-24.pdf\">R\u00e8glement 08-25 modifiant le r\u00e8glement 11-24\u00a0<\/a><\/p>\n<p><a href=\"https:\/\/municipalitepontiac.com\/wp-content\/uploads\/2026\/02\/Reglement-09-25-modifiant-le-zonage-11-24.pdf\">R\u00e8glement 09-25 modifiant le r\u00e8glement 11-24<\/a><\/p>\n<p><a href=\"https:\/\/municipalitepontiac.com\/wp-content\/uploads\/2025\/06\/Reglement-12-24-Construction.pdf\" target=\"_blank\" rel=\"noopener\">R\u00e8glement 12-24<\/a> &#8211; Construction<\/p>\n<p><a href=\"https:\/\/municipalitepontiac.com\/wp-content\/uploads\/2025\/06\/Reglement-13-24-Lotissement-1.pdf\" target=\"_blank\" rel=\"noopener\">R\u00e8glement 13-24<\/a> &#8211; Lotissement<\/p>\n<p><a href=\"https:\/\/municipalitepontiac.com\/wp-content\/uploads\/2025\/06\/Reglement-14-24-Permis-et-certificats.pdf\" target=\"_blank\" rel=\"noopener\">R\u00e8glement 14-24<\/a> &#8211; Permis et certificats<\/p>\n<p><span style=\"font-weight: 400;\">Les r\u00e8glements 10-24 \u00e0 14-24 sont disponibles uniquement en fran\u00e7ais.<\/span><\/p>\n<p>[\/et_pb_text][\/et_pb_column][\/et_pb_row][\/et_pb_section]<\/p>\n","protected":false},"excerpt":{"rendered":"<p>R\u00e8glements d\u2019urbanisme en vigueurCartovista:\u00a0 Cartovista est un outil cartographique avanc\u00e9 con\u00e7u pour fournir une vue compl\u00e8te et d\u00e9taill\u00e9e des donn\u00e9es g\u00e9ographiques essentielles. Avec Cartovista, vous pouvez acc\u00e9der aux \u00e9l\u00e9ments suivants : L\u2019affectation au sch\u00e9ma d\u2019am\u00e9nagement et de d\u00e9veloppement r\u00e9vis\u00e9 La grille de zonage Le p\u00e9rim\u00e8tre du lot La superficie du lot Les contraintes naturelles Les [&hellip;]<\/p>\n","protected":false},"author":1,"featured_media":0,"parent":56,"menu_order":0,"comment_status":"closed","ping_status":"closed","template":"","meta":{"_et_pb_use_builder":"on","_et_pb_old_content":"","_et_gb_content_width":"","footnotes":""},"class_list":["post-19626","page","type-page","status-publish","hentry"],"_links":{"self":[{"href":"https:\/\/municipalitepontiac.com\/en\/wp-json\/wp\/v2\/pages\/19626","targetHints":{"allow":["GET"]}}],"collection":[{"href":"https:\/\/municipalitepontiac.com\/en\/wp-json\/wp\/v2\/pages"}],"about":[{"href":"https:\/\/municipalitepontiac.com\/en\/wp-json\/wp\/v2\/types\/page"}],"author":[{"embeddable":true,"href":"https:\/\/municipalitepontiac.com\/en\/wp-json\/wp\/v2\/users\/1"}],"replies":[{"embeddable":true,"href":"https:\/\/municipalitepontiac.com\/en\/wp-json\/wp\/v2\/comments?post=19626"}],"version-history":[{"count":15,"href":"https:\/\/municipalitepontiac.com\/en\/wp-json\/wp\/v2\/pages\/19626\/revisions"}],"predecessor-version":[{"id":22760,"href":"https:\/\/municipalitepontiac.com\/en\/wp-json\/wp\/v2\/pages\/19626\/revisions\/22760"}],"up":[{"embeddable":true,"href":"https:\/\/municipalitepontiac.com\/en\/wp-json\/wp\/v2\/pages\/56"}],"wp:attachment":[{"href":"https:\/\/municipalitepontiac.com\/en\/wp-json\/wp\/v2\/media?parent=19626"}],"curies":[{"name":"wp","href":"https:\/\/api.w.org\/{rel}","templated":true}]}}