{"id":513,"date":"2020-10-15T09:45:14","date_gmt":"2020-10-15T13:45:14","guid":{"rendered":"https:\/\/municipalitepontiac.com\/?page_id=513"},"modified":"2021-01-21T16:26:24","modified_gmt":"2021-01-21T21:26:24","slug":"message-de-validation-validation-message","status":"publish","type":"page","link":"https:\/\/municipalitepontiac.com\/en\/message-de-validation-validation-message\/","title":{"rendered":"Message de validation \/ Validation message"},"content":{"rendered":"[et_pb_section admin_label=\u00a0\u00bbsection\u00a0\u00bb]\n\t\t\t[et_pb_row admin_label=\u00a0\u00bbrow\u00a0\u00bb]\n\t\t\t\t[et_pb_column type=\u00a0\u00bb4_4&Prime;][et_pb_text admin_label=\u00a0\u00bbText\u00a0\u00bb]\n<p>Veuillez v\u00e9rifier votre bo\u00eete de r\u00e9ception ou vos courriers ind\u00e9sirables afin de confirmer votre abonnement.<\/p>\n\n\n\n<p>Please check your mailbox or your spam folder to confirm your subscription.<\/p>\n[\/et_pb_text][\/et_pb_column]\n\t\t\t[\/et_pb_row]\n\t\t[\/et_pb_section]","protected":false},"excerpt":{"rendered":"<p>Veuillez v\u00e9rifier votre bo\u00eete de r\u00e9ception ou vos courriers ind\u00e9sirables afin de confirmer votre abonnement. Please check your mailbox or your spam folder to confirm your subscription.<\/p>","protected":false},"author":1,"featured_media":0,"parent":0,"menu_order":0,"comment_status":"closed","ping_status":"closed","template":"","meta":{"_et_pb_use_builder":"on","_et_pb_old_content":"<!-- wp:paragraph -->\n<p>Veuillez v\u00e9rifier votre bo\u00eete de r\u00e9ception ou vos courriers ind\u00e9sirables afin de confirmer votre abonnement.<\/p>\n<!-- \/wp:paragraph -->\n\n<!-- wp:paragraph -->\n<p>Please check your mailbox or your spam folder to confirm your subscription.<\/p>\n<!-- \/wp:paragraph -->","_et_gb_content_width":"","footnotes":""},"class_list":["post-513","page","type-page","status-publish","hentry"],"_links":{"self":[{"href":"https:\/\/municipalitepontiac.com\/en\/wp-json\/wp\/v2\/pages\/513","targetHints":{"allow":["GET"]}}],"collection":[{"href":"https:\/\/municipalitepontiac.com\/en\/wp-json\/wp\/v2\/pages"}],"about":[{"href":"https:\/\/municipalitepontiac.com\/en\/wp-json\/wp\/v2\/types\/page"}],"author":[{"embeddable":true,"href":"https:\/\/municipalitepontiac.com\/en\/wp-json\/wp\/v2\/users\/1"}],"replies":[{"embeddable":true,"href":"https:\/\/municipalitepontiac.com\/en\/wp-json\/wp\/v2\/comments?post=513"}],"version-history":[{"count":3,"href":"https:\/\/municipalitepontiac.com\/en\/wp-json\/wp\/v2\/pages\/513\/revisions"}],"predecessor-version":[{"id":6365,"href":"https:\/\/municipalitepontiac.com\/en\/wp-json\/wp\/v2\/pages\/513\/revisions\/6365"}],"wp:attachment":[{"href":"https:\/\/municipalitepontiac.com\/en\/wp-json\/wp\/v2\/media?parent=513"}],"curies":[{"name":"wp","href":"https:\/\/api.w.org\/{rel}","templated":true}]}}