{"id":565,"date":"2020-10-19T10:15:18","date_gmt":"2020-10-19T14:15:18","guid":{"rendered":"https:\/\/municipalitepontiac.com\/?page_id=565"},"modified":"2026-03-10T08:57:08","modified_gmt":"2026-03-10T12:57:08","slug":"emplois","status":"publish","type":"page","link":"https:\/\/municipalitepontiac.com\/en\/emplois\/","title":{"rendered":"Jobs<\/a>"},"content":{"rendered":"<p>[et_pb_section fb_built=\u00a0\u00bb1&Prime; admin_label=\u00a0\u00bbSection\u00a0\u00bb _builder_version=\u00a0\u00bb4.19.0&Prime; _module_preset=\u00a0\u00bbdefault\u00a0\u00bb background_enable_color=\u00a0\u00bboff\u00a0\u00bb use_background_color_gradient=\u00a0\u00bbon\u00a0\u00bb background_color_gradient_stops=\u00a0\u00bbrgba(123,180,42,0.8) 0%|rgba(15,106,128,0.6) 100%\u00a0\u00bb background_color_gradient_overlays_image=\u00a0\u00bbon\u00a0\u00bb background_color_gradient_start=\u00a0\u00bbrgba(123,180,42,0.8)\u00a0\u00bb background_color_gradient_end=\u00a0\u00bbrgba(15,106,128,0.6)\u00a0\u00bb background_image=\u00a0\u00bbhttps:\/\/municipalitepontiac.com\/wp-content\/uploads\/2021\/02\/pexels-ylanite-koppens-opt.jpg\u00a0\u00bb background_position=\u00a0\u00bbbottom_center\u00a0\u00bb locked=\u00a0\u00bboff\u00a0\u00bb global_colors_info=\u00a0\u00bb{}\u00a0\u00bb][et_pb_row _builder_version=\u00a0\u00bb4.16&Prime; _module_preset=\u00a0\u00bbdefault\u00a0\u00bb global_colors_info=\u00a0\u00bb{}\u00a0\u00bb][et_pb_column type=\u00a0\u00bb4_4&Prime; _builder_version=\u00a0\u00bb4.16&Prime; _module_preset=\u00a0\u00bbdefault\u00a0\u00bb global_colors_info=\u00a0\u00bb{}\u00a0\u00bb][et_pb_text _builder_version=\u00a0\u00bb4.16&Prime; _module_preset=\u00a0\u00bbdefault\u00a0\u00bb text_font=\u00a0\u00bbRoboto|300|||||||\u00a0\u00bb header_text_color=\u00a0\u00bb#ffffff\u00a0\u00bb header_2_font=\u00a0\u00bbQuestrial||||||||\u00a0\u00bb header_2_font_size=\u00a0\u00bb48px\u00a0\u00bb header_font_size_tablet=\u00a0\u00bb60px\u00a0\u00bb header_font_size_phone=\u00a0\u00bb36px\u00a0\u00bb header_font_size_last_edited=\u00a0\u00bbon|phone\u00a0\u00bb header_2_font_size_tablet=\u00a0\u00bb\u00a0\u00bb header_2_font_size_phone=\u00a0\u00bb36px\u00a0\u00bb header_2_font_size_last_edited=\u00a0\u00bbon|phone\u00a0\u00bb global_colors_info=\u00a0\u00bb{}\u00a0\u00bb]<\/p>\n<h1 style=\"text-align: left;\">Emplois<\/h1>\n<p>[\/et_pb_text][\/et_pb_column][\/et_pb_row][\/et_pb_section][et_pb_section fb_built=\u00a0\u00bb1&Prime; _builder_version=\u00a0\u00bb4.19.0&Prime; _module_preset=\u00a0\u00bbdefault\u00a0\u00bb global_colors_info=\u00a0\u00bb{}\u00a0\u00bb][et_pb_row _builder_version=\u00a0\u00bb4.16&Prime; _module_preset=\u00a0\u00bbdefault\u00a0\u00bb locked=\u00a0\u00bboff\u00a0\u00bb global_colors_info=\u00a0\u00bb{}\u00a0\u00bb][et_pb_column type=\u00a0\u00bb4_4&Prime; _builder_version=\u00a0\u00bb4.16&Prime; _module_preset=\u00a0\u00bbdefault\u00a0\u00bb global_colors_info=\u00a0\u00bb{}\u00a0\u00bb][et_pb_text _builder_version=\u00a0\u00bb4.16&Prime; _module_preset=\u00a0\u00bbdefault\u00a0\u00bb text_font=\u00a0\u00bbRoboto|300|||||||\u00a0\u00bb text_text_color=\u00a0\u00bb#000000&Prime; header_2_font=\u00a0\u00bbQuestrial||||||||\u00a0\u00bb header_2_font_size=\u00a0\u00bb48px\u00a0\u00bb header_2_font_size_tablet=\u00a0\u00bb\u00a0\u00bb header_2_font_size_phone=\u00a0\u00bb36px\u00a0\u00bb header_2_font_size_last_edited=\u00a0\u00bbon|phone\u00a0\u00bb global_colors_info=\u00a0\u00bb{}\u00a0\u00bb]<\/p>\n<p>Citoyens \/ Emplois<\/p>\n<p>[\/et_pb_text][\/et_pb_column][\/et_pb_row][et_pb_row _builder_version=\u00a0\u00bb4.16&Prime; _module_preset=\u00a0\u00bbdefault\u00a0\u00bb custom_padding=\u00a0\u00bb29px|||||\u00a0\u00bb global_colors_info=\u00a0\u00bb{}\u00a0\u00bb][et_pb_column type=\u00a0\u00bb4_4&Prime; _builder_version=\u00a0\u00bb4.16&Prime; _module_preset=\u00a0\u00bbdefault\u00a0\u00bb global_colors_info=\u00a0\u00bb{}\u00a0\u00bb][et_pb_text quote_border_color=\u00a0\u00bb#7ab317&Prime; _builder_version=\u00a0\u00bb4.19.0&Prime; _module_preset=\u00a0\u00bbdefault\u00a0\u00bb text_font=\u00a0\u00bbRoboto|300|||||||\u00a0\u00bb text_text_color=\u00a0\u00bb#000000&Prime; link_font=\u00a0\u00bbRoboto|700|||||||\u00a0\u00bb link_text_color=\u00a0\u00bb#0f6a80&Prime; header_2_font=\u00a0\u00bbQuestrial||||||||\u00a0\u00bb header_2_font_size=\u00a0\u00bb48px\u00a0\u00bb header_3_font=\u00a0\u00bbQuestrial||||||||\u00a0\u00bb header_3_font_size=\u00a0\u00bb28px\u00a0\u00bb header_4_font=\u00a0\u00bbQuestrial||||||||\u00a0\u00bb header_4_font_size=\u00a0\u00bb22px\u00a0\u00bb header_4_letter_spacing=\u00a0\u00bb1px\u00a0\u00bb text_font_size_tablet=\u00a0\u00bb16px\u00a0\u00bb text_font_size_phone=\u00a0\u00bb16px\u00a0\u00bb text_font_size_last_edited=\u00a0\u00bbon|phone\u00a0\u00bb header_font_size_tablet=\u00a0\u00bb60px\u00a0\u00bb header_font_size_phone=\u00a0\u00bb40px\u00a0\u00bb header_font_size_last_edited=\u00a0\u00bbon|phone\u00a0\u00bb header_2_font_size_tablet=\u00a0\u00bb40px\u00a0\u00bb header_2_font_size_phone=\u00a0\u00bb30px\u00a0\u00bb header_2_font_size_last_edited=\u00a0\u00bbon|desktop\u00a0\u00bb header_3_font_size_tablet=\u00a0\u00bb\u00a0\u00bb header_3_font_size_phone=\u00a0\u00bb22px\u00a0\u00bb header_3_font_size_last_edited=\u00a0\u00bbon|phone\u00a0\u00bb header_4_font_size_tablet=\u00a0\u00bb\u00a0\u00bb header_4_font_size_phone=\u00a0\u00bb18px\u00a0\u00bb header_4_font_size_last_edited=\u00a0\u00bbon|phone\u00a0\u00bb global_colors_info=\u00a0\u00bb{}\u00a0\u00bb]<\/p>\n<h2>Offres d&#8217;emploi<\/h2>\n<p>&nbsp;<\/p>\n<p><a href=\"https:\/\/municipalitepontiac.com\/wp-content\/uploads\/2022\/07\/Offre-demploi-pompiers-5-juillet-2022.pdf\" target=\"_blank\" rel=\"noopener\">Pompier &#8211; pompi\u00e8re<\/a><\/p>\n<p>&nbsp;<\/p>\n<p>[\/et_pb_text][et_pb_text quote_border_color=\u00a0\u00bb#7ab317&Prime; admin_label=\u00a0\u00bbText\u00a0\u00bb _builder_version=\u00a0\u00bb4.19.0&Prime; _module_preset=\u00a0\u00bbdefault\u00a0\u00bb text_font=\u00a0\u00bbRoboto|300|||||||\u00a0\u00bb text_text_color=\u00a0\u00bb#000000&Prime; link_font=\u00a0\u00bbRoboto|700|||||||\u00a0\u00bb link_text_color=\u00a0\u00bb#0f6a80&Prime; header_2_font=\u00a0\u00bbQuestrial||||||||\u00a0\u00bb header_2_font_size=\u00a0\u00bb48px\u00a0\u00bb header_3_font=\u00a0\u00bbQuestrial||||||||\u00a0\u00bb header_3_font_size=\u00a0\u00bb28px\u00a0\u00bb header_4_font=\u00a0\u00bbQuestrial||||||||\u00a0\u00bb header_4_font_size=\u00a0\u00bb22px\u00a0\u00bb header_4_letter_spacing=\u00a0\u00bb1px\u00a0\u00bb text_font_size_tablet=\u00a0\u00bb16px\u00a0\u00bb text_font_size_phone=\u00a0\u00bb16px\u00a0\u00bb text_font_size_last_edited=\u00a0\u00bbon|phone\u00a0\u00bb header_font_size_tablet=\u00a0\u00bb60px\u00a0\u00bb header_font_size_phone=\u00a0\u00bb40px\u00a0\u00bb header_font_size_last_edited=\u00a0\u00bbon|phone\u00a0\u00bb header_2_font_size_tablet=\u00a0\u00bb40px\u00a0\u00bb header_2_font_size_phone=\u00a0\u00bb30px\u00a0\u00bb header_2_font_size_last_edited=\u00a0\u00bbon|desktop\u00a0\u00bb header_3_font_size_tablet=\u00a0\u00bb\u00a0\u00bb header_3_font_size_phone=\u00a0\u00bb22px\u00a0\u00bb header_3_font_size_last_edited=\u00a0\u00bbon|phone\u00a0\u00bb header_4_font_size_tablet=\u00a0\u00bb\u00a0\u00bb header_4_font_size_phone=\u00a0\u00bb18px\u00a0\u00bb header_4_font_size_last_edited=\u00a0\u00bbon|phone\u00a0\u00bb global_colors_info=\u00a0\u00bb{}\u00a0\u00bb]<\/p>\n<h2>Demande d&#8217;emploi \u00e0 la Municipalit\u00e9 de Pontiac<\/h2>\n<p>&nbsp;<\/p>\n<p>Pour effectuer une demande d&#8217;emploi au sein de la Municipalit\u00e9 de Pontiac, vous devez transmettre votre curriculum vitae suivant la proc\u00e9dure \u00e9nonc\u00e9e dans la description de poste pour lequel votre candidature est d\u00e9pos\u00e9e.<\/p>\n<p>La Municipalit\u00e9 garde en dossier toutes demandes d&#8217;emploi re\u00e7ues pour une p\u00e9riode de 6 mois. Nous vous demandons tout de m\u00eame de vous assurer de poser \u00e0 nouveau votre candidature lorsqu&rsquo;une offre d&#8217;emploi qui vous int\u00e9resse au sein de la Municipalit\u00e9 est publi\u00e9e.<\/p>\n<p>En cas de besoin, <a href=\"http:\/\/www.cielcollines.org\/\" target=\"_blank\" rel=\"noopener noreferrer\">consultez le site<\/a> du Carrefour Emploi des Collines (CEC).<br \/>Le CEC dessert la client\u00e8le de 15 \u00e0 99 ans en immigration, jeunesse et employabilit\u00e9 pour la MRC des Collines-de-l\u2019Outaouais.<\/p>\n<p>[\/et_pb_text][et_pb_text quote_border_color=\u00a0\u00bb#7ab317&Prime; _builder_version=\u00a0\u00bb4.19.0&Prime; _module_preset=\u00a0\u00bbdefault\u00a0\u00bb text_font=\u00a0\u00bbRoboto|300|||||||\u00a0\u00bb text_text_color=\u00a0\u00bb#000000&Prime; link_font=\u00a0\u00bbRoboto|700|||||||\u00a0\u00bb link_text_color=\u00a0\u00bb#0f6a80&Prime; header_2_font=\u00a0\u00bbQuestrial||||||||\u00a0\u00bb header_2_font_size=\u00a0\u00bb48px\u00a0\u00bb header_3_font=\u00a0\u00bbQuestrial||||||||\u00a0\u00bb header_3_font_size=\u00a0\u00bb28px\u00a0\u00bb header_4_font=\u00a0\u00bbQuestrial||||||||\u00a0\u00bb header_4_font_size=\u00a0\u00bb22px\u00a0\u00bb header_4_letter_spacing=\u00a0\u00bb1px\u00a0\u00bb text_font_size_tablet=\u00a0\u00bb16px\u00a0\u00bb text_font_size_phone=\u00a0\u00bb16px\u00a0\u00bb text_font_size_last_edited=\u00a0\u00bbon|phone\u00a0\u00bb header_font_size_tablet=\u00a0\u00bb60px\u00a0\u00bb header_font_size_phone=\u00a0\u00bb40px\u00a0\u00bb header_font_size_last_edited=\u00a0\u00bbon|phone\u00a0\u00bb header_2_font_size_tablet=\u00a0\u00bb40px\u00a0\u00bb header_2_font_size_phone=\u00a0\u00bb30px\u00a0\u00bb header_2_font_size_last_edited=\u00a0\u00bbon|desktop\u00a0\u00bb header_3_font_size_tablet=\u00a0\u00bb\u00a0\u00bb header_3_font_size_phone=\u00a0\u00bb22px\u00a0\u00bb header_3_font_size_last_edited=\u00a0\u00bbon|phone\u00a0\u00bb header_4_font_size_tablet=\u00a0\u00bb\u00a0\u00bb header_4_font_size_phone=\u00a0\u00bb18px\u00a0\u00bb header_4_font_size_last_edited=\u00a0\u00bbon|phone\u00a0\u00bb global_colors_info=\u00a0\u00bb{}\u00a0\u00bb]<\/p>\n<h2>Candidatures spontan\u00e9es \u00e0 la Municipalit\u00e9 de Pontiac<\/h2>\n<p>&nbsp;<\/p>\n<p>La Municipalit\u00e9 de Pontiac est toujours \u00e0 la recherche de candidat pour faire partie de notre \u00e9quipe d\u2019administration et de travaux publics.<\/p>\n<p>Si vous voulez soumettre votre candidature pour un poste d\u2019administration non affich\u00e9, veuillez faire parvenir votre curriculum vitae par courriel \u00e0 <a href=\"mailto:emplois@municipalitepontiac.ca\">emplois@municipalitepontiac.ca<\/a>.<\/p>\n<p>Afin de soumettre votre candidature pour un poste aux travaux publics, veuillez remplir le <a href=\"https:\/\/municipalitepontiac.com\/wp-content\/uploads\/2022\/05\/F-RH-006-Demande-demploi-rev.-20-mai-2022.pdf\" target=\"_blank\" rel=\"noopener\">formulaire de demande d\u2019emploi<\/a> et nous faire parvenir le formulaire rempli par courriel \u00e0 l\u2019adresse \u00e9nonc\u00e9 ci-haut, ou en personne \u00e0 la r\u00e9ception de l\u2019H\u00f4tel de Ville.<\/p>\n<p>&nbsp;<\/p>\n<p>[\/et_pb_text][et_pb_text quote_border_color=\u00a0\u00bb#7ab317&Prime; _builder_version=\u00a0\u00bb4.19.0&Prime; _module_preset=\u00a0\u00bbdefault\u00a0\u00bb text_font=\u00a0\u00bbRoboto|300|||||||\u00a0\u00bb text_text_color=\u00a0\u00bb#000000&Prime; link_font=\u00a0\u00bbRoboto|700|||||||\u00a0\u00bb link_text_color=\u00a0\u00bb#0f6a80&Prime; header_2_font=\u00a0\u00bbQuestrial||||||||\u00a0\u00bb header_2_font_size=\u00a0\u00bb48px\u00a0\u00bb header_3_font=\u00a0\u00bbQuestrial||||||||\u00a0\u00bb header_3_font_size=\u00a0\u00bb28px\u00a0\u00bb header_4_font=\u00a0\u00bbQuestrial||||||||\u00a0\u00bb header_4_font_size=\u00a0\u00bb22px\u00a0\u00bb header_4_letter_spacing=\u00a0\u00bb1px\u00a0\u00bb text_font_size_tablet=\u00a0\u00bb16px\u00a0\u00bb text_font_size_phone=\u00a0\u00bb16px\u00a0\u00bb text_font_size_last_edited=\u00a0\u00bbon|phone\u00a0\u00bb header_font_size_tablet=\u00a0\u00bb60px\u00a0\u00bb header_font_size_phone=\u00a0\u00bb40px\u00a0\u00bb header_font_size_last_edited=\u00a0\u00bbon|phone\u00a0\u00bb header_2_font_size_tablet=\u00a0\u00bb40px\u00a0\u00bb header_2_font_size_phone=\u00a0\u00bb30px\u00a0\u00bb header_2_font_size_last_edited=\u00a0\u00bbon|desktop\u00a0\u00bb header_3_font_size_tablet=\u00a0\u00bb\u00a0\u00bb header_3_font_size_phone=\u00a0\u00bb22px\u00a0\u00bb header_3_font_size_last_edited=\u00a0\u00bbon|phone\u00a0\u00bb header_4_font_size_tablet=\u00a0\u00bb\u00a0\u00bb header_4_font_size_phone=\u00a0\u00bb18px\u00a0\u00bb header_4_font_size_last_edited=\u00a0\u00bbon|phone\u00a0\u00bb global_colors_info=\u00a0\u00bb{}\u00a0\u00bb]<\/p>\n<h2>Devenir pompier volontaire vous int\u00e9resse?<\/h2>\n<p>&nbsp;<\/p>\n<p>La Municipalit\u00e9 de Pontiac accepte les candidatures au poste de pompier volontaire.<\/p>\n<p>Pour soumettre votre candidature, veuillez remplir le <a href=\"https:\/\/municipalitepontiac.com\/wp-content\/uploads\/2022\/04\/F-SI-006-Demande-demploi-POMPIER-avril-2022.pdf\" target=\"_blank\" rel=\"noopener\">formulaire de demande d\u2019emploi<\/a> et nous faire parvenir le formulaire rempli par courriel \u00e0 <a href=\"mailto:emplois@municipalitepontiac.ca\">emplois@municipalitepontiac.ca<\/a>, ou en personne \u00e0 la r\u00e9ception de l\u2019H\u00f4tel de Ville.<\/p>\n<p>Pour avoir plus d&rsquo;informations concernant les pr\u00e9alables, <a href=\"https:\/\/municipalitepontiac.com\/securite-publique-et-incendie#devenir-pompier\">consultez la page suivante<\/a>.<\/p>\n<p>Votre candidature sera trait\u00e9e de fa\u00e7on confidentielle.<br \/>Nous vous remercions de votre int\u00e9r\u00eat et communiquerons uniquement avec les personnes s\u00e9lectionn\u00e9es.<\/p>\n<p>&nbsp;<\/p>\n<p>[\/et_pb_text][et_pb_text quote_border_color=\u00a0\u00bb#7ab317&Prime; _builder_version=\u00a0\u00bb4.19.0&Prime; _module_preset=\u00a0\u00bbdefault\u00a0\u00bb text_font=\u00a0\u00bbRoboto|300|||||||\u00a0\u00bb text_text_color=\u00a0\u00bb#000000&Prime; link_font=\u00a0\u00bbRoboto|700|||||||\u00a0\u00bb link_text_color=\u00a0\u00bb#0f6a80&Prime; header_2_font=\u00a0\u00bbQuestrial||||||||\u00a0\u00bb header_2_font_size=\u00a0\u00bb48px\u00a0\u00bb header_3_font=\u00a0\u00bbQuestrial||||||||\u00a0\u00bb header_3_font_size=\u00a0\u00bb28px\u00a0\u00bb header_4_font=\u00a0\u00bbQuestrial||||||||\u00a0\u00bb header_4_font_size=\u00a0\u00bb22px\u00a0\u00bb header_4_letter_spacing=\u00a0\u00bb1px\u00a0\u00bb text_font_size_tablet=\u00a0\u00bb16px\u00a0\u00bb text_font_size_phone=\u00a0\u00bb16px\u00a0\u00bb text_font_size_last_edited=\u00a0\u00bbon|phone\u00a0\u00bb header_font_size_tablet=\u00a0\u00bb60px\u00a0\u00bb header_font_size_phone=\u00a0\u00bb40px\u00a0\u00bb header_font_size_last_edited=\u00a0\u00bbon|phone\u00a0\u00bb header_2_font_size_tablet=\u00a0\u00bb40px\u00a0\u00bb header_2_font_size_phone=\u00a0\u00bb30px\u00a0\u00bb header_2_font_size_last_edited=\u00a0\u00bbon|desktop\u00a0\u00bb header_3_font_size_tablet=\u00a0\u00bb\u00a0\u00bb header_3_font_size_phone=\u00a0\u00bb22px\u00a0\u00bb header_3_font_size_last_edited=\u00a0\u00bbon|phone\u00a0\u00bb header_4_font_size_tablet=\u00a0\u00bb\u00a0\u00bb header_4_font_size_phone=\u00a0\u00bb18px\u00a0\u00bb header_4_font_size_last_edited=\u00a0\u00bbon|phone\u00a0\u00bb global_colors_info=\u00a0\u00bb{}\u00a0\u00bb]<\/p>\n<h2>Int\u00e9ress\u00e9 \u00e0 faire du b\u00e9n\u00e9volat ?<\/h2>\n<p>&nbsp;<\/p>\n<p>Nous vous invitons \u00e0 consulter <a href=\"https:\/\/municipalitepontiac.com\/benevolat\/\">cette page.<\/a><\/p>\n<p>[\/et_pb_text][\/et_pb_column][\/et_pb_row][\/et_pb_section]<\/p>\n","protected":false},"excerpt":{"rendered":"<p>EmploisCitoyens \/ EmploisOffres d&#8217;emploi &nbsp; Pompier &#8211; pompi\u00e8re &nbsp;Demande d&#8217;emploi \u00e0 la Municipalit\u00e9 de Pontiac &nbsp; Pour effectuer une demande d&#8217;emploi au sein de la Municipalit\u00e9 de Pontiac, vous devez transmettre votre curriculum vitae suivant la proc\u00e9dure \u00e9nonc\u00e9e dans la description de poste pour lequel votre candidature est d\u00e9pos\u00e9e. La Municipalit\u00e9 garde en dossier toutes [&hellip;]<\/p>\n","protected":false},"author":1,"featured_media":0,"parent":0,"menu_order":0,"comment_status":"closed","ping_status":"closed","template":"","meta":{"_et_pb_use_builder":"on","_et_pb_old_content":"","_et_gb_content_width":"","footnotes":""},"class_list":["post-565","page","type-page","status-publish","hentry"],"_links":{"self":[{"href":"https:\/\/municipalitepontiac.com\/en\/wp-json\/wp\/v2\/pages\/565","targetHints":{"allow":["GET"]}}],"collection":[{"href":"https:\/\/municipalitepontiac.com\/en\/wp-json\/wp\/v2\/pages"}],"about":[{"href":"https:\/\/municipalitepontiac.com\/en\/wp-json\/wp\/v2\/types\/page"}],"author":[{"embeddable":true,"href":"https:\/\/municipalitepontiac.com\/en\/wp-json\/wp\/v2\/users\/1"}],"replies":[{"embeddable":true,"href":"https:\/\/municipalitepontiac.com\/en\/wp-json\/wp\/v2\/comments?post=565"}],"version-history":[{"count":15,"href":"https:\/\/municipalitepontiac.com\/en\/wp-json\/wp\/v2\/pages\/565\/revisions"}],"predecessor-version":[{"id":22925,"href":"https:\/\/municipalitepontiac.com\/en\/wp-json\/wp\/v2\/pages\/565\/revisions\/22925"}],"wp:attachment":[{"href":"https:\/\/municipalitepontiac.com\/en\/wp-json\/wp\/v2\/media?parent=565"}],"curies":[{"name":"wp","href":"https:\/\/api.w.org\/{rel}","templated":true}]}}