{"id":574,"date":"2020-10-19T10:17:26","date_gmt":"2020-10-19T14:17:26","guid":{"rendered":"https:\/\/municipalitepontiac.com\/?page_id=574"},"modified":"2025-12-17T09:33:23","modified_gmt":"2025-12-17T14:33:23","slug":"formulaires-et-demandes-de-permis","status":"publish","type":"page","link":"https:\/\/municipalitepontiac.com\/en\/formulaires-et-demandes-de-permis\/","title":{"rendered":"Forms and permit applications<\/a>"},"content":{"rendered":"<p>[et_pb_section fb_built=\u00a0\u00bb1&Prime; _builder_version=\u00a0\u00bb4.19.0&Prime; _module_preset=\u00a0\u00bbdefault\u00a0\u00bb background_enable_color=\u00a0\u00bboff\u00a0\u00bb use_background_color_gradient=\u00a0\u00bbon\u00a0\u00bb background_color_gradient_stops=\u00a0\u00bbrgba(123,180,42,0.8) 0%|rgba(15,106,128,0.6) 100%\u00a0\u00bb background_color_gradient_overlays_image=\u00a0\u00bbon\u00a0\u00bb background_color_gradient_start=\u00a0\u00bbrgba(123,180,42,0.8)\u00a0\u00bb background_color_gradient_end=\u00a0\u00bbrgba(15,106,128,0.6)\u00a0\u00bb background_image=\u00a0\u00bbhttps:\/\/municipalitepontiac.com\/wp-content\/uploads\/2021\/02\/pexels-cytonn-photography-955389.jpg\u00a0\u00bb locked=\u00a0\u00bboff\u00a0\u00bb global_colors_info=\u00a0\u00bb{}\u00a0\u00bb][et_pb_row _builder_version=\u00a0\u00bb4.16&Prime; _module_preset=\u00a0\u00bbdefault\u00a0\u00bb global_colors_info=\u00a0\u00bb{}\u00a0\u00bb][et_pb_column type=\u00a0\u00bb4_4&Prime; _builder_version=\u00a0\u00bb4.16&Prime; _module_preset=\u00a0\u00bbdefault\u00a0\u00bb global_colors_info=\u00a0\u00bb{}\u00a0\u00bb][et_pb_text _builder_version=\u00a0\u00bb4.16&Prime; _module_preset=\u00a0\u00bbdefault\u00a0\u00bb text_font=\u00a0\u00bbRoboto|300|||||||\u00a0\u00bb link_text_color=\u00a0\u00bb#0f6a80&Prime; header_text_color=\u00a0\u00bb#ffffff\u00a0\u00bb header_2_font=\u00a0\u00bbQuestrial||||||||\u00a0\u00bb header_2_font_size=\u00a0\u00bb48px\u00a0\u00bb header_3_font=\u00a0\u00bbQuestrial||||||||\u00a0\u00bb header_3_font_size=\u00a0\u00bb28px\u00a0\u00bb header_4_font=\u00a0\u00bbQuestrial||||||||\u00a0\u00bb custom_margin=\u00a0\u00bb||||false|false\u00a0\u00bb text_font_size_tablet=\u00a0\u00bb16px\u00a0\u00bb text_font_size_phone=\u00a0\u00bb16px\u00a0\u00bb text_font_size_last_edited=\u00a0\u00bbon|phone\u00a0\u00bb header_font_size_tablet=\u00a0\u00bb60px\u00a0\u00bb header_font_size_phone=\u00a0\u00bb40px\u00a0\u00bb header_font_size_last_edited=\u00a0\u00bbon|phone\u00a0\u00bb header_2_font_size_tablet=\u00a0\u00bb40px\u00a0\u00bb header_2_font_size_phone=\u00a0\u00bb30px\u00a0\u00bb header_2_font_size_last_edited=\u00a0\u00bbon|desktop\u00a0\u00bb header_3_font_size_tablet=\u00a0\u00bb\u00a0\u00bb header_3_font_size_phone=\u00a0\u00bb22px\u00a0\u00bb header_3_font_size_last_edited=\u00a0\u00bbon|phone\u00a0\u00bb header_4_font_size_tablet=\u00a0\u00bb\u00a0\u00bb header_4_font_size_phone=\u00a0\u00bb\u00a0\u00bb header_4_font_size_last_edited=\u00a0\u00bbon|phone\u00a0\u00bb global_colors_info=\u00a0\u00bb{}\u00a0\u00bb]<\/p>\n<h1 style=\"text-align: left;\">Formulaires et demandes de permis<\/h1>\n<p>[\/et_pb_text][\/et_pb_column][\/et_pb_row][\/et_pb_section][et_pb_section fb_built=\u00a0\u00bb1&Prime; _builder_version=\u00a0\u00bb4.19.0&Prime; _module_preset=\u00a0\u00bbdefault\u00a0\u00bb global_colors_info=\u00a0\u00bb{}\u00a0\u00bb][et_pb_row _builder_version=\u00a0\u00bb4.16&Prime; _module_preset=\u00a0\u00bbdefault\u00a0\u00bb locked=\u00a0\u00bboff\u00a0\u00bb global_colors_info=\u00a0\u00bb{}\u00a0\u00bb][et_pb_column type=\u00a0\u00bb4_4&Prime; _builder_version=\u00a0\u00bb4.16&Prime; _module_preset=\u00a0\u00bbdefault\u00a0\u00bb global_colors_info=\u00a0\u00bb{}\u00a0\u00bb][et_pb_text _builder_version=\u00a0\u00bb4.16&Prime; _module_preset=\u00a0\u00bbdefault\u00a0\u00bb text_font=\u00a0\u00bbRoboto|300|||||||\u00a0\u00bb text_text_color=\u00a0\u00bb#000000&Prime; header_2_font=\u00a0\u00bbQuestrial||||||||\u00a0\u00bb header_2_font_size=\u00a0\u00bb48px\u00a0\u00bb header_2_font_size_tablet=\u00a0\u00bb\u00a0\u00bb header_2_font_size_phone=\u00a0\u00bb36px\u00a0\u00bb header_2_font_size_last_edited=\u00a0\u00bbon|phone\u00a0\u00bb global_colors_info=\u00a0\u00bb{}\u00a0\u00bb]<\/p>\n<p>Citoyens \/ Formulaires et demandes de permis<\/p>\n<p>[\/et_pb_text][\/et_pb_column][\/et_pb_row][et_pb_row _builder_version=\u00a0\u00bb4.16&Prime; _module_preset=\u00a0\u00bbdefault\u00a0\u00bb locked=\u00a0\u00bboff\u00a0\u00bb global_colors_info=\u00a0\u00bb{}\u00a0\u00bb][et_pb_column type=\u00a0\u00bb4_4&Prime; _builder_version=\u00a0\u00bb4.16&Prime; _module_preset=\u00a0\u00bbdefault\u00a0\u00bb global_colors_info=\u00a0\u00bb{}\u00a0\u00bb][et_pb_toggle title=\u00a0\u00bbFormulaires de r\u00e9servation\u00a0\u00bb closed_toggle_text_color=\u00a0\u00bb#000000&Prime; icon_color=\u00a0\u00bb#7ab317&Prime; use_icon_font_size=\u00a0\u00bbon\u00a0\u00bb icon_font_size=\u00a0\u00bb25px\u00a0\u00bb open_icon_color=\u00a0\u00bb#7ab317&Prime; open_use_icon_font_size=\u00a0\u00bbon\u00a0\u00bb open_icon_font_size=\u00a0\u00bb25px\u00a0\u00bb icon_font_size_tablet=\u00a0\u00bb22px\u00a0\u00bb icon_font_size_phone=\u00a0\u00bb18px\u00a0\u00bb icon_font_size_last_edited=\u00a0\u00bbon|phone\u00a0\u00bb open_icon_font_size_tablet=\u00a0\u00bb22px\u00a0\u00bb open_icon_font_size_phone=\u00a0\u00bb18px\u00a0\u00bb open_icon_font_size_last_edited=\u00a0\u00bbon|phone\u00a0\u00bb module_id=\u00a0\u00bbmission\u00a0\u00bb _builder_version=\u00a0\u00bb4.19.0&Prime; _module_preset=\u00a0\u00bbdefault\u00a0\u00bb title_level=\u00a0\u00bbh3&Prime; title_font=\u00a0\u00bbQuestrial||||||||\u00a0\u00bb title_letter_spacing=\u00a0\u00bb1px\u00a0\u00bb closed_title_font=\u00a0\u00bbQuestrial||||||||\u00a0\u00bb closed_title_font_size=\u00a0\u00bb22px\u00a0\u00bb closed_title_letter_spacing=\u00a0\u00bb1px\u00a0\u00bb body_font=\u00a0\u00bbRoboto|300|||||||\u00a0\u00bb body_text_color=\u00a0\u00bb#000000&Prime; body_link_font=\u00a0\u00bbRoboto|700|||||||\u00a0\u00bb body_link_text_color=\u00a0\u00bb#0f6a80&Prime; custom_margin=\u00a0\u00bb0px||0px||true|false\u00a0\u00bb custom_padding=\u00a0\u00bb30px|30px|30px|30px|true|true\u00a0\u00bb closed_title_font_size_tablet=\u00a0\u00bb22px\u00a0\u00bb closed_title_font_size_phone=\u00a0\u00bb18px\u00a0\u00bb closed_title_font_size_last_edited=\u00a0\u00bbon|phone\u00a0\u00bb border_width_all=\u00a0\u00bb0px\u00a0\u00bb border_color_all=\u00a0\u00bb#e5e5e5&Prime; global_colors_info=\u00a0\u00bb{}\u00a0\u00bb]<\/p>\n<ul>\n<li><strong><a href=\"https:\/\/municipalitepontiac.com\/wp-content\/uploads\/2022\/12\/F-LVC-001-Reservation-de-salle-13-dec.-2022.pdf\" target=\"_blank\" rel=\"noopener\">R\u00e9servation d&rsquo;une salle communautaire<\/a> <\/strong><\/li>\n<li><a href=\"https:\/\/municipalitepontiac.com\/wp-content\/uploads\/2022\/12\/F-LVC-002-Reservation-de-TERRAINS-13-decembre-2022.pdf\" target=\"_blank\" rel=\"noopener\"><strong>R\u00e9servation de terrain<\/strong><\/a><\/li>\n<\/ul>\n<p>[\/et_pb_toggle][et_pb_toggle title=\u00a0\u00bbFormulaires concernant les chemins de tol\u00e9rance\u00a0\u00bb closed_toggle_text_color=\u00a0\u00bb#000000&Prime; icon_color=\u00a0\u00bb#7ab317&Prime; use_icon_font_size=\u00a0\u00bbon\u00a0\u00bb icon_font_size=\u00a0\u00bb25px\u00a0\u00bb open_icon_color=\u00a0\u00bb#7ab317&Prime; open_use_icon_font_size=\u00a0\u00bbon\u00a0\u00bb open_icon_font_size=\u00a0\u00bb25px\u00a0\u00bb icon_font_size_tablet=\u00a0\u00bb22px\u00a0\u00bb icon_font_size_phone=\u00a0\u00bb18px\u00a0\u00bb icon_font_size_last_edited=\u00a0\u00bbon|phone\u00a0\u00bb open_icon_font_size_tablet=\u00a0\u00bb22px\u00a0\u00bb open_icon_font_size_phone=\u00a0\u00bb18px\u00a0\u00bb open_icon_font_size_last_edited=\u00a0\u00bbon|phone\u00a0\u00bb module_id=\u00a0\u00bbmission\u00a0\u00bb _builder_version=\u00a0\u00bb4.16&Prime; _module_preset=\u00a0\u00bbdefault\u00a0\u00bb title_level=\u00a0\u00bbh3&Prime; title_font=\u00a0\u00bbQuestrial||||||||\u00a0\u00bb title_letter_spacing=\u00a0\u00bb1px\u00a0\u00bb closed_title_font=\u00a0\u00bbQuestrial||||||||\u00a0\u00bb closed_title_font_size=\u00a0\u00bb22px\u00a0\u00bb closed_title_letter_spacing=\u00a0\u00bb1px\u00a0\u00bb body_font=\u00a0\u00bbRoboto|300|||||||\u00a0\u00bb body_text_color=\u00a0\u00bb#000000&Prime; body_link_font=\u00a0\u00bbRoboto|700|||||||\u00a0\u00bb body_link_text_color=\u00a0\u00bb#0f6a80&Prime; custom_margin=\u00a0\u00bb0px||0px||true|false\u00a0\u00bb custom_padding=\u00a0\u00bb30px|30px|30px|30px|true|true\u00a0\u00bb closed_title_font_size_tablet=\u00a0\u00bb22px\u00a0\u00bb closed_title_font_size_phone=\u00a0\u00bb18px\u00a0\u00bb closed_title_font_size_last_edited=\u00a0\u00bbon|phone\u00a0\u00bb border_width_all=\u00a0\u00bb0px\u00a0\u00bb border_color_all=\u00a0\u00bb#e5e5e5&Prime; global_colors_info=\u00a0\u00bb{}\u00a0\u00bb]<\/p>\n<p><strong>Pour une demande d&rsquo;aide financi\u00e8re<\/strong><\/p>\n<ul>\n<li><strong><a href=\"https:\/\/municipalitepontiac.com\/wp-content\/uploads\/2022\/10\/F-ADM-014-Demande-aide-financiere-chemins-de-tolerance-info-sur-organisme.pdf\" target=\"_blank\" rel=\"noopener noreferrer\">Nom de l&rsquo;organisme enregistr\u00e9 et reconnu<\/a><\/strong><\/li>\n<li><strong><a href=\"https:\/\/municipalitepontiac.com\/wp-content\/uploads\/2022\/10\/F-ADM-013-Demande-aide-financiere-chemins-de-tolerance-etats-financiers.pdf\" target=\"_blank\" rel=\"noopener noreferrer\">\u00c9tats financiers au 31 d\u00e9cembre<\/a><\/strong><\/li>\n<li><strong><a href=\"https:\/\/municipalitepontiac.com\/wp-content\/uploads\/2022\/10\/F-ADM-012-Demande-aide-financiere-chemins-de-tolerance-projet-special.pdf\" target=\"_blank\" rel=\"noopener noreferrer\">Demande d\u2019aide financi\u00e8re \u2013 projet sp\u00e9cial<\/a><\/strong><\/li>\n<\/ul>\n<p><strong><\/strong><\/p>\n<p><strong>Pour la prise en charge de l&rsquo;entretien d&rsquo;un chemin de tol\u00e9rance<\/strong><\/p>\n<ul>\n<li><strong><a href=\"https:\/\/municipalitepontiac.com\/wp-content\/uploads\/2020\/11\/FORMULAIRE_2017_-_requte_-_chemins_de_tolrance.pdf\" target=\"_blank\" rel=\"noopener noreferrer\">Requ\u00eate pour la prise en charge de l&rsquo;entretien d&rsquo;un chemin de tol\u00e9rance<\/a><\/strong><\/li>\n<li><strong><a href=\"https:\/\/municipalitepontiac.com\/wp-content\/uploads\/2022\/10\/F-ADM-014-Demande-aide-financiere-chemins-de-tolerance-info-sur-organisme.pdf\" target=\"_blank\" rel=\"noopener noreferrer\">Nom de l&rsquo;organisme enregistr\u00e9 et reconnu<\/a><\/strong><\/li>\n<\/ul>\n<p><strong><\/strong><\/p>\n<p>[\/et_pb_toggle][et_pb_toggle title=\u00a0\u00bbFormulaires divers\u00a0\u00bb closed_toggle_text_color=\u00a0\u00bb#000000&Prime; icon_color=\u00a0\u00bb#7ab317&Prime; use_icon_font_size=\u00a0\u00bbon\u00a0\u00bb icon_font_size=\u00a0\u00bb25px\u00a0\u00bb open_icon_color=\u00a0\u00bb#7ab317&Prime; open_use_icon_font_size=\u00a0\u00bbon\u00a0\u00bb open_icon_font_size=\u00a0\u00bb25px\u00a0\u00bb icon_font_size_tablet=\u00a0\u00bb22px\u00a0\u00bb icon_font_size_phone=\u00a0\u00bb18px\u00a0\u00bb icon_font_size_last_edited=\u00a0\u00bbon|phone\u00a0\u00bb open_icon_font_size_tablet=\u00a0\u00bb22px\u00a0\u00bb open_icon_font_size_phone=\u00a0\u00bb18px\u00a0\u00bb open_icon_font_size_last_edited=\u00a0\u00bbon|phone\u00a0\u00bb module_id=\u00a0\u00bbmission\u00a0\u00bb _builder_version=\u00a0\u00bb4.19.0&Prime; _module_preset=\u00a0\u00bbdefault\u00a0\u00bb title_level=\u00a0\u00bbh3&Prime; title_font=\u00a0\u00bbQuestrial||||||||\u00a0\u00bb title_letter_spacing=\u00a0\u00bb1px\u00a0\u00bb closed_title_font=\u00a0\u00bbQuestrial||||||||\u00a0\u00bb closed_title_font_size=\u00a0\u00bb22px\u00a0\u00bb closed_title_letter_spacing=\u00a0\u00bb1px\u00a0\u00bb body_font=\u00a0\u00bbRoboto|300|||||||\u00a0\u00bb body_text_color=\u00a0\u00bb#000000&Prime; body_link_font=\u00a0\u00bbRoboto|700|||||||\u00a0\u00bb body_link_text_color=\u00a0\u00bb#0f6a80&Prime; custom_margin=\u00a0\u00bb0px||0px||true|false\u00a0\u00bb custom_padding=\u00a0\u00bb30px|30px|30px|30px|true|true\u00a0\u00bb closed_title_font_size_tablet=\u00a0\u00bb22px\u00a0\u00bb closed_title_font_size_phone=\u00a0\u00bb18px\u00a0\u00bb closed_title_font_size_last_edited=\u00a0\u00bbon|phone\u00a0\u00bb border_width_all=\u00a0\u00bb0px\u00a0\u00bb border_color_all=\u00a0\u00bb#e5e5e5&Prime; global_colors_info=\u00a0\u00bb{}\u00a0\u00bb]<\/p>\n<ul>\n<li><strong><a href=\"https:\/\/municipalitepontiac.com\/wp-content\/uploads\/2021\/07\/F-URB-003-Derogation.pdf\" target=\"_blank\" rel=\"noopener noreferrer\">Demande de d\u00e9rogation mineure<\/a><\/strong><\/li>\n<li><strong><a href=\"https:\/\/municipalitepontiac.com\/wp-content\/uploads\/2020\/11\/F-RH-006_-_Demande_demploi.pdf\" target=\"_blank\" rel=\"noopener noreferrer\"> Demande d&#8217;emploi &#8211; Municipalit\u00e9 de Pontiac<\/a><\/strong><\/li>\n<li><a href=\"https:\/\/municipalitepontiac.com\/wp-content\/uploads\/2022\/04\/F-SI-006-Demande-demploi-POMPIER-avril-2022.pdf\" target=\"_blank\" rel=\"noopener\"><strong>Demande d&#8217;emploi &#8211; Service de s\u00e9curit\u00e9 incendie de Pontiac<\/strong><\/a><\/li>\n<li><strong><a href=\"https:\/\/municipalitepontiac.com\/wp-content\/uploads\/2022\/04\/F-SI-002-Stockage-de-reservoirs-de-propane-avril-2022.pdf\" target=\"_blank\" rel=\"noopener noreferrer\">Enregistrement pour le stockage des r\u00e9servoirs de propane (100 lbs)<\/a><\/strong><\/li>\n<li><strong><a href=\"https:\/\/municipalitepontiac.com\/wp-content\/uploads\/2021\/10\/F-ADM-011-Demande-dacces-a-linformation-m-a-j-oct.-2021.pdf\" target=\"_blank\" rel=\"noopener noreferrer\"> Demande d&rsquo;acc\u00e8s aux documents des organismes publics <\/a><\/strong><\/li>\n<li><strong><a href=\"https:\/\/municipalitepontiac.com\/wp-content\/uploads\/2020\/11\/demande_logement_loyer_modique_omh_nouveau_formulaire.pdf\" target=\"_blank\" rel=\"noopener noreferrer\">Demande de logement \u00e0 loyer modique<\/a><\/strong><\/li>\n<li><a href=\"https:\/\/municipalitepontiac.com\/wp-content\/uploads\/2022\/04\/F-EE-001-requete-ou-signalement-Eaux-et-egouts-rev-26-avril-2022.pdf\" target=\"_blank\" rel=\"noopener\"><strong>Requ\u00eate de service &#8211; eau\/\u00e9gout\/aqueduc<\/strong><\/a><\/li>\n<li><a href=\"https:\/\/municipalitepontiac.com\/wp-content\/uploads\/2022\/05\/F-F-001-Demande-de-changement-dadresse-de-correspondance-Taxes-municipales.pdf\" target=\"_blank\" rel=\"noopener\">Demande de changement d&rsquo;adresse de correspondance &#8211; taxes municipales<\/a><\/li>\n<\/ul>\n<p>[\/et_pb_toggle][et_pb_toggle title=\u00a0\u00bbDemande de permis\u00a0\u00bb closed_toggle_text_color=\u00a0\u00bb#000000&Prime; icon_color=\u00a0\u00bb#7ab317&Prime; use_icon_font_size=\u00a0\u00bbon\u00a0\u00bb icon_font_size=\u00a0\u00bb25px\u00a0\u00bb open_icon_color=\u00a0\u00bb#7ab317&Prime; open_use_icon_font_size=\u00a0\u00bbon\u00a0\u00bb open_icon_font_size=\u00a0\u00bb25px\u00a0\u00bb icon_font_size_tablet=\u00a0\u00bb22px\u00a0\u00bb icon_font_size_phone=\u00a0\u00bb18px\u00a0\u00bb icon_font_size_last_edited=\u00a0\u00bbon|phone\u00a0\u00bb open_icon_font_size_tablet=\u00a0\u00bb22px\u00a0\u00bb open_icon_font_size_phone=\u00a0\u00bb18px\u00a0\u00bb open_icon_font_size_last_edited=\u00a0\u00bbon|phone\u00a0\u00bb module_id=\u00a0\u00bbmission\u00a0\u00bb _builder_version=\u00a0\u00bb4.16&Prime; _module_preset=\u00a0\u00bbdefault\u00a0\u00bb title_level=\u00a0\u00bbh3&Prime; title_font=\u00a0\u00bbQuestrial||||||||\u00a0\u00bb title_letter_spacing=\u00a0\u00bb1px\u00a0\u00bb closed_title_font=\u00a0\u00bbQuestrial||||||||\u00a0\u00bb closed_title_font_size=\u00a0\u00bb22px\u00a0\u00bb closed_title_letter_spacing=\u00a0\u00bb1px\u00a0\u00bb body_font=\u00a0\u00bbRoboto|300|||||||\u00a0\u00bb body_text_color=\u00a0\u00bb#000000&Prime; body_link_font=\u00a0\u00bbRoboto|700|||||||\u00a0\u00bb body_link_text_color=\u00a0\u00bb#0f6a80&Prime; custom_margin=\u00a0\u00bb0px||0px||true|false\u00a0\u00bb custom_padding=\u00a0\u00bb30px|30px|30px|30px|true|true\u00a0\u00bb closed_title_font_size_tablet=\u00a0\u00bb22px\u00a0\u00bb closed_title_font_size_phone=\u00a0\u00bb18px\u00a0\u00bb closed_title_font_size_last_edited=\u00a0\u00bbon|phone\u00a0\u00bb border_width_all=\u00a0\u00bb0px\u00a0\u00bb border_color_all=\u00a0\u00bb#e5e5e5&Prime; global_colors_info=\u00a0\u00bb{}\u00a0\u00bb]<\/p>\n<ul>\n<li><strong><a href=\"https:\/\/municipalitepontiac.com\/wp-content\/uploads\/2021\/10\/F-URB-002-Demande-de-permis-certificat-fr.pdf\" target=\"_blank\" rel=\"noopener noreferrer\">Demande de permis \/ Certificat<\/a><\/strong><\/li>\n<\/ul>\n<p>En cas de nouvelle construction, (que ce soit pour un b\u00e2timent principal, b\u00e2timents secondaires tel qu\u2019abri d\u2019auto, remise ou garage et les b\u00e2timents agricoles), de d\u00e9molition, de lotissement, d&rsquo;agrandissement, de r\u00e9novation, de changement d\u2019usage, d&rsquo;installation septique, d&rsquo;abattage d\u2019arbres, d&rsquo;all\u00e9e d\u2019acc\u00e8s, de cl\u00f4ture, d&rsquo;enseigne, de muret, de piscine, de patio, de galerie, de quai, de puits, de pavillon de jardin (gazebo), etc.<\/p>\n<p>&nbsp;<\/p>\n<ul>\n<li><strong><a href=\"https:\/\/municipalitepontiac.com\/wp-content\/uploads\/2025\/11\/F-URB-002-Annexe-A-Procuration.pdf\" target=\"_blank\" rel=\"noopener noreferrer\">Annexe A (procuration \u00e9crite)<\/a><\/strong><\/li>\n<li><strong><a href=\"https:\/\/municipalitepontiac.com\/wp-content\/uploads\/2021\/10\/F-URB-002-Annexe-B-Batiment-complementaire-piscine-et-spa.pdf\" target=\"_blank\" rel=\"noopener noreferrer\">Annexe B (demande de piscine et de b\u00e2timent secondaire)<\/a><\/strong><strong><\/strong><\/li>\n<li><strong><a href=\"https:\/\/municipalitepontiac.com\/wp-content\/uploads\/2021\/10\/F-URB-005-Renouvellement-de-permis-fr.pdf\" target=\"_blank\" rel=\"noopener noreferrer\">Demande de renouvellement de permis<\/a><\/strong><\/li>\n<li><strong><a href=\"https:\/\/municipalitepontiac.com\/wp-content\/uploads\/2021\/10\/F-URB-004-Zone-de-mouvement.pdf\" target=\"_blank\" rel=\"noopener noreferrer\">Demande de permis de construction ou lotissement en zone de mouvement de masse<\/a><\/strong><\/li>\n<li><a href=\"https:\/\/municipalitepontiac.com\/wp-content\/uploads\/2021\/10\/F-URB-006-Demande-dautorisation-dun-usage-fr.pdf\" target=\"_blank\" rel=\"noopener\"><strong>Demande d&rsquo;autorisation d&rsquo;un usage<\/strong><\/a><\/li>\n<li><a href=\"https:\/\/f.mrcdescollines.com\/alarmes\/\" target=\"_blank\" rel=\"noopener\"><strong>Demande de permis d&rsquo;alarme<\/strong><\/a><\/li>\n<\/ul>\n<p>[\/et_pb_toggle][et_pb_toggle title=\u00a0\u00bbDemande d\u2019autorisation\u00a0\u00bb closed_toggle_text_color=\u00a0\u00bb#000000&Prime; icon_color=\u00a0\u00bb#7ab317&Prime; use_icon_font_size=\u00a0\u00bbon\u00a0\u00bb icon_font_size=\u00a0\u00bb25px\u00a0\u00bb open_icon_color=\u00a0\u00bb#7ab317&Prime; open_use_icon_font_size=\u00a0\u00bbon\u00a0\u00bb open_icon_font_size=\u00a0\u00bb25px\u00a0\u00bb icon_font_size_tablet=\u00a0\u00bb22px\u00a0\u00bb icon_font_size_phone=\u00a0\u00bb18px\u00a0\u00bb icon_font_size_last_edited=\u00a0\u00bbon|phone\u00a0\u00bb open_icon_font_size_tablet=\u00a0\u00bb22px\u00a0\u00bb open_icon_font_size_phone=\u00a0\u00bb18px\u00a0\u00bb open_icon_font_size_last_edited=\u00a0\u00bbon|phone\u00a0\u00bb module_id=\u00a0\u00bbmission\u00a0\u00bb _builder_version=\u00a0\u00bb4.16&Prime; _module_preset=\u00a0\u00bbdefault\u00a0\u00bb title_level=\u00a0\u00bbh3&Prime; title_font=\u00a0\u00bbQuestrial||||||||\u00a0\u00bb title_letter_spacing=\u00a0\u00bb1px\u00a0\u00bb closed_title_font=\u00a0\u00bbQuestrial||||||||\u00a0\u00bb closed_title_font_size=\u00a0\u00bb22px\u00a0\u00bb closed_title_letter_spacing=\u00a0\u00bb1px\u00a0\u00bb body_font=\u00a0\u00bbRoboto|300|||||||\u00a0\u00bb body_text_color=\u00a0\u00bb#000000&Prime; body_link_font=\u00a0\u00bbRoboto|700|||||||\u00a0\u00bb body_link_text_color=\u00a0\u00bb#0f6a80&Prime; custom_margin=\u00a0\u00bb0px||0px||true|false\u00a0\u00bb custom_padding=\u00a0\u00bb30px|30px|30px|30px|true|true\u00a0\u00bb closed_title_font_size_tablet=\u00a0\u00bb22px\u00a0\u00bb closed_title_font_size_phone=\u00a0\u00bb18px\u00a0\u00bb closed_title_font_size_last_edited=\u00a0\u00bbon|phone\u00a0\u00bb border_width_all=\u00a0\u00bb0px\u00a0\u00bb border_color_all=\u00a0\u00bb#e5e5e5&Prime; global_colors_info=\u00a0\u00bb{}\u00a0\u00bb]<\/p>\n<ul>\n<li><strong><a href=\"https:\/\/municipalitepontiac.com\/wp-content\/uploads\/2022\/04\/F-SI-003-Feux-dartifice-avril-2022.pdf\" target=\"_blank\" rel=\"noopener noreferrer\">Feux d&rsquo;artifice<\/a><\/strong><\/li>\n<li><strong><a href=\"https:\/\/municipalitepontiac.com\/wp-content\/uploads\/2022\/05\/F-SI-001-Autorisation-pour-les-feux-a-ciel-ouvert-revise-le-27-mai-2022.pdf\" target=\"_blank\" rel=\"noopener noreferrer\">Feu \u00e0 ciel ouvert<\/a><\/strong><\/li>\n<li><strong><a href=\"https:\/\/municipalitepontiac.com\/wp-content\/uploads\/2020\/11\/formulairedemandeautorisationLPTAA.pdf\" target=\"_blank\" rel=\"noopener noreferrer\">Demande \u00e0 la Commission de Protection du territoire agricole du Qu\u00e9bec (CPTAQ)<\/a><\/strong><\/li>\n<\/ul>\n<p>[\/et_pb_toggle][et_pb_toggle title=\u00a0\u00bbFormulaires concernant les organismes ou associations\u00a0\u00bb closed_toggle_text_color=\u00a0\u00bb#000000&Prime; icon_color=\u00a0\u00bb#7ab317&Prime; use_icon_font_size=\u00a0\u00bbon\u00a0\u00bb icon_font_size=\u00a0\u00bb25px\u00a0\u00bb open_icon_color=\u00a0\u00bb#7ab317&Prime; open_use_icon_font_size=\u00a0\u00bbon\u00a0\u00bb open_icon_font_size=\u00a0\u00bb25px\u00a0\u00bb icon_font_size_tablet=\u00a0\u00bb22px\u00a0\u00bb icon_font_size_phone=\u00a0\u00bb18px\u00a0\u00bb icon_font_size_last_edited=\u00a0\u00bbon|phone\u00a0\u00bb open_icon_font_size_tablet=\u00a0\u00bb22px\u00a0\u00bb open_icon_font_size_phone=\u00a0\u00bb18px\u00a0\u00bb open_icon_font_size_last_edited=\u00a0\u00bbon|phone\u00a0\u00bb module_id=\u00a0\u00bbmission\u00a0\u00bb _builder_version=\u00a0\u00bb4.16&Prime; _module_preset=\u00a0\u00bbdefault\u00a0\u00bb title_level=\u00a0\u00bbh3&Prime; title_font=\u00a0\u00bbQuestrial||||||||\u00a0\u00bb title_letter_spacing=\u00a0\u00bb1px\u00a0\u00bb closed_title_font=\u00a0\u00bbQuestrial||||||||\u00a0\u00bb closed_title_font_size=\u00a0\u00bb22px\u00a0\u00bb closed_title_letter_spacing=\u00a0\u00bb1px\u00a0\u00bb body_font=\u00a0\u00bbRoboto|300|||||||\u00a0\u00bb body_text_color=\u00a0\u00bb#000000&Prime; body_link_font=\u00a0\u00bbRoboto|700|||||||\u00a0\u00bb body_link_text_color=\u00a0\u00bb#0f6a80&Prime; custom_margin=\u00a0\u00bb0px||0px||true|false\u00a0\u00bb custom_padding=\u00a0\u00bb30px|30px|30px|30px|true|true\u00a0\u00bb closed_title_font_size_tablet=\u00a0\u00bb22px\u00a0\u00bb closed_title_font_size_phone=\u00a0\u00bb18px\u00a0\u00bb closed_title_font_size_last_edited=\u00a0\u00bbon|phone\u00a0\u00bb border_width_all=\u00a0\u00bb0px\u00a0\u00bb border_color_all=\u00a0\u00bb#e5e5e5&Prime; global_colors_info=\u00a0\u00bb{}\u00a0\u00bb]<\/p>\n<p>Pour acc\u00e9der aux formulaires et conna\u00eetre la proc\u00e9dure \u00e0 suivre veuillez svp <a href=\"https:\/\/municipalitepontiac.com\/demande-daide-financiere\/\" target=\"_blank\" rel=\"noopener\">cliquer ici.<\/a><\/p>\n<p>[\/et_pb_toggle][\/et_pb_column][\/et_pb_row][\/et_pb_section]<\/p>\n","protected":false},"excerpt":{"rendered":"<p>Formulaires et demandes de permisCitoyens \/ Formulaires et demandes de permis R\u00e9servation d&rsquo;une salle communautaire R\u00e9servation de terrain Pour une demande d&rsquo;aide financi\u00e8re Nom de l&rsquo;organisme enregistr\u00e9 et reconnu \u00c9tats financiers au 31 d\u00e9cembre Demande d\u2019aide financi\u00e8re \u2013 projet sp\u00e9cial Pour la prise en charge de l&rsquo;entretien d&rsquo;un chemin de tol\u00e9rance Requ\u00eate pour la prise [&hellip;]<\/p>\n","protected":false},"author":1,"featured_media":0,"parent":0,"menu_order":0,"comment_status":"closed","ping_status":"closed","template":"","meta":{"_et_pb_use_builder":"on","_et_pb_old_content":"","_et_gb_content_width":"","footnotes":""},"class_list":["post-574","page","type-page","status-publish","hentry"],"_links":{"self":[{"href":"https:\/\/municipalitepontiac.com\/en\/wp-json\/wp\/v2\/pages\/574","targetHints":{"allow":["GET"]}}],"collection":[{"href":"https:\/\/municipalitepontiac.com\/en\/wp-json\/wp\/v2\/pages"}],"about":[{"href":"https:\/\/municipalitepontiac.com\/en\/wp-json\/wp\/v2\/types\/page"}],"author":[{"embeddable":true,"href":"https:\/\/municipalitepontiac.com\/en\/wp-json\/wp\/v2\/users\/1"}],"replies":[{"embeddable":true,"href":"https:\/\/municipalitepontiac.com\/en\/wp-json\/wp\/v2\/comments?post=574"}],"version-history":[{"count":15,"href":"https:\/\/municipalitepontiac.com\/en\/wp-json\/wp\/v2\/pages\/574\/revisions"}],"predecessor-version":[{"id":22635,"href":"https:\/\/municipalitepontiac.com\/en\/wp-json\/wp\/v2\/pages\/574\/revisions\/22635"}],"wp:attachment":[{"href":"https:\/\/municipalitepontiac.com\/en\/wp-json\/wp\/v2\/media?parent=574"}],"curies":[{"name":"wp","href":"https:\/\/api.w.org\/{rel}","templated":true}]}}