{"id":795,"date":"2020-10-26T08:18:51","date_gmt":"2020-10-26T12:18:51","guid":{"rendered":"https:\/\/municipalitepontiac.com\/?page_id=795"},"modified":"2022-12-13T15:01:17","modified_gmt":"2022-12-13T20:01:17","slug":"reservation-dun-centre-communautaire","status":"publish","type":"page","link":"https:\/\/municipalitepontiac.com\/en\/reservation-dun-centre-communautaire\/","title":{"rendered":"Community Centre Booking<\/a>"},"content":{"rendered":"<p>[et_pb_section fb_built=\u00a0\u00bb1&Prime; _builder_version=\u00a0\u00bb4.16&Prime; _module_preset=\u00a0\u00bbdefault\u00a0\u00bb background_enable_color=\u00a0\u00bboff\u00a0\u00bb use_background_color_gradient=\u00a0\u00bbon\u00a0\u00bb background_color_gradient_stops=\u00a0\u00bbrgba(123,180,42,0.8) 0%|rgba(15,106,128,0.6) 100%\u00a0\u00bb background_color_gradient_overlays_image=\u00a0\u00bbon\u00a0\u00bb background_color_gradient_start=\u00a0\u00bbrgba(123,180,42,0.8)\u00a0\u00bb background_color_gradient_end=\u00a0\u00bbrgba(15,106,128,0.6)\u00a0\u00bb background_enable_image=\u00a0\u00bboff\u00a0\u00bb background_position=\u00a0\u00bbbottom_center\u00a0\u00bb locked=\u00a0\u00bboff\u00a0\u00bb global_colors_info=\u00a0\u00bb{}\u00a0\u00bb][et_pb_row _builder_version=\u00a0\u00bb4.16&Prime; _module_preset=\u00a0\u00bbdefault\u00a0\u00bb global_colors_info=\u00a0\u00bb{}\u00a0\u00bb][et_pb_column type=\u00a0\u00bb4_4&Prime; _builder_version=\u00a0\u00bb4.16&Prime; _module_preset=\u00a0\u00bbdefault\u00a0\u00bb global_colors_info=\u00a0\u00bb{}\u00a0\u00bb][et_pb_text _builder_version=\u00a0\u00bb4.16&Prime; _module_preset=\u00a0\u00bbdefault\u00a0\u00bb text_font=\u00a0\u00bbRoboto|300|||||||\u00a0\u00bb link_text_color=\u00a0\u00bb#0f6a80&Prime; header_text_color=\u00a0\u00bb#ffffff\u00a0\u00bb header_2_font=\u00a0\u00bbQuestrial||||||||\u00a0\u00bb header_2_font_size=\u00a0\u00bb48px\u00a0\u00bb header_3_font=\u00a0\u00bbQuestrial||||||||\u00a0\u00bb header_3_font_size=\u00a0\u00bb28px\u00a0\u00bb header_4_font=\u00a0\u00bbQuestrial||||||||\u00a0\u00bb custom_margin=\u00a0\u00bb||||false|false\u00a0\u00bb text_font_size_tablet=\u00a0\u00bb16px\u00a0\u00bb text_font_size_phone=\u00a0\u00bb16px\u00a0\u00bb text_font_size_last_edited=\u00a0\u00bbon|phone\u00a0\u00bb header_font_size_tablet=\u00a0\u00bb60px\u00a0\u00bb header_font_size_phone=\u00a0\u00bb40px\u00a0\u00bb header_font_size_last_edited=\u00a0\u00bbon|phone\u00a0\u00bb header_2_font_size_tablet=\u00a0\u00bb40px\u00a0\u00bb header_2_font_size_phone=\u00a0\u00bb30px\u00a0\u00bb header_2_font_size_last_edited=\u00a0\u00bbon|desktop\u00a0\u00bb header_3_font_size_tablet=\u00a0\u00bb\u00a0\u00bb header_3_font_size_phone=\u00a0\u00bb22px\u00a0\u00bb header_3_font_size_last_edited=\u00a0\u00bbon|phone\u00a0\u00bb header_4_font_size_tablet=\u00a0\u00bb\u00a0\u00bb header_4_font_size_phone=\u00a0\u00bb\u00a0\u00bb header_4_font_size_last_edited=\u00a0\u00bbon|phone\u00a0\u00bb global_colors_info=\u00a0\u00bb{}\u00a0\u00bb]<\/p>\n<h1 style=\"text-align: left;\">R\u00e9servation d&rsquo;un centre communautaire<\/h1>\n<p>[\/et_pb_text][\/et_pb_column][\/et_pb_row][\/et_pb_section][et_pb_section fb_built=\u00a0\u00bb1&Prime; admin_label=\u00a0\u00bbsection\u00a0\u00bb _builder_version=\u00a0\u00bb4.16&Prime; global_colors_info=\u00a0\u00bb{}\u00a0\u00bb][et_pb_row _builder_version=\u00a0\u00bb4.16&Prime; _module_preset=\u00a0\u00bbdefault\u00a0\u00bb locked=\u00a0\u00bboff\u00a0\u00bb global_colors_info=\u00a0\u00bb{}\u00a0\u00bb][et_pb_column type=\u00a0\u00bb4_4&Prime; _builder_version=\u00a0\u00bb4.16&Prime; _module_preset=\u00a0\u00bbdefault\u00a0\u00bb global_colors_info=\u00a0\u00bb{}\u00a0\u00bb][et_pb_text _builder_version=\u00a0\u00bb4.16&Prime; _module_preset=\u00a0\u00bbdefault\u00a0\u00bb text_font=\u00a0\u00bbRoboto|300|||||||\u00a0\u00bb text_text_color=\u00a0\u00bb#000000&Prime; header_2_font=\u00a0\u00bbQuestrial||||||||\u00a0\u00bb header_2_font_size=\u00a0\u00bb48px\u00a0\u00bb header_2_font_size_tablet=\u00a0\u00bb\u00a0\u00bb header_2_font_size_phone=\u00a0\u00bb36px\u00a0\u00bb header_2_font_size_last_edited=\u00a0\u00bbon|phone\u00a0\u00bb global_colors_info=\u00a0\u00bb{}\u00a0\u00bb]<\/p>\n<p>Citoyens \/ R\u00e9servation d&rsquo;un centre communautaire<\/p>\n<p>[\/et_pb_text][\/et_pb_column][\/et_pb_row][et_pb_row admin_label=\u00a0\u00bbrow\u00a0\u00bb _builder_version=\u00a0\u00bb4.16&Prime; background_size=\u00a0\u00bbinitial\u00a0\u00bb background_position=\u00a0\u00bbtop_left\u00a0\u00bb background_repeat=\u00a0\u00bbrepeat\u00a0\u00bb global_colors_info=\u00a0\u00bb{}\u00a0\u00bb][et_pb_column type=\u00a0\u00bb4_4&Prime; _builder_version=\u00a0\u00bb4.16&Prime; custom_padding=\u00a0\u00bb|||\u00a0\u00bb global_colors_info=\u00a0\u00bb{}\u00a0\u00bb custom_padding__hover=\u00a0\u00bb|||\u00a0\u00bb][et_pb_text quote_border_color=\u00a0\u00bb#7ab317&Prime; _builder_version=\u00a0\u00bb4.16&Prime; _module_preset=\u00a0\u00bbdefault\u00a0\u00bb text_font=\u00a0\u00bbRoboto|300|||||||\u00a0\u00bb text_text_color=\u00a0\u00bb#000000&Prime; link_font=\u00a0\u00bbRoboto|700|||||||\u00a0\u00bb link_text_color=\u00a0\u00bb#0f6a80&Prime; header_2_font=\u00a0\u00bbQuestrial||||||||\u00a0\u00bb header_2_font_size=\u00a0\u00bb48px\u00a0\u00bb header_3_font=\u00a0\u00bbQuestrial||||||||\u00a0\u00bb header_3_font_size=\u00a0\u00bb28px\u00a0\u00bb header_4_font=\u00a0\u00bbQuestrial||||||||\u00a0\u00bb header_4_font_size=\u00a0\u00bb22px\u00a0\u00bb header_4_letter_spacing=\u00a0\u00bb1px\u00a0\u00bb text_font_size_tablet=\u00a0\u00bb16px\u00a0\u00bb text_font_size_phone=\u00a0\u00bb16px\u00a0\u00bb text_font_size_last_edited=\u00a0\u00bbon|phone\u00a0\u00bb header_font_size_tablet=\u00a0\u00bb60px\u00a0\u00bb header_font_size_phone=\u00a0\u00bb40px\u00a0\u00bb header_font_size_last_edited=\u00a0\u00bbon|phone\u00a0\u00bb header_2_font_size_tablet=\u00a0\u00bb40px\u00a0\u00bb header_2_font_size_phone=\u00a0\u00bb30px\u00a0\u00bb header_2_font_size_last_edited=\u00a0\u00bbon|desktop\u00a0\u00bb header_3_font_size_tablet=\u00a0\u00bb\u00a0\u00bb header_3_font_size_phone=\u00a0\u00bb22px\u00a0\u00bb header_3_font_size_last_edited=\u00a0\u00bbon|phone\u00a0\u00bb header_4_font_size_tablet=\u00a0\u00bb\u00a0\u00bb header_4_font_size_phone=\u00a0\u00bb18px\u00a0\u00bb header_4_font_size_last_edited=\u00a0\u00bbon|tablet\u00a0\u00bb global_colors_info=\u00a0\u00bb{}\u00a0\u00bb]<\/p>\n<h2>R\u00e9servation<\/h2>\n<p>[\/et_pb_text][et_pb_toggle title=\u00a0\u00bbDemande de r\u00e9servation d&rsquo;une salle communautaire\u00a0\u00bb closed_toggle_text_color=\u00a0\u00bb#000000&Prime; icon_color=\u00a0\u00bb#7ab317&Prime; use_icon_font_size=\u00a0\u00bbon\u00a0\u00bb icon_font_size=\u00a0\u00bb25px\u00a0\u00bb open_icon_color=\u00a0\u00bb#7ab317&Prime; open_use_icon_font_size=\u00a0\u00bbon\u00a0\u00bb open_icon_font_size=\u00a0\u00bb25px\u00a0\u00bb icon_font_size_tablet=\u00a0\u00bb22px\u00a0\u00bb icon_font_size_phone=\u00a0\u00bb18px\u00a0\u00bb icon_font_size_last_edited=\u00a0\u00bbon|phone\u00a0\u00bb open_icon_font_size_tablet=\u00a0\u00bb22px\u00a0\u00bb open_icon_font_size_phone=\u00a0\u00bb18px\u00a0\u00bb open_icon_font_size_last_edited=\u00a0\u00bbon|phone\u00a0\u00bb module_id=\u00a0\u00bbmission\u00a0\u00bb _builder_version=\u00a0\u00bb4.19.0&Prime; _module_preset=\u00a0\u00bbdefault\u00a0\u00bb title_level=\u00a0\u00bbh3&Prime; title_font=\u00a0\u00bbQuestrial||||||||\u00a0\u00bb title_letter_spacing=\u00a0\u00bb1px\u00a0\u00bb closed_title_font=\u00a0\u00bbQuestrial||||||||\u00a0\u00bb closed_title_font_size=\u00a0\u00bb22px\u00a0\u00bb closed_title_letter_spacing=\u00a0\u00bb1px\u00a0\u00bb body_font=\u00a0\u00bbRoboto|300|||||||\u00a0\u00bb body_text_color=\u00a0\u00bb#000000&Prime; body_link_font=\u00a0\u00bbRoboto|700|||||||\u00a0\u00bb body_link_text_color=\u00a0\u00bb#0f6a80&Prime; custom_margin=\u00a0\u00bb0px||0px||true|false\u00a0\u00bb custom_padding=\u00a0\u00bb30px|33px|30px|33px|true|true\u00a0\u00bb hover_enabled=\u00a0\u00bb0&Prime; closed_title_font_size_tablet=\u00a0\u00bb22px\u00a0\u00bb closed_title_font_size_phone=\u00a0\u00bb18px\u00a0\u00bb closed_title_font_size_last_edited=\u00a0\u00bbon|phone\u00a0\u00bb border_width_all=\u00a0\u00bb0px\u00a0\u00bb border_color_all=\u00a0\u00bb#e5e5e5&Prime; locked=\u00a0\u00bboff\u00a0\u00bb global_colors_info=\u00a0\u00bb{}\u00a0\u00bb sticky_enabled=\u00a0\u00bb0&Prime;]<\/p>\n<p>Nous vous invitons \u00e0 lire la <a href=\"https:\/\/municipalitepontiac.com\/wp-content\/uploads\/2022\/05\/Politique-de-location-des-infrastructures-municipales-rev.-20-5-2022.pdf\" target=\"_blank\" rel=\"noopener\">Politique de location des infrastructures municipales<\/a> avant de poursuivre avec votre demande, car elle comprend plusieurs \u00e9l\u00e9ments importants tels que les r\u00e8glements, le fonctionnement, les prix, etc.<\/p>\n<p>Veuillez maintenant remplir le formulaire appropri\u00e9 ci-dessous et le transmettre \u00e0 <a href=\"mailto:info@municipalitepontiac.ca\" target=\"_blank\" rel=\"noopener\">info@municipalitepontiac.ca<\/a> :<\/p>\n<ul>\n<li style=\"list-style-type: none;\">\n<ul>\n<li><a href=\"https:\/\/municipalitepontiac.com\/wp-content\/uploads\/2022\/12\/F-LVC-001-Reservation-de-salle-13-dec.-2022.pdf\" target=\"_blank\" rel=\"noopener\">Demande de r\u00e9servation d&rsquo;une salle communautaire<\/a><\/li>\n<\/ul>\n<\/li>\n<\/ul>\n<p>[\/et_pb_toggle][\/et_pb_column][\/et_pb_row][et_pb_row admin_label=\u00a0\u00bbrow\u00a0\u00bb _builder_version=\u00a0\u00bb4.16&Prime; background_size=\u00a0\u00bbinitial\u00a0\u00bb background_position=\u00a0\u00bbtop_left\u00a0\u00bb background_repeat=\u00a0\u00bbrepeat\u00a0\u00bb global_colors_info=\u00a0\u00bb{}\u00a0\u00bb][et_pb_column type=\u00a0\u00bb4_4&Prime; _builder_version=\u00a0\u00bb4.16&Prime; custom_padding=\u00a0\u00bb|||\u00a0\u00bb global_colors_info=\u00a0\u00bb{}\u00a0\u00bb custom_padding__hover=\u00a0\u00bb|||\u00a0\u00bb][et_pb_text quote_border_color=\u00a0\u00bb#7ab317&Prime; _builder_version=\u00a0\u00bb4.16&Prime; _module_preset=\u00a0\u00bbdefault\u00a0\u00bb text_font=\u00a0\u00bbRoboto|300|||||||\u00a0\u00bb text_text_color=\u00a0\u00bb#000000&Prime; link_font=\u00a0\u00bbRoboto|700|||||||\u00a0\u00bb link_text_color=\u00a0\u00bb#0f6a80&Prime; header_2_font=\u00a0\u00bbQuestrial||||||||\u00a0\u00bb header_2_font_size=\u00a0\u00bb48px\u00a0\u00bb header_3_font=\u00a0\u00bbQuestrial||||||||\u00a0\u00bb header_3_font_size=\u00a0\u00bb28px\u00a0\u00bb header_4_font=\u00a0\u00bbQuestrial||||||||\u00a0\u00bb header_4_font_size=\u00a0\u00bb22px\u00a0\u00bb header_4_letter_spacing=\u00a0\u00bb1px\u00a0\u00bb text_font_size_tablet=\u00a0\u00bb16px\u00a0\u00bb text_font_size_phone=\u00a0\u00bb16px\u00a0\u00bb text_font_size_last_edited=\u00a0\u00bbon|phone\u00a0\u00bb header_font_size_tablet=\u00a0\u00bb60px\u00a0\u00bb header_font_size_phone=\u00a0\u00bb40px\u00a0\u00bb header_font_size_last_edited=\u00a0\u00bbon|phone\u00a0\u00bb header_2_font_size_tablet=\u00a0\u00bb40px\u00a0\u00bb header_2_font_size_phone=\u00a0\u00bb30px\u00a0\u00bb header_2_font_size_last_edited=\u00a0\u00bbon|desktop\u00a0\u00bb header_3_font_size_tablet=\u00a0\u00bb\u00a0\u00bb header_3_font_size_phone=\u00a0\u00bb22px\u00a0\u00bb header_3_font_size_last_edited=\u00a0\u00bbon|phone\u00a0\u00bb header_4_font_size_tablet=\u00a0\u00bb\u00a0\u00bb header_4_font_size_phone=\u00a0\u00bb18px\u00a0\u00bb header_4_font_size_last_edited=\u00a0\u00bbon|tablet\u00a0\u00bb global_colors_info=\u00a0\u00bb{}\u00a0\u00bb]<\/p>\n<h2>Information g\u00e9n\u00e9rale<\/h2>\n<p>[\/et_pb_text][et_pb_toggle title=\u00a0\u00bbCentre communautaire de Luskville\u00a0\u00bb closed_toggle_text_color=\u00a0\u00bb#000000&Prime; icon_color=\u00a0\u00bb#7ab317&Prime; use_icon_font_size=\u00a0\u00bbon\u00a0\u00bb icon_font_size=\u00a0\u00bb25px\u00a0\u00bb open_icon_color=\u00a0\u00bb#7ab317&Prime; open_use_icon_font_size=\u00a0\u00bbon\u00a0\u00bb open_icon_font_size=\u00a0\u00bb25px\u00a0\u00bb icon_font_size_tablet=\u00a0\u00bb22px\u00a0\u00bb icon_font_size_phone=\u00a0\u00bb18px\u00a0\u00bb icon_font_size_last_edited=\u00a0\u00bbon|phone\u00a0\u00bb open_icon_font_size_tablet=\u00a0\u00bb22px\u00a0\u00bb open_icon_font_size_phone=\u00a0\u00bb18px\u00a0\u00bb open_icon_font_size_last_edited=\u00a0\u00bbon|phone\u00a0\u00bb module_id=\u00a0\u00bbmission\u00a0\u00bb _builder_version=\u00a0\u00bb4.16&Prime; _module_preset=\u00a0\u00bbdefault\u00a0\u00bb title_level=\u00a0\u00bbh3&Prime; title_font=\u00a0\u00bbQuestrial||||||||\u00a0\u00bb title_letter_spacing=\u00a0\u00bb1px\u00a0\u00bb closed_title_font=\u00a0\u00bbQuestrial||||||||\u00a0\u00bb closed_title_font_size=\u00a0\u00bb22px\u00a0\u00bb closed_title_letter_spacing=\u00a0\u00bb1px\u00a0\u00bb body_font=\u00a0\u00bbRoboto|300|||||||\u00a0\u00bb body_text_color=\u00a0\u00bb#000000&Prime; body_link_font=\u00a0\u00bbRoboto|700|||||||\u00a0\u00bb body_link_text_color=\u00a0\u00bb#0f6a80&Prime; custom_margin=\u00a0\u00bb0px||0px||true|false\u00a0\u00bb custom_padding=\u00a0\u00bb30px|33px|30px|33px|true|true\u00a0\u00bb closed_title_font_size_tablet=\u00a0\u00bb22px\u00a0\u00bb closed_title_font_size_phone=\u00a0\u00bb18px\u00a0\u00bb closed_title_font_size_last_edited=\u00a0\u00bbon|phone\u00a0\u00bb border_width_all=\u00a0\u00bb0px\u00a0\u00bb border_color_all=\u00a0\u00bb#e5e5e5&Prime; locked=\u00a0\u00bboff\u00a0\u00bb global_colors_info=\u00a0\u00bb{}\u00a0\u00bb]<\/p>\n<p>2024, route 148, Pontiac<\/p>\n<p>&nbsp;<\/p>\n<h4>Description :<\/h4>\n<p>Le centre communautaire du secteur Luskville peut \u00eatre r\u00e9serv\u00e9 pour vos r\u00e9ceptions, activit\u00e9s sociales et r\u00e9unions. Il est \u00e9quip\u00e9 d\u2019une petite cuisine.<\/p>\n<p>&nbsp;<\/p>\n<p><strong>Capacit\u00e9:<\/strong><\/p>\n<p>Occupation tables amovibles = 293<\/p>\n<p>&nbsp;<\/p>\n<p>[\/et_pb_toggle][et_pb_toggle title=\u00a0\u00bbCentre communautaire de Quyon\u00a0\u00bb closed_toggle_text_color=\u00a0\u00bb#000000&Prime; icon_color=\u00a0\u00bb#7ab317&Prime; use_icon_font_size=\u00a0\u00bbon\u00a0\u00bb icon_font_size=\u00a0\u00bb25px\u00a0\u00bb open_icon_color=\u00a0\u00bb#7ab317&Prime; open_use_icon_font_size=\u00a0\u00bbon\u00a0\u00bb open_icon_font_size=\u00a0\u00bb25px\u00a0\u00bb icon_font_size_tablet=\u00a0\u00bb22px\u00a0\u00bb icon_font_size_phone=\u00a0\u00bb18px\u00a0\u00bb icon_font_size_last_edited=\u00a0\u00bbon|phone\u00a0\u00bb open_icon_font_size_tablet=\u00a0\u00bb22px\u00a0\u00bb open_icon_font_size_phone=\u00a0\u00bb18px\u00a0\u00bb open_icon_font_size_last_edited=\u00a0\u00bbon|phone\u00a0\u00bb module_id=\u00a0\u00bbmission\u00a0\u00bb _builder_version=\u00a0\u00bb4.16&Prime; _module_preset=\u00a0\u00bbdefault\u00a0\u00bb title_level=\u00a0\u00bbh3&Prime; title_font=\u00a0\u00bbQuestrial||||||||\u00a0\u00bb title_letter_spacing=\u00a0\u00bb1px\u00a0\u00bb closed_title_font=\u00a0\u00bbQuestrial||||||||\u00a0\u00bb closed_title_font_size=\u00a0\u00bb22px\u00a0\u00bb closed_title_letter_spacing=\u00a0\u00bb1px\u00a0\u00bb body_font=\u00a0\u00bbRoboto|300|||||||\u00a0\u00bb body_text_color=\u00a0\u00bb#000000&Prime; body_link_font=\u00a0\u00bbRoboto|700|||||||\u00a0\u00bb body_link_text_color=\u00a0\u00bb#0f6a80&Prime; custom_margin=\u00a0\u00bb0px||0px||true|false\u00a0\u00bb custom_padding=\u00a0\u00bb30px|30px|30px|30px|true|true\u00a0\u00bb closed_title_font_size_tablet=\u00a0\u00bb22px\u00a0\u00bb closed_title_font_size_phone=\u00a0\u00bb18px\u00a0\u00bb closed_title_font_size_last_edited=\u00a0\u00bbon|phone\u00a0\u00bb border_width_all=\u00a0\u00bb0px\u00a0\u00bb border_color_all=\u00a0\u00bb#e5e5e5&Prime; locked=\u00a0\u00bboff\u00a0\u00bb global_colors_info=\u00a0\u00bb{}\u00a0\u00bb]<\/p>\n<p>2, Chemin du Ferry, Quyon, QC<\/p>\n<p>&nbsp;<\/p>\n<h4>Description :<\/h4>\n<p>L&rsquo;\u00e9difice peut accommoder vos activit\u00e9s communautaires de toute sorte.<\/p>\n<p>Magnifique centre communautaire sur le bord de la \u00a0Rivi\u00e8re des Outaouais, dans le parc de Quyon, pr\u00e8s du traversier.<\/p>\n<p>Parfait pour les mariages, les grands rassemblements, les \u00e9v\u00e8nements int\u00e9rieurs et ext\u00e9rieurs, y compris une cuisine C1 (de qualit\u00e9 commerciale).<\/p>\n<p><strong>Capacit\u00e9:<\/strong><\/p>\n<p><span style=\"color: #ff0000;\">Grande salle<\/span> &#8211; occupation tables amovibles = 358\u00a0\u00a0<\/p>\n<p><span style=\"color: #ff0000;\">Salle \u00e0 l&rsquo;\u00e9tage<\/span> &#8211; occupation tables amovibles = 52 <\/p>\n<p><span style=\"color: #ff0000;\">\u00a0<\/span><\/p>\n<p>****************************<\/p>\n<p>R\u00e9servez d\u00e8s maintenant!<\/p>\n<p>[\/et_pb_toggle][et_pb_toggle title=\u00a0\u00bbSalle attenante \u00e0 la caserne de Breckenridge\u00a0\u00bb closed_toggle_text_color=\u00a0\u00bb#000000&Prime; icon_color=\u00a0\u00bb#7ab317&Prime; use_icon_font_size=\u00a0\u00bbon\u00a0\u00bb icon_font_size=\u00a0\u00bb25px\u00a0\u00bb open_icon_color=\u00a0\u00bb#7ab317&Prime; open_use_icon_font_size=\u00a0\u00bbon\u00a0\u00bb open_icon_font_size=\u00a0\u00bb25px\u00a0\u00bb icon_font_size_tablet=\u00a0\u00bb22px\u00a0\u00bb icon_font_size_phone=\u00a0\u00bb18px\u00a0\u00bb icon_font_size_last_edited=\u00a0\u00bbon|phone\u00a0\u00bb open_icon_font_size_tablet=\u00a0\u00bb22px\u00a0\u00bb open_icon_font_size_phone=\u00a0\u00bb18px\u00a0\u00bb open_icon_font_size_last_edited=\u00a0\u00bbon|phone\u00a0\u00bb module_id=\u00a0\u00bbmission\u00a0\u00bb _builder_version=\u00a0\u00bb4.16&Prime; _module_preset=\u00a0\u00bbdefault\u00a0\u00bb title_level=\u00a0\u00bbh3&Prime; title_font=\u00a0\u00bbQuestrial||||||||\u00a0\u00bb title_letter_spacing=\u00a0\u00bb1px\u00a0\u00bb closed_title_font=\u00a0\u00bbQuestrial||||||||\u00a0\u00bb closed_title_font_size=\u00a0\u00bb22px\u00a0\u00bb closed_title_letter_spacing=\u00a0\u00bb1px\u00a0\u00bb body_font=\u00a0\u00bbRoboto|300|||||||\u00a0\u00bb body_text_color=\u00a0\u00bb#000000&Prime; body_link_font=\u00a0\u00bbRoboto|700|||||||\u00a0\u00bb body_link_text_color=\u00a0\u00bb#0f6a80&Prime; custom_margin=\u00a0\u00bb0px||0px||true|false\u00a0\u00bb custom_padding=\u00a0\u00bb30px|33px|30px|33px|true|true\u00a0\u00bb closed_title_font_size_tablet=\u00a0\u00bb22px\u00a0\u00bb closed_title_font_size_phone=\u00a0\u00bb18px\u00a0\u00bb closed_title_font_size_last_edited=\u00a0\u00bbon|phone\u00a0\u00bb border_width_all=\u00a0\u00bb0px\u00a0\u00bb border_color_all=\u00a0\u00bb#e5e5e5&Prime; locked=\u00a0\u00bboff\u00a0\u00bb global_colors_info=\u00a0\u00bb{}\u00a0\u00bb]<\/p>\n<p>1491, route 148<\/p>\n<p>&nbsp;<\/p>\n<h4>Description :<\/h4>\n<p>La petite salle peut \u00eatre r\u00e9serv\u00e9e pour vos activit\u00e9s sociales et r\u00e9unions. Il n&rsquo;y a <span style=\"text-decoration: underline;\">aucune<\/span> cuisine \u00e0 cet emplacement.<\/p>\n<p>&nbsp;<\/p>\n<p><strong>Capacit\u00e9:<\/strong><\/p>\n<p>&nbsp;<\/p>\n<p>&nbsp;<\/p>\n<p>[\/et_pb_toggle][\/et_pb_column][\/et_pb_row][\/et_pb_section]<\/p>\n","protected":false},"excerpt":{"rendered":"<p>R\u00e9servation d&rsquo;un centre communautaireCitoyens \/ R\u00e9servation d&rsquo;un centre communautaireR\u00e9servationNous vous invitons \u00e0 lire la Politique de location des infrastructures municipales avant de poursuivre avec votre demande, car elle comprend plusieurs \u00e9l\u00e9ments importants tels que les r\u00e8glements, le fonctionnement, les prix, etc. Veuillez maintenant remplir le formulaire appropri\u00e9 ci-dessous et le transmettre \u00e0 info@municipalitepontiac.ca : Demande [&hellip;]<\/p>\n","protected":false},"author":1,"featured_media":0,"parent":0,"menu_order":0,"comment_status":"closed","ping_status":"closed","template":"","meta":{"_et_pb_use_builder":"on","_et_pb_old_content":"<!-- wp:bookly\/form {\"short_code\":\"[bookly-form hide=u0022categories,staff_members,date,week_days,time_rangeu0022]\",\"hide_category\":true,\"hide_staff\":true,\"hide_date\":true,\"hide_week_days\":true,\"hide_time_range\":true} -->\n<div class=\"wp-block-bookly-form\">[bookly-form hide=\"categories,staff_members,date,week_days,time_range\"]<\/div>\n<!-- \/wp:bookly\/form -->","_et_gb_content_width":"","footnotes":""},"class_list":["post-795","page","type-page","status-publish","hentry"],"_links":{"self":[{"href":"https:\/\/municipalitepontiac.com\/en\/wp-json\/wp\/v2\/pages\/795","targetHints":{"allow":["GET"]}}],"collection":[{"href":"https:\/\/municipalitepontiac.com\/en\/wp-json\/wp\/v2\/pages"}],"about":[{"href":"https:\/\/municipalitepontiac.com\/en\/wp-json\/wp\/v2\/types\/page"}],"author":[{"embeddable":true,"href":"https:\/\/municipalitepontiac.com\/en\/wp-json\/wp\/v2\/users\/1"}],"replies":[{"embeddable":true,"href":"https:\/\/municipalitepontiac.com\/en\/wp-json\/wp\/v2\/comments?post=795"}],"version-history":[{"count":61,"href":"https:\/\/municipalitepontiac.com\/en\/wp-json\/wp\/v2\/pages\/795\/revisions"}],"predecessor-version":[{"id":17894,"href":"https:\/\/municipalitepontiac.com\/en\/wp-json\/wp\/v2\/pages\/795\/revisions\/17894"}],"wp:attachment":[{"href":"https:\/\/municipalitepontiac.com\/en\/wp-json\/wp\/v2\/media?parent=795"}],"curies":[{"name":"wp","href":"https:\/\/api.w.org\/{rel}","templated":true}]}}