{"id":81,"date":"2020-10-05T14:51:39","date_gmt":"2020-10-05T14:51:39","guid":{"rendered":"https:\/\/municipalitepontiac.com\/?page_id=81"},"modified":"2024-01-10T09:56:36","modified_gmt":"2024-01-10T14:56:36","slug":"nous-joindre","status":"publish","type":"page","link":"https:\/\/municipalitepontiac.com\/en\/nous-joindre\/","title":{"rendered":"Contact Us<\/a>"},"content":{"rendered":"<p>[et_pb_section fb_built=\u00a0\u00bb1&Prime; _builder_version=\u00a0\u00bb4.19.0&Prime; _module_preset=\u00a0\u00bbdefault\u00a0\u00bb background_enable_color=\u00a0\u00bboff\u00a0\u00bb use_background_color_gradient=\u00a0\u00bbon\u00a0\u00bb background_color_gradient_stops=\u00a0\u00bbrgba(123,180,42,0.8) 0%|rgba(15,106,128,0.6) 100%\u00a0\u00bb background_color_gradient_overlays_image=\u00a0\u00bbon\u00a0\u00bb background_color_gradient_start=\u00a0\u00bbrgba(123,180,42,0.8)\u00a0\u00bb background_color_gradient_end=\u00a0\u00bbrgba(15,106,128,0.6)\u00a0\u00bb background_image=\u00a0\u00bbhttps:\/\/municipalitepontiac.com\/wp-content\/uploads\/2021\/01\/pexels-tatiana-syrikova-3975589-scaled.jpg\u00a0\u00bb locked=\u00a0\u00bboff\u00a0\u00bb global_colors_info=\u00a0\u00bb{}\u00a0\u00bb][et_pb_row _builder_version=\u00a0\u00bb4.16&Prime; _module_preset=\u00a0\u00bbdefault\u00a0\u00bb global_colors_info=\u00a0\u00bb{}\u00a0\u00bb][et_pb_column type=\u00a0\u00bb4_4&Prime; _builder_version=\u00a0\u00bb4.16&Prime; _module_preset=\u00a0\u00bbdefault\u00a0\u00bb global_colors_info=\u00a0\u00bb{}\u00a0\u00bb][et_pb_text _builder_version=\u00a0\u00bb4.16&Prime; _module_preset=\u00a0\u00bbdefault\u00a0\u00bb text_font=\u00a0\u00bbRoboto|300|||||||\u00a0\u00bb header_text_color=\u00a0\u00bb#ffffff\u00a0\u00bb header_2_font=\u00a0\u00bbQuestrial||||||||\u00a0\u00bb header_2_font_size=\u00a0\u00bb48px\u00a0\u00bb hover_enabled=\u00a0\u00bb0&Prime; header_font_size_tablet=\u00a0\u00bb60px\u00a0\u00bb header_font_size_phone=\u00a0\u00bb36px\u00a0\u00bb header_font_size_last_edited=\u00a0\u00bbon|phone\u00a0\u00bb header_2_font_size_tablet=\u00a0\u00bb\u00a0\u00bb header_2_font_size_phone=\u00a0\u00bb36px\u00a0\u00bb header_2_font_size_last_edited=\u00a0\u00bbon|phone\u00a0\u00bb global_colors_info=\u00a0\u00bb{}\u00a0\u00bb sticky_enabled=\u00a0\u00bb0&Prime;]<\/p>\n<h1 style=\"text-align: left;\">Nous joindre<\/h1>\n<p>[\/et_pb_text][\/et_pb_column][\/et_pb_row][\/et_pb_section][et_pb_section fb_built=\u00a0\u00bb1&Prime; _builder_version=\u00a0\u00bb4.19.0&Prime; _module_preset=\u00a0\u00bbdefault\u00a0\u00bb global_colors_info=\u00a0\u00bb{}\u00a0\u00bb][et_pb_row _builder_version=\u00a0\u00bb4.16&Prime; _module_preset=\u00a0\u00bbdefault\u00a0\u00bb hover_enabled=\u00a0\u00bb0&Prime; locked=\u00a0\u00bboff\u00a0\u00bb global_colors_info=\u00a0\u00bb{}\u00a0\u00bb sticky_enabled=\u00a0\u00bb0&Prime;][et_pb_column type=\u00a0\u00bb4_4&Prime; _builder_version=\u00a0\u00bb4.16&Prime; _module_preset=\u00a0\u00bbdefault\u00a0\u00bb global_colors_info=\u00a0\u00bb{}\u00a0\u00bb][et_pb_text _builder_version=\u00a0\u00bb4.16&Prime; _module_preset=\u00a0\u00bbdefault\u00a0\u00bb text_font=\u00a0\u00bbRoboto|300|||||||\u00a0\u00bb text_text_color=\u00a0\u00bb#000000&Prime; header_2_font=\u00a0\u00bbQuestrial||||||||\u00a0\u00bb header_2_font_size=\u00a0\u00bb48px\u00a0\u00bb hover_enabled=\u00a0\u00bb0&Prime; header_2_font_size_tablet=\u00a0\u00bb\u00a0\u00bb header_2_font_size_phone=\u00a0\u00bb36px\u00a0\u00bb header_2_font_size_last_edited=\u00a0\u00bbon|phone\u00a0\u00bb global_colors_info=\u00a0\u00bb{}\u00a0\u00bb sticky_enabled=\u00a0\u00bb0&Prime;]<\/p>\n<p>Nous joindre<\/p>\n<p>[\/et_pb_text][\/et_pb_column][\/et_pb_row][et_pb_row column_structure=\u00a0\u00bb3_5,2_5&Prime; _builder_version=\u00a0\u00bb4.16&Prime; _module_preset=\u00a0\u00bbdefault\u00a0\u00bb custom_padding=\u00a0\u00bb50px|||||\u00a0\u00bb hover_enabled=\u00a0\u00bb0&Prime; global_colors_info=\u00a0\u00bb{}\u00a0\u00bb sticky_enabled=\u00a0\u00bb0&Prime;][et_pb_column type=\u00a0\u00bb3_5&Prime; _builder_version=\u00a0\u00bb4.16&Prime; _module_preset=\u00a0\u00bbdefault\u00a0\u00bb global_colors_info=\u00a0\u00bb{}\u00a0\u00bb][et_pb_text _builder_version=\u00a0\u00bb4.16&Prime; _module_preset=\u00a0\u00bbdefault\u00a0\u00bb header_2_font=\u00a0\u00bbQuestrial||||||||\u00a0\u00bb header_2_font_size=\u00a0\u00bb48px\u00a0\u00bb header_3_font=\u00a0\u00bbQuestrial||||||||\u00a0\u00bb hover_enabled=\u00a0\u00bb0&Prime; header_2_font_size_tablet=\u00a0\u00bb30px\u00a0\u00bb header_2_font_size_phone=\u00a0\u00bb\u00a0\u00bb header_2_font_size_last_edited=\u00a0\u00bbon|tablet\u00a0\u00bb locked=\u00a0\u00bboff\u00a0\u00bb global_colors_info=\u00a0\u00bb{}\u00a0\u00bb sticky_enabled=\u00a0\u00bb0&Prime;]<\/p>\n<h2>Formulaire de contact<\/h2>\n<p>[\/et_pb_text][et_pb_code _builder_version=\u00a0\u00bb4.16&Prime; _module_preset=\u00a0\u00bbdefault\u00a0\u00bb custom_margin=\u00a0\u00bb-18px||||false|false\u00a0\u00bb global_colors_info=\u00a0\u00bb{}\u00a0\u00bb]<!-- HTML Forms v1.6.4 - https:\/\/wordpress.org\/plugins\/html-forms\/ -->\n<form method=\"post\"  class=\"hf-form hf-form-5521 \" data-id=\"5521\" data-title=\"Contact\" data-slug=\"contact\" data-message-success=\"&lt;strong&gt;Merci! Nous vous contacterons sous peu. &lt;br&gt; Thank you! We will be in touch soon.&lt;\/strong&gt;\" data-message-invalid-email=\"&lt;strong&gt;D\u00e9sol\u00e9, il semble que votre adresse courriel soit invalide. &lt;br&gt; Sorry, that email address looks invalid.&lt;\/strong&gt;\" data-message-required-field-missing=\"&lt;strong&gt;SVP, remplir tous les champs requis. &lt;br&gt; Please fill in the required fields.&lt;\/strong&gt;\" data-message-error=\"&lt;strong&gt;Oops. Une erreur est survenue. &lt;br&gt; Oops. An error occurred.&lt;\/strong&gt;\" data-message-recaptcha-failed=\"reCAPTCHA verification failed. Please try again.\" data-message-recaptcha-low-score=\"Your submission appears to be spam. Please try again.\"><input type=\"hidden\" name=\"_hf_form_id\" value=\"5521\" \/><div style=\"display: none;\"><input type=\"text\" name=\"_hf_h5521\" value=\"\" \/><\/div><div class=\"hf-fields-wrap\"><style>\r\n  label{\r\n  font-size:18px;\r\n    font-family: 'Questrial', sans-serif;\r\n    font-weight:600;\r\n    margin-top:0;\r\n  }\r\n  \r\n  .required {\r\n   color: #7AB317;\r\n  }\r\n  \r\n* {\r\n  box-sizing: border-box;\r\n}\r\n  \r\n  input[type=\"email\"], input[type=\"text\"], select, textarea {\r\n  margin-top:15px;\r\n    margin-bottom:15px;\r\n    width:100%;\r\n    font-size:16px;\r\n    font-family: 'Roboto', sans-serif;\r\n    padding:5px;\r\n    border:1px solid black;\r\n    \r\n  }\r\n  \r\n  input[type=\"submit\"]{\r\n  color: #ffffff!important;\r\n    border-width: 0px!important;\r\n    font-size: 14px;\r\n    font-family: 'Roboto',Helvetica,Arial,Lucida,sans-serif!important;\r\n    font-weight: 300!important;\r\n    text-transform: uppercase!important;\r\n    background-color: #7ab317;\r\n    padding: .3em 1em!important;\r\n  }\r\n  \r\n  input[type=\"submit\"]:hover {\r\n   background-color:#0f6a80; \r\n  }\r\n\r\n  textarea{\r\n  min-height:100px;\r\n  }\r\n  \r\n.row::after {\r\n  content: \"\";\r\n  clear: both;\r\n  display: table;\r\n}\r\n  \r\n\/* For mobile phones: *\/\r\n[class*=\"col-\"] {\r\n  width: 100%;\r\n  float:left;\r\n  padding:5px;\r\n}\r\n\r\n@media only screen and (min-width: 768px) {\r\n  \/* For desktop: *\/\r\n  .col-1 {width: 8.33%;}\r\n  .col-2 {width: 16.66%;}\r\n  .col-3 {width: 25%;}\r\n  .col-4 {width: 33.33%;}\r\n  .col-5 {width: 41.66%;}\r\n  .col-6 {width: 50%;}\r\n  .col-7 {width: 58.33%;}\r\n  .col-8 {width: 66.66%;}\r\n  .col-9 {width: 75%;}\r\n  .col-10 {width: 83.33%;}\r\n  .col-11 {width: 91.66%;}\r\n  .col-12 {width: 100%;}\r\n}\r\n<\/style>\r\n\r\n<div class=\"row\">\r\n  <div class=\"col-12\">\r\n<div class=\"col-6\">\r\n\t<label>Pr\u00e9nom <span class=\"required\">*<\/span><\/label><br>\r\n\t<input type=\"text\" name=\"PRENOM\" required \/>\r\n<\/div>\r\n  \r\n<div class=\"col-6\">\r\n\t<label>Nom <span class=\"required\">*<\/span><\/label><br>\r\n\t<input type=\"text\" name=\"NAME\" required \/>\r\n<\/div>\r\n<div class=\"col-6\">\r\n\t<label>Adresse <span class=\"required\">*<\/span><\/label><br>\r\n\t<input type=\"text\" name=\"ADRESSE\" required \/>\r\n<\/div>\r\n    \r\n<div class=\"col-6\">\r\n\t<label>Courriel <span class=\"required\">*<\/span><\/label><br>\r\n\t<input type=\"email\" name=\"EMAIL\" required \/>\r\n<\/div>\r\n<div class=\"col-12\">\r\n\t<label for=\"contact-DESTINATAIRE\">Destinataire <span class=\"required\">*<\/span><\/label><br>\r\n\t<select required id=\"contact-DROP\" type=\"email\" name=\"DESTINATAIRE\" id=\"contact-DESTINATAIRE\">\r\n \r\n      <option disabled selected value><\/option>\r\n      \r\n      <!--SERVICE DES FINANCES ET DE LA TAXATION-->\r\n      \r\n     \t<option value=\"ramsay.louise@municipalitepontiac.ca,normandin.valerie@municipalitepontiac.ca, larose.marie@municipalitepontiac.ca\">Finances et taxation<\/option>\r\n      \r\n     <!--SERVICE DE L'URBANISME-->\r\n      \r\n \t\t<option value=\"urbanisme@municipalitepontiac.ca,dube.lisanne@municipalitepontiac.ca,doucet.paul@municipalitepontiac.ca\">Urbanisme<\/option>\r\n      \r\n      <!--SERVICE DES TRAVAUX PUBLICS-->\r\n      \r\n  \t\t<option value=\"travauxpublics@municipalitepontiac.ca,aubrey.stephanie@municipalitepontiac.ca\">Travaux publics<\/option>\r\n      \r\n      <!--SERVICE DE S\u00c9CURIT\u00c9 INCENDIE-->\r\n      \r\n     \t<option value=\"dsip@municipalitepontiac.ca,normandin.valerie@municipalitepontiac.ca\">S\u00e9curit\u00e9 incendie<\/option>\r\n     \r\n      <!--S\u00c9CURIT\u00c9 PUBLIQUE-->\r\n      \r\n      <option value=\"\">S\u00e9curit\u00e9 publique<\/option>\r\n      \r\n      <!--SERVICE DES COMMUNICATIONS-->\r\n      \r\n      \t<option value=\"staubin.lucie@municipalitepontiac.ca\">Communications<\/option>\r\n\r\n \r\n  <\/select>\r\n<\/div>\r\n<div class=\"col-12\">\r\n\t<label>Sujet<\/label><br>\r\n\t<input type=\"text\" name=\"SUBJECT\" required \/>\r\n<\/div>\r\n<div class=\"col-12\">\r\n\t<label>Message <span class=\"required\">*<\/span><\/label><br>\r\n\t<textarea name=\"MESSAGE\" required><\/textarea>\r\n<\/div>\r\n    <p>\r\n\t<input type=\"submit\" value=\"Soumettre\" \/>\r\n<\/p>\r\n     <\/div>\r\n<\/div><noscript>Please enable JavaScript for this form to work.<\/noscript><\/div><\/form><!-- \/ HTML Forms -->[\/et_pb_code][et_pb_text _builder_version=\u00a0\u00bb4.16&Prime; _module_preset=\u00a0\u00bbdefault\u00a0\u00bb text_font=\u00a0\u00bbRoboto|300|||||||\u00a0\u00bb link_text_color=\u00a0\u00bb#0f6a80&Prime; header_2_font=\u00a0\u00bbQuestrial||||||||\u00a0\u00bb header_2_font_size=\u00a0\u00bb48px\u00a0\u00bb header_3_font=\u00a0\u00bbQuestrial||||||||\u00a0\u00bb header_2_font_size_tablet=\u00a0\u00bb30px\u00a0\u00bb header_2_font_size_phone=\u00a0\u00bb\u00a0\u00bb header_2_font_size_last_edited=\u00a0\u00bbon|tablet\u00a0\u00bb global_colors_info=\u00a0\u00bb{}\u00a0\u00bb]<\/p>\n<p>* Nous enregistrons votre requ\u00eate dans notre syst\u00e8me informatis\u00e9 et la transmettons \u00e0 qui de droit pour un suivi.<\/p>\n<p>[\/et_pb_text][\/et_pb_column][et_pb_column type=\u00a0\u00bb2_5&Prime; _builder_version=\u00a0\u00bb4.16&Prime; _module_preset=\u00a0\u00bbdefault\u00a0\u00bb custom_padding=\u00a0\u00bb|0px||0px|false|false\u00a0\u00bb global_colors_info=\u00a0\u00bb{}\u00a0\u00bb transform_styles__hover_enabled=\u00a0\u00bboff|desktop\u00a0\u00bb transform_scale__hover_enabled=\u00a0\u00bboff|desktop\u00a0\u00bb transform_translate__hover_enabled=\u00a0\u00bboff|desktop\u00a0\u00bb transform_rotate__hover_enabled=\u00a0\u00bboff|desktop\u00a0\u00bb transform_skew__hover_enabled=\u00a0\u00bboff|desktop\u00a0\u00bb transform_origin__hover_enabled=\u00a0\u00bboff|desktop\u00a0\u00bb][et_pb_text _builder_version=\u00a0\u00bb4.16&Prime; _module_preset=\u00a0\u00bbdefault\u00a0\u00bb header_2_font=\u00a0\u00bbQuestrial||||||||\u00a0\u00bb header_2_font_size=\u00a0\u00bb48px\u00a0\u00bb header_3_font=\u00a0\u00bbQuestrial||||||||\u00a0\u00bb header_2_font_size_tablet=\u00a0\u00bb30px\u00a0\u00bb header_2_font_size_phone=\u00a0\u00bb\u00a0\u00bb header_2_font_size_last_edited=\u00a0\u00bbon|tablet\u00a0\u00bb global_colors_info=\u00a0\u00bb{}\u00a0\u00bb]<\/p>\n<h2>Informations<\/h2>\n<p>[\/et_pb_text][et_pb_text quote_border_color=\u00a0\u00bb#7ab317&Prime; _builder_version=\u00a0\u00bb4.16&Prime; _module_preset=\u00a0\u00bbdefault\u00a0\u00bb text_font=\u00a0\u00bbRoboto|300|||||||\u00a0\u00bb text_text_color=\u00a0\u00bb#000000&Prime; link_font=\u00a0\u00bbRoboto|700|||||||\u00a0\u00bb link_text_color=\u00a0\u00bb#0f6a80&Prime; header_2_font=\u00a0\u00bbQuestrial||||||||\u00a0\u00bb header_2_font_size=\u00a0\u00bb48px\u00a0\u00bb header_3_font=\u00a0\u00bbQuestrial||||||||\u00a0\u00bb header_3_font_size=\u00a0\u00bb28px\u00a0\u00bb header_4_font=\u00a0\u00bbQuestrial||||||||\u00a0\u00bb header_4_font_size=\u00a0\u00bb22px\u00a0\u00bb header_4_letter_spacing=\u00a0\u00bb1px\u00a0\u00bb text_font_size_tablet=\u00a0\u00bb16px\u00a0\u00bb text_font_size_phone=\u00a0\u00bb16px\u00a0\u00bb text_font_size_last_edited=\u00a0\u00bbon|phone\u00a0\u00bb header_font_size_tablet=\u00a0\u00bb60px\u00a0\u00bb header_font_size_phone=\u00a0\u00bb40px\u00a0\u00bb header_font_size_last_edited=\u00a0\u00bbon|phone\u00a0\u00bb header_2_font_size_tablet=\u00a0\u00bb40px\u00a0\u00bb header_2_font_size_phone=\u00a0\u00bb30px\u00a0\u00bb header_2_font_size_last_edited=\u00a0\u00bbon|desktop\u00a0\u00bb header_3_font_size_tablet=\u00a0\u00bb\u00a0\u00bb header_3_font_size_phone=\u00a0\u00bb22px\u00a0\u00bb header_3_font_size_last_edited=\u00a0\u00bbon|phone\u00a0\u00bb header_4_font_size_tablet=\u00a0\u00bb\u00a0\u00bb header_4_font_size_phone=\u00a0\u00bb18px\u00a0\u00bb header_4_font_size_last_edited=\u00a0\u00bbon|phone\u00a0\u00bb global_colors_info=\u00a0\u00bb{}\u00a0\u00bb]<\/p>\n<h4>T\u00e9l\u00e9phone (sans frais)<\/h4>\n<p><a href=\"tel:18884552401\">1-888-455-2401<\/a><\/p>\n<h4>T\u00e9l\u00e9phone<\/h4>\n<p><a href=\"tel:8194552401\">819-455-2401<\/a><\/p>\n<h4>T\u00e9l\u00e9copieur<\/h4>\n<p><a href=\"tel:8194559756\">819-455-9756<\/a><\/p>\n<h4>Par courriel<\/h4>\n<p><a href=\"mailto:info@municipalpontiac.ca\">info@municipalitepontiac.ca<\/a><\/p>\n<h4>Adresse<\/h4>\n<p>Municipalit\u00e9 de Pontiac<br \/>2024, route 148<br \/>Pontiac (Qu\u00e9bec)<br \/>J0X 2G0<\/p>\n<h4>Heures d&rsquo;ouverture<\/h4>\n<p>Ouvert du lundi au vendredi de 8h \u00e0 16h.<\/p>\n<p><span style=\"color: #ff0000;\">En dehors des heures d&rsquo;ouverture du bureau municipal, pour toute situation indiquant un risque pour la s\u00e9curit\u00e9,\u00a0veuillez composer le 911.<\/span><\/p>\n<p>[\/et_pb_text][\/et_pb_column][\/et_pb_row][\/et_pb_section]<\/p>\n","protected":false},"excerpt":{"rendered":"<p>Nous joindreNous joindreFormulaire de contact<!-- HTML Forms v1.6.4 - https:\/\/wordpress.org\/plugins\/html-forms\/ -->\n<form method=\"post\"  class=\"hf-form hf-form-5521 \" data-id=\"5521\" data-title=\"Contact\" data-slug=\"contact\" data-message-success=\"&lt;strong&gt;Merci! Nous vous contacterons sous peu. &lt;br&gt; Thank you! We will be in touch soon.&lt;\/strong&gt;\" data-message-invalid-email=\"&lt;strong&gt;D\u00e9sol\u00e9, il semble que votre adresse courriel soit invalide. &lt;br&gt; Sorry, that email address looks invalid.&lt;\/strong&gt;\" data-message-required-field-missing=\"&lt;strong&gt;SVP, remplir tous les champs requis. &lt;br&gt; Please fill in the required fields.&lt;\/strong&gt;\" data-message-error=\"&lt;strong&gt;Oops. Une erreur est survenue. &lt;br&gt; Oops. An error occurred.&lt;\/strong&gt;\" data-message-recaptcha-failed=\"reCAPTCHA verification failed. Please try again.\" data-message-recaptcha-low-score=\"Your submission appears to be spam. Please try again.\"><input type=\"hidden\" name=\"_hf_form_id\" value=\"5521\" \/><div style=\"display: none;\"><input type=\"text\" name=\"_hf_h5521\" value=\"\" \/><\/div><div class=\"hf-fields-wrap\"><style>\r\n  label{\r\n  font-size:18px;\r\n    font-family: 'Questrial', sans-serif;\r\n    font-weight:600;\r\n    margin-top:0;\r\n  }\r\n  \r\n  .required {\r\n   color: #7AB317;\r\n  }\r\n  \r\n* {\r\n  box-sizing: border-box;\r\n}\r\n  \r\n  input[type=\"email\"], input[type=\"text\"], select, textarea {\r\n  margin-top:15px;\r\n    margin-bottom:15px;\r\n    width:100%;\r\n    font-size:16px;\r\n    font-family: 'Roboto', sans-serif;\r\n    padding:5px;\r\n    border:1px solid black;\r\n    \r\n  }\r\n  \r\n  input[type=\"submit\"]{\r\n  color: #ffffff!important;\r\n    border-width: 0px!important;\r\n    font-size: 14px;\r\n    font-family: 'Roboto',Helvetica,Arial,Lucida,sans-serif!important;\r\n    font-weight: 300!important;\r\n    text-transform: uppercase!important;\r\n    background-color: #7ab317;\r\n    padding: .3em 1em!important;\r\n  }\r\n  \r\n  input[type=\"submit\"]:hover {\r\n   background-color:#0f6a80; \r\n  }\r\n\r\n  textarea{\r\n  min-height:100px;\r\n  }\r\n  \r\n.row::after {\r\n  content: \"\";\r\n  clear: both;\r\n  display: table;\r\n}\r\n  \r\n\/* For mobile phones: *\/\r\n[class*=\"col-\"] {\r\n  width: 100%;\r\n  float:left;\r\n  padding:5px;\r\n}\r\n\r\n@media only screen and (min-width: 768px) {\r\n  \/* For desktop: *\/\r\n  .col-1 {width: 8.33%;}\r\n  .col-2 {width: 16.66%;}\r\n  .col-3 {width: 25%;}\r\n  .col-4 {width: 33.33%;}\r\n  .col-5 {width: 41.66%;}\r\n  .col-6 {width: 50%;}\r\n  .col-7 {width: 58.33%;}\r\n  .col-8 {width: 66.66%;}\r\n  .col-9 {width: 75%;}\r\n  .col-10 {width: 83.33%;}\r\n  .col-11 {width: 91.66%;}\r\n  .col-12 {width: 100%;}\r\n}\r\n<\/style>\r\n\r\n<div class=\"row\">\r\n  <div class=\"col-12\">\r\n<div class=\"col-6\">\r\n\t<label>Pr\u00e9nom <span class=\"required\">*<\/span><\/label><br>\r\n\t<input type=\"text\" name=\"PRENOM\" required \/>\r\n<\/div>\r\n  \r\n<div class=\"col-6\">\r\n\t<label>Nom <span class=\"required\">*<\/span><\/label><br>\r\n\t<input type=\"text\" name=\"NAME\" required \/>\r\n<\/div>\r\n<div class=\"col-6\">\r\n\t<label>Adresse <span class=\"required\">*<\/span><\/label><br>\r\n\t<input type=\"text\" name=\"ADRESSE\" required \/>\r\n<\/div>\r\n    \r\n<div class=\"col-6\">\r\n\t<label>Courriel <span class=\"required\">*<\/span><\/label><br>\r\n\t<input type=\"email\" name=\"EMAIL\" required \/>\r\n<\/div>\r\n<div class=\"col-12\">\r\n\t<label for=\"contact-DESTINATAIRE\">Destinataire <span class=\"required\">*<\/span><\/label><br>\r\n\t<select required id=\"contact-DROP\" type=\"email\" name=\"DESTINATAIRE\" id=\"contact-DESTINATAIRE\">\r\n \r\n      <option disabled selected value><\/option>\r\n      \r\n      <!--SERVICE DES FINANCES ET DE LA TAXATION-->\r\n      \r\n     \t<option value=\"ramsay.louise@municipalitepontiac.ca,normandin.valerie@municipalitepontiac.ca, larose.marie@municipalitepontiac.ca\">Finances et taxation<\/option>\r\n      \r\n     <!--SERVICE DE L'URBANISME-->\r\n      \r\n \t\t<option value=\"urbanisme@municipalitepontiac.ca,dube.lisanne@municipalitepontiac.ca,doucet.paul@municipalitepontiac.ca\">Urbanisme<\/option>\r\n      \r\n      <!--SERVICE DES TRAVAUX PUBLICS-->\r\n      \r\n  \t\t<option value=\"travauxpublics@municipalitepontiac.ca,aubrey.stephanie@municipalitepontiac.ca\">Travaux publics<\/option>\r\n      \r\n      <!--SERVICE DE S\u00c9CURIT\u00c9 INCENDIE-->\r\n      \r\n     \t<option value=\"dsip@municipalitepontiac.ca,normandin.valerie@municipalitepontiac.ca\">S\u00e9curit\u00e9 incendie<\/option>\r\n     \r\n      <!--S\u00c9CURIT\u00c9 PUBLIQUE-->\r\n      \r\n      <option value=\"\">S\u00e9curit\u00e9 publique<\/option>\r\n      \r\n      <!--SERVICE DES COMMUNICATIONS-->\r\n      \r\n      \t<option value=\"staubin.lucie@municipalitepontiac.ca\">Communications<\/option>\r\n\r\n \r\n  <\/select>\r\n<\/div>\r\n<div class=\"col-12\">\r\n\t<label>Sujet<\/label><br>\r\n\t<input type=\"text\" name=\"SUBJECT\" required \/>\r\n<\/div>\r\n<div class=\"col-12\">\r\n\t<label>Message <span class=\"required\">*<\/span><\/label><br>\r\n\t<textarea name=\"MESSAGE\" required><\/textarea>\r\n<\/div>\r\n    <p>\r\n\t<input type=\"submit\" value=\"Soumettre\" \/>\r\n<\/p>\r\n     <\/div>\r\n<\/div><noscript>Please enable JavaScript for this form to work.<\/noscript><\/div><\/form><!-- \/ HTML Forms -->* Nous enregistrons votre requ\u00eate dans notre syst\u00e8me informatis\u00e9 et la transmettons \u00e0 qui de droit pour un suivi.InformationsT\u00e9l\u00e9phone (sans frais) 1-888-455-2401 T\u00e9l\u00e9phone 819-455-2401 T\u00e9l\u00e9copieur 819-455-9756 Par courriel info@municipalitepontiac.ca Adresse Municipalit\u00e9 de Pontiac2024, route 148Pontiac (Qu\u00e9bec)J0X 2G0 Heures d&rsquo;ouverture Ouvert du lundi au vendredi de 8h \u00e0 16h. En dehors [&hellip;]<\/p>\n","protected":false},"author":1,"featured_media":0,"parent":0,"menu_order":0,"comment_status":"closed","ping_status":"closed","template":"","meta":{"_et_pb_use_builder":"on","_et_pb_old_content":"","_et_gb_content_width":"","footnotes":""},"class_list":["post-81","page","type-page","status-publish","hentry"],"_links":{"self":[{"href":"https:\/\/municipalitepontiac.com\/en\/wp-json\/wp\/v2\/pages\/81","targetHints":{"allow":["GET"]}}],"collection":[{"href":"https:\/\/municipalitepontiac.com\/en\/wp-json\/wp\/v2\/pages"}],"about":[{"href":"https:\/\/municipalitepontiac.com\/en\/wp-json\/wp\/v2\/types\/page"}],"author":[{"embeddable":true,"href":"https:\/\/municipalitepontiac.com\/en\/wp-json\/wp\/v2\/users\/1"}],"replies":[{"embeddable":true,"href":"https:\/\/municipalitepontiac.com\/en\/wp-json\/wp\/v2\/comments?post=81"}],"version-history":[{"count":68,"href":"https:\/\/municipalitepontiac.com\/en\/wp-json\/wp\/v2\/pages\/81\/revisions"}],"predecessor-version":[{"id":19270,"href":"https:\/\/municipalitepontiac.com\/en\/wp-json\/wp\/v2\/pages\/81\/revisions\/19270"}],"wp:attachment":[{"href":"https:\/\/municipalitepontiac.com\/en\/wp-json\/wp\/v2\/media?parent=81"}],"curies":[{"name":"wp","href":"https:\/\/api.w.org\/{rel}","templated":true}]}}