{"id":8109,"date":"2021-02-02T11:39:29","date_gmt":"2021-02-02T16:39:29","guid":{"rendered":"https:\/\/municipalitepontiac.com\/?page_id=8109"},"modified":"2023-10-30T23:22:47","modified_gmt":"2023-10-31T03:22:47","slug":"demande-daide-financiere","status":"publish","type":"page","link":"https:\/\/municipalitepontiac.com\/en\/demande-daide-financiere\/","title":{"rendered":"Request for Financial Assistance"},"content":{"rendered":"<p>[et_pb_section fb_built=\u00a0\u00bb1&Prime; _builder_version=\u00a0\u00bb4.19.0&Prime; _module_preset=\u00a0\u00bbdefault\u00a0\u00bb background_enable_color=\u00a0\u00bboff\u00a0\u00bb use_background_color_gradient=\u00a0\u00bbon\u00a0\u00bb background_color_gradient_stops=\u00a0\u00bbrgba(123,180,42,0.8) 0%|rgba(15,106,128,0.6) 100%\u00a0\u00bb background_color_gradient_overlays_image=\u00a0\u00bbon\u00a0\u00bb background_color_gradient_start=\u00a0\u00bbrgba(123,180,42,0.8)\u00a0\u00bb background_color_gradient_end=\u00a0\u00bbrgba(15,106,128,0.6)\u00a0\u00bb background_image=\u00a0\u00bbhttps:\/\/municipalitepontiac.com\/wp-content\/uploads\/2021\/02\/pexels-andre-taissin-6052793.jpg\u00a0\u00bb hover_enabled=\u00a0\u00bb0&Prime; locked=\u00a0\u00bboff\u00a0\u00bb global_colors_info=\u00a0\u00bb{}\u00a0\u00bb sticky_enabled=\u00a0\u00bb0&Prime;][et_pb_row _builder_version=\u00a0\u00bb4.16&Prime; _module_preset=\u00a0\u00bbdefault\u00a0\u00bb global_colors_info=\u00a0\u00bb{}\u00a0\u00bb][et_pb_column type=\u00a0\u00bb4_4&Prime; _builder_version=\u00a0\u00bb4.16&Prime; _module_preset=\u00a0\u00bbdefault\u00a0\u00bb global_colors_info=\u00a0\u00bb{}\u00a0\u00bb][et_pb_text _builder_version=\u00a0\u00bb4.16&Prime; _module_preset=\u00a0\u00bbdefault\u00a0\u00bb text_font=\u00a0\u00bbRoboto|300|||||||\u00a0\u00bb link_text_color=\u00a0\u00bb#0f6a80&Prime; header_text_color=\u00a0\u00bb#ffffff\u00a0\u00bb header_2_font=\u00a0\u00bbQuestrial||||||||\u00a0\u00bb header_2_font_size=\u00a0\u00bb48px\u00a0\u00bb header_3_font=\u00a0\u00bbQuestrial||||||||\u00a0\u00bb header_3_font_size=\u00a0\u00bb28px\u00a0\u00bb header_4_font=\u00a0\u00bbQuestrial||||||||\u00a0\u00bb custom_margin=\u00a0\u00bb||||false|false\u00a0\u00bb text_font_size_tablet=\u00a0\u00bb16px\u00a0\u00bb text_font_size_phone=\u00a0\u00bb16px\u00a0\u00bb text_font_size_last_edited=\u00a0\u00bbon|phone\u00a0\u00bb header_font_size_tablet=\u00a0\u00bb60px\u00a0\u00bb header_font_size_phone=\u00a0\u00bb40px\u00a0\u00bb header_font_size_last_edited=\u00a0\u00bbon|phone\u00a0\u00bb header_2_font_size_tablet=\u00a0\u00bb40px\u00a0\u00bb header_2_font_size_phone=\u00a0\u00bb30px\u00a0\u00bb header_2_font_size_last_edited=\u00a0\u00bbon|desktop\u00a0\u00bb header_3_font_size_tablet=\u00a0\u00bb\u00a0\u00bb header_3_font_size_phone=\u00a0\u00bb22px\u00a0\u00bb header_3_font_size_last_edited=\u00a0\u00bbon|phone\u00a0\u00bb header_4_font_size_tablet=\u00a0\u00bb\u00a0\u00bb header_4_font_size_phone=\u00a0\u00bb\u00a0\u00bb header_4_font_size_last_edited=\u00a0\u00bbon|phone\u00a0\u00bb global_colors_info=\u00a0\u00bb{}\u00a0\u00bb]<\/p>\n<h1 style=\"text-align: left;\">Demande d&rsquo;aide financi\u00e8re<\/h1>\n<p>[\/et_pb_text][\/et_pb_column][\/et_pb_row][\/et_pb_section][et_pb_section fb_built=\u00a0\u00bb1&Prime; _builder_version=\u00a0\u00bb4.19.0&Prime; _module_preset=\u00a0\u00bbdefault\u00a0\u00bb hover_enabled=\u00a0\u00bb0&Prime; global_colors_info=\u00a0\u00bb{}\u00a0\u00bb background_enable_image=\u00a0\u00bboff\u00a0\u00bb sticky_enabled=\u00a0\u00bb0&Prime;][et_pb_row _builder_version=\u00a0\u00bb4.16&Prime; _module_preset=\u00a0\u00bbdefault\u00a0\u00bb locked=\u00a0\u00bboff\u00a0\u00bb global_colors_info=\u00a0\u00bb{}\u00a0\u00bb][et_pb_column type=\u00a0\u00bb4_4&Prime; _builder_version=\u00a0\u00bb4.16&Prime; _module_preset=\u00a0\u00bbdefault\u00a0\u00bb global_colors_info=\u00a0\u00bb{}\u00a0\u00bb][et_pb_text _builder_version=\u00a0\u00bb4.16&Prime; _module_preset=\u00a0\u00bbdefault\u00a0\u00bb text_font=\u00a0\u00bbRoboto|300|||||||\u00a0\u00bb text_text_color=\u00a0\u00bb#000000&Prime; header_2_font=\u00a0\u00bbQuestrial||||||||\u00a0\u00bb header_2_font_size=\u00a0\u00bb48px\u00a0\u00bb header_2_font_size_tablet=\u00a0\u00bb\u00a0\u00bb header_2_font_size_phone=\u00a0\u00bb36px\u00a0\u00bb header_2_font_size_last_edited=\u00a0\u00bbon|phone\u00a0\u00bb global_colors_info=\u00a0\u00bb{}\u00a0\u00bb]<\/p>\n<p>Citoyens \/ Loisirs et vie communautaire \/ Demande d&rsquo;aide financi\u00e8re<\/p>\n<p>[\/et_pb_text][\/et_pb_column][\/et_pb_row][et_pb_row use_custom_gutter=\u00a0\u00bbon\u00a0\u00bb gutter_width=\u00a0\u00bb1&Prime; _builder_version=\u00a0\u00bb4.16&Prime; _module_preset=\u00a0\u00bbdefault\u00a0\u00bb locked=\u00a0\u00bboff\u00a0\u00bb global_colors_info=\u00a0\u00bb{}\u00a0\u00bb][et_pb_column type=\u00a0\u00bb4_4&Prime; _builder_version=\u00a0\u00bb4.16&Prime; _module_preset=\u00a0\u00bbdefault\u00a0\u00bb custom_css_main_element=\u00a0\u00bbdisplay:flex !important;||flex-wrap:wrap !important;\u00a0\u00bb global_colors_info=\u00a0\u00bb{}\u00a0\u00bb][et_pb_text _builder_version=\u00a0\u00bb4.16&Prime; _module_preset=\u00a0\u00bbdefault\u00a0\u00bb text_font=\u00a0\u00bbRoboto|300|||||||\u00a0\u00bb text_text_color=\u00a0\u00bb#000000&Prime; header_2_font=\u00a0\u00bbQuestrial||||||||\u00a0\u00bb header_2_font_size=\u00a0\u00bb48px\u00a0\u00bb background_color=\u00a0\u00bb#e5e5e5&Prime; text_orientation=\u00a0\u00bbcenter\u00a0\u00bb width=\u00a0\u00bb30%\u00a0\u00bb width_tablet=\u00a0\u00bb50%\u00a0\u00bb width_phone=\u00a0\u00bb100%\u00a0\u00bb width_last_edited=\u00a0\u00bbon|phone\u00a0\u00bb custom_padding=\u00a0\u00bb15px||15px||true|false\u00a0\u00bb link_option_url=\u00a0\u00bb#procedure-de-demande\u00a0\u00bb header_2_font_size_tablet=\u00a0\u00bb\u00a0\u00bb header_2_font_size_phone=\u00a0\u00bb36px\u00a0\u00bb header_2_font_size_last_edited=\u00a0\u00bbon|phone\u00a0\u00bb border_width_all=\u00a0\u00bb3px\u00a0\u00bb border_color_all=\u00a0\u00bb#ffffff\u00a0\u00bb global_colors_info=\u00a0\u00bb{}\u00a0\u00bb background__hover_enabled=\u00a0\u00bbon|hover\u00a0\u00bb background_color__hover=\u00a0\u00bb\u00a0\u00bb background_enable_color__hover=\u00a0\u00bboff\u00a0\u00bb use_background_color_gradient__hover=\u00a0\u00bbon\u00a0\u00bb background_color_gradient_start__hover=\u00a0\u00bbrgba(122,179,23,0.8)\u00a0\u00bb background_color_gradient_end__hover=\u00a0\u00bbrgba(15,106,128,0.8)\u00a0\u00bb null__hover=\u00a0\u00bb#29c4a9&Prime; text_text_color__hover_enabled=\u00a0\u00bbon|hover\u00a0\u00bb text_text_color__hover=\u00a0\u00bb#ffffff\u00a0\u00bb background_color_gradient_stops__hover=\u00a0\u00bbrgba(122,179,23,0.8) 0%|rgba(15,106,128,0.8) 100%\u00a0\u00bb]<\/p>\n<p>Proc\u00e9dure de demande<\/p>\n<p>[\/et_pb_text][et_pb_text _builder_version=\u00a0\u00bb4.16&Prime; _module_preset=\u00a0\u00bbdefault\u00a0\u00bb text_font=\u00a0\u00bbRoboto|300|||||||\u00a0\u00bb text_text_color=\u00a0\u00bb#000000&Prime; header_2_font=\u00a0\u00bbQuestrial||||||||\u00a0\u00bb header_2_font_size=\u00a0\u00bb48px\u00a0\u00bb background_color=\u00a0\u00bb#e5e5e5&Prime; text_orientation=\u00a0\u00bbcenter\u00a0\u00bb width=\u00a0\u00bb40%\u00a0\u00bb width_tablet=\u00a0\u00bb50%\u00a0\u00bb width_phone=\u00a0\u00bb100%\u00a0\u00bb width_last_edited=\u00a0\u00bbon|phone\u00a0\u00bb custom_padding=\u00a0\u00bb15px||15px||true|false\u00a0\u00bb link_option_url=\u00a0\u00bb#categories-organismes-reconnus\u00a0\u00bb header_2_font_size_tablet=\u00a0\u00bb\u00a0\u00bb header_2_font_size_phone=\u00a0\u00bb36px\u00a0\u00bb header_2_font_size_last_edited=\u00a0\u00bbon|phone\u00a0\u00bb border_width_all=\u00a0\u00bb3px\u00a0\u00bb border_color_all=\u00a0\u00bb#ffffff\u00a0\u00bb locked=\u00a0\u00bboff\u00a0\u00bb global_colors_info=\u00a0\u00bb{}\u00a0\u00bb background_color__hover=\u00a0\u00bb\u00a0\u00bb background_enable_color__hover=\u00a0\u00bboff\u00a0\u00bb use_background_color_gradient__hover=\u00a0\u00bbon\u00a0\u00bb background_color_gradient_start__hover=\u00a0\u00bbrgba(122,179,23,0.8)\u00a0\u00bb background_color_gradient_end__hover=\u00a0\u00bbrgba(15,106,128,0.8)\u00a0\u00bb text_text_color__hover=\u00a0\u00bb#ffffff\u00a0\u00bb text_text_color__hover_enabled=\u00a0\u00bbon|hover\u00a0\u00bb background__hover_enabled=\u00a0\u00bbon|hover\u00a0\u00bb background_color_gradient_stops__hover=\u00a0\u00bbrgba(122,179,23,0.8) 0%|rgba(15,106,128,0.8) 100%\u00a0\u00bb]<\/p>\n<p>Cat\u00e9gories d&rsquo;organismes reconnus<\/p>\n<p>[\/et_pb_text][et_pb_text _builder_version=\u00a0\u00bb4.16&Prime; _module_preset=\u00a0\u00bbdefault\u00a0\u00bb text_font=\u00a0\u00bbRoboto|300|||||||\u00a0\u00bb text_text_color=\u00a0\u00bb#000000&Prime; header_2_font=\u00a0\u00bbQuestrial||||||||\u00a0\u00bb header_2_font_size=\u00a0\u00bb48px\u00a0\u00bb background_color=\u00a0\u00bb#e5e5e5&Prime; text_orientation=\u00a0\u00bbcenter\u00a0\u00bb width=\u00a0\u00bb30%\u00a0\u00bb width_tablet=\u00a0\u00bb60%\u00a0\u00bb width_phone=\u00a0\u00bb100%\u00a0\u00bb width_last_edited=\u00a0\u00bbon|phone\u00a0\u00bb custom_padding=\u00a0\u00bb15px||15px||true|false\u00a0\u00bb link_option_url=\u00a0\u00bb#criteres-admissibilite\u00a0\u00bb header_2_font_size_tablet=\u00a0\u00bb\u00a0\u00bb header_2_font_size_phone=\u00a0\u00bb36px\u00a0\u00bb header_2_font_size_last_edited=\u00a0\u00bbon|phone\u00a0\u00bb border_width_all=\u00a0\u00bb3px\u00a0\u00bb border_color_all=\u00a0\u00bb#ffffff\u00a0\u00bb locked=\u00a0\u00bboff\u00a0\u00bb global_colors_info=\u00a0\u00bb{}\u00a0\u00bb background_color__hover=\u00a0\u00bb\u00a0\u00bb background_enable_color__hover=\u00a0\u00bboff\u00a0\u00bb use_background_color_gradient__hover=\u00a0\u00bbon\u00a0\u00bb background_color_gradient_start__hover=\u00a0\u00bbrgba(122,179,23,0.8)\u00a0\u00bb background_color_gradient_end__hover=\u00a0\u00bbrgba(15,106,128,0.8)\u00a0\u00bb text_text_color__hover=\u00a0\u00bb#ffffff\u00a0\u00bb text_text_color__hover_enabled=\u00a0\u00bbon|hover\u00a0\u00bb background__hover_enabled=\u00a0\u00bbon|hover\u00a0\u00bb background_color_gradient_stops__hover=\u00a0\u00bbrgba(122,179,23,0.8) 0%|rgba(15,106,128,0.8) 100%\u00a0\u00bb]<\/p>\n<p>Crit\u00e8res d&rsquo;admissibilit\u00e9s<\/p>\n<p>[\/et_pb_text][\/et_pb_column][\/et_pb_row][et_pb_row module_id=\u00a0\u00bbprocedure-de-demande\u00a0\u00bb _builder_version=\u00a0\u00bb4.16&Prime; _module_preset=\u00a0\u00bbdefault\u00a0\u00bb global_colors_info=\u00a0\u00bb{}\u00a0\u00bb][et_pb_column type=\u00a0\u00bb4_4&Prime; _builder_version=\u00a0\u00bb4.16&Prime; _module_preset=\u00a0\u00bbdefault\u00a0\u00bb global_colors_info=\u00a0\u00bb{}\u00a0\u00bb][et_pb_text quote_border_color=\u00a0\u00bb#7ab317&Prime; _builder_version=\u00a0\u00bb4.19.0&Prime; _module_preset=\u00a0\u00bbdefault\u00a0\u00bb text_font=\u00a0\u00bbRoboto|300|||||||\u00a0\u00bb text_text_color=\u00a0\u00bb#000000&Prime; link_font=\u00a0\u00bbRoboto|700|||||||\u00a0\u00bb link_text_color=\u00a0\u00bb#0f6a80&Prime; header_2_font=\u00a0\u00bbQuestrial||||||||\u00a0\u00bb header_2_font_size=\u00a0\u00bb48px\u00a0\u00bb header_3_font=\u00a0\u00bbQuestrial||||||||\u00a0\u00bb header_3_font_size=\u00a0\u00bb28px\u00a0\u00bb header_4_font=\u00a0\u00bbQuestrial||||||||\u00a0\u00bb header_4_font_size=\u00a0\u00bb22px\u00a0\u00bb header_4_letter_spacing=\u00a0\u00bb1px\u00a0\u00bb text_font_size_tablet=\u00a0\u00bb16px\u00a0\u00bb text_font_size_phone=\u00a0\u00bb16px\u00a0\u00bb text_font_size_last_edited=\u00a0\u00bbon|phone\u00a0\u00bb header_font_size_tablet=\u00a0\u00bb60px\u00a0\u00bb header_font_size_phone=\u00a0\u00bb40px\u00a0\u00bb header_font_size_last_edited=\u00a0\u00bbon|phone\u00a0\u00bb header_2_font_size_tablet=\u00a0\u00bb40px\u00a0\u00bb header_2_font_size_phone=\u00a0\u00bb30px\u00a0\u00bb header_2_font_size_last_edited=\u00a0\u00bbon|desktop\u00a0\u00bb header_3_font_size_tablet=\u00a0\u00bb\u00a0\u00bb header_3_font_size_phone=\u00a0\u00bb22px\u00a0\u00bb header_3_font_size_last_edited=\u00a0\u00bbon|phone\u00a0\u00bb header_4_font_size_tablet=\u00a0\u00bb\u00a0\u00bb header_4_font_size_phone=\u00a0\u00bb18px\u00a0\u00bb header_4_font_size_last_edited=\u00a0\u00bbon|phone\u00a0\u00bb global_colors_info=\u00a0\u00bb{}\u00a0\u00bb]<\/p>\n<h2><span>Proc\u00e9dure de demande<\/span><\/h2>\n<p><span><\/span><\/p>\n<p><span><\/span><\/p>\n<p><span><strong><a title=\"lettre_aux_organismes_19_janvier_2016.pdf\" href=\"https:\/\/municipalitepontiac.com\/wp-content\/uploads\/2021\/04\/lettre_aux_organismes_19_janvier_2016.pdf\" target=\"_blank\" rel=\"noopener noreferrer\">Lettre aux organismes<\/a><\/strong><\/span><\/p>\n<p><span><strong><\/strong><\/span><\/p>\n<p><span>La Municipalit\u00e9 demande certaines informations aupr\u00e8s de l\u2019organisme ou l&rsquo;association.\u00a0 En plus de fournir un num\u00e9ro d&rsquo;entreprise du Qu\u00e9bec valide, les formulaires suivants doivent \u00eatre remplis et retourn\u00e9s au bureau municipal :<\/span><\/p>\n<p><span><\/span><\/p>\n<ul>\n<li><a href=\"https:\/\/municipalitepontiac.com\/wp-content\/uploads\/2021\/10\/F-LVC-004-nouvelle-demande-dadhesion-pour-etre-reconnus.pdf\" target=\"_blank\" rel=\"noopener\"><span><strong>Formulaire &#8211; nouvelle demande d&rsquo;adh\u00e9sion pour \u00eatre reconnus<\/strong><\/span><\/a><\/li>\n<li><a href=\"https:\/\/municipalitepontiac.com\/wp-content\/uploads\/2021\/10\/F-LVC-006-copie-de-previsions-budgetaires.pdf\" target=\"_blank\" rel=\"noopener\"><strong>Formulaire &#8211; copie de pr\u00e9visions budg\u00e9taires<\/strong><\/a><\/li>\n<li><strong><a title=\"Prvisions_budgtaires_2021.pdf\" href=\"http:\/\/www.municipalitepontiac.com\/download_file\/view\/5004\/685\/\" target=\"_blank\" rel=\"noopener\"><\/a><a href=\"https:\/\/municipalitepontiac.com\/wp-content\/uploads\/2021\/10\/F-LVC-007-Reddition.pdf\" target=\"_blank\" rel=\"noopener\">Formulaire &#8211;\u00a0reddition<\/a>\u00a0<\/strong>(la reddition de compte doit \u00eatre accompagn\u00e9e de preuves de d\u00e9penses prouvant que la somme accord\u00e9e \u00e0 l\u2019organisme a bien \u00e9t\u00e9 d\u00e9pens\u00e9e)<\/li>\n<li><strong><a href=\"https:\/\/municipalitepontiac.com\/wp-content\/uploads\/2022\/12\/F-LVC-005-demande-de-soutien-des-organismes-deja-reconnus-rev.-14-dec.-2022.pdf\" target=\"_blank\" rel=\"noopener\">Formulaire &#8211; demande de soutien pour les organismes d\u00e9j\u00e0 reconnus<\/a><\/strong><\/li>\n<\/ul>\n<p>&nbsp;<\/p>\n<p><span>De plus, si des travaux sont requis, les associations doivent obtenir une soumission aupr\u00e8s de deux (2) entrepreneurs (lorsqu\u2019estim\u00e9 \u00e0 plus de 1\u00a0000 $) et les transmettre au bureau municipal.<\/span><\/p>\n<p><span><\/span><\/p>\n<p><strong><a title=\"Politique_municipale_de_reconnaissance_et_de_soutien_des_organismes_Janvier_2016.pdf\" href=\"https:\/\/municipalitepontiac.com\/wp-content\/uploads\/2021\/04\/Politique_municipale_de_reconnaissance_et_de_soutien_des_organismes_Janvier_2016.pdf\" target=\"_blank\" rel=\"noopener noreferrer\">Politique municipale de reconnaissance et de soutien des organismes<\/a><\/strong><\/p>\n<p>[\/et_pb_text][\/et_pb_column][\/et_pb_row][et_pb_row _builder_version=\u00a0\u00bb4.16&Prime; _module_preset=\u00a0\u00bbdefault\u00a0\u00bb global_colors_info=\u00a0\u00bb{}\u00a0\u00bb][et_pb_column type=\u00a0\u00bb4_4&Prime; _builder_version=\u00a0\u00bb4.16&Prime; _module_preset=\u00a0\u00bbdefault\u00a0\u00bb global_colors_info=\u00a0\u00bb{}\u00a0\u00bb][et_pb_text quote_border_color=\u00a0\u00bb#7ab317&Prime; module_id=\u00a0\u00bbcategories-organismes-reconnus\u00a0\u00bb _builder_version=\u00a0\u00bb4.16&Prime; _module_preset=\u00a0\u00bbdefault\u00a0\u00bb text_font=\u00a0\u00bbRoboto|300|||||||\u00a0\u00bb text_text_color=\u00a0\u00bb#000000&Prime; link_font=\u00a0\u00bbRoboto|700|||||||\u00a0\u00bb link_text_color=\u00a0\u00bb#0f6a80&Prime; header_2_font=\u00a0\u00bbQuestrial||||||||\u00a0\u00bb header_2_font_size=\u00a0\u00bb48px\u00a0\u00bb header_3_font=\u00a0\u00bbQuestrial||||||||\u00a0\u00bb header_3_font_size=\u00a0\u00bb28px\u00a0\u00bb header_4_font=\u00a0\u00bbQuestrial||||||||\u00a0\u00bb header_4_font_size=\u00a0\u00bb22px\u00a0\u00bb header_4_letter_spacing=\u00a0\u00bb1px\u00a0\u00bb text_font_size_tablet=\u00a0\u00bb16px\u00a0\u00bb text_font_size_phone=\u00a0\u00bb16px\u00a0\u00bb text_font_size_last_edited=\u00a0\u00bbon|phone\u00a0\u00bb header_font_size_tablet=\u00a0\u00bb60px\u00a0\u00bb header_font_size_phone=\u00a0\u00bb40px\u00a0\u00bb header_font_size_last_edited=\u00a0\u00bbon|phone\u00a0\u00bb header_2_font_size_tablet=\u00a0\u00bb40px\u00a0\u00bb header_2_font_size_phone=\u00a0\u00bb30px\u00a0\u00bb header_2_font_size_last_edited=\u00a0\u00bbon|desktop\u00a0\u00bb header_3_font_size_tablet=\u00a0\u00bb\u00a0\u00bb header_3_font_size_phone=\u00a0\u00bb22px\u00a0\u00bb header_3_font_size_last_edited=\u00a0\u00bbon|phone\u00a0\u00bb header_4_font_size_tablet=\u00a0\u00bb\u00a0\u00bb header_4_font_size_phone=\u00a0\u00bb18px\u00a0\u00bb header_4_font_size_last_edited=\u00a0\u00bbon|phone\u00a0\u00bb global_colors_info=\u00a0\u00bb{}\u00a0\u00bb]<\/p>\n<h2>Cat\u00e9gories d\u2019organismes reconnus<\/h2>\n<p>&nbsp;<\/p>\n<ul>\n<li>Sport et loisir<\/li>\n<li>Culture<\/li>\n<li>Sociocommunautaire<\/li>\n<\/ul>\n<p>[\/et_pb_text][et_pb_text quote_border_color=\u00a0\u00bb#7ab317&Prime; module_id=\u00a0\u00bbcriteres-admissibilite\u00a0\u00bb _builder_version=\u00a0\u00bb4.16&Prime; _module_preset=\u00a0\u00bbdefault\u00a0\u00bb text_font=\u00a0\u00bbRoboto|300|||||||\u00a0\u00bb text_text_color=\u00a0\u00bb#000000&Prime; link_font=\u00a0\u00bbRoboto|700|||||||\u00a0\u00bb link_text_color=\u00a0\u00bb#0f6a80&Prime; header_2_font=\u00a0\u00bbQuestrial||||||||\u00a0\u00bb header_2_font_size=\u00a0\u00bb48px\u00a0\u00bb header_3_font=\u00a0\u00bbQuestrial||||||||\u00a0\u00bb header_3_font_size=\u00a0\u00bb28px\u00a0\u00bb header_4_font=\u00a0\u00bbQuestrial||||||||\u00a0\u00bb header_4_font_size=\u00a0\u00bb22px\u00a0\u00bb header_4_letter_spacing=\u00a0\u00bb1px\u00a0\u00bb text_font_size_tablet=\u00a0\u00bb16px\u00a0\u00bb text_font_size_phone=\u00a0\u00bb16px\u00a0\u00bb text_font_size_last_edited=\u00a0\u00bbon|phone\u00a0\u00bb header_font_size_tablet=\u00a0\u00bb60px\u00a0\u00bb header_font_size_phone=\u00a0\u00bb40px\u00a0\u00bb header_font_size_last_edited=\u00a0\u00bbon|phone\u00a0\u00bb header_2_font_size_tablet=\u00a0\u00bb40px\u00a0\u00bb header_2_font_size_phone=\u00a0\u00bb30px\u00a0\u00bb header_2_font_size_last_edited=\u00a0\u00bbon|desktop\u00a0\u00bb header_3_font_size_tablet=\u00a0\u00bb\u00a0\u00bb header_3_font_size_phone=\u00a0\u00bb22px\u00a0\u00bb header_3_font_size_last_edited=\u00a0\u00bbon|phone\u00a0\u00bb header_4_font_size_tablet=\u00a0\u00bb\u00a0\u00bb header_4_font_size_phone=\u00a0\u00bb18px\u00a0\u00bb header_4_font_size_last_edited=\u00a0\u00bbon|phone\u00a0\u00bb global_colors_info=\u00a0\u00bb{}\u00a0\u00bb]<\/p>\n<h2>Crit\u00e8res d\u2019admissibilit\u00e9<\/h2>\n<p>&nbsp;<\/p>\n<ul>\n<li>D\u00e9tenir un statut juridique d\u2019organisme \u00e0 but non lucratif l\u00e9galement constitu\u00e9 (enregistr\u00e9 aupr\u00e8s du Registraire des entreprises du Qu\u00e9bec)<\/li>\n<li>D\u00e9tenir des r\u00e8glements g\u00e9n\u00e9raux \u00e0 jour, d\u00e9tenir un rapport d\u2019activit\u00e9s de l\u2019organisme, d\u00e9tenir des \u00e9tats financiers selon les principes comptables reconnus<\/li>\n<li>Assurer une saine gestion selon les principes g\u00e9n\u00e9ralement reconnus dont, d\u00e9tenir une police d\u2019assurance responsabilit\u00e9 civile<\/li>\n<li>\u00catre r\u00e9gi par un conseil d\u2019administration d\u00e9mocratiquement \u00e9lu et encadr\u00e9 par des R\u00e8glements g\u00e9n\u00e9raux<\/li>\n<li>Avoir son si\u00e8ge social dans la municipalit\u00e9 de Pontiac ou avoir son si\u00e8ge social soit dans la MRC des Collines ou la MRC Pontiac et consacrer au minimum 14% sa mission sur le territoire de la municipalit\u00e9.<\/li>\n<li>Avoir une mission ou un projet qui s\u2019inscrit dans l\u2019une ou l\u2019autre des orientations strat\u00e9giques de la municipalit\u00e9 en termes de reconnaissance des organismes (PALSIS, MADA, politique familiale)<\/li>\n<li>Avoir pr\u00e9sent\u00e9 une demande d\u00fbment remplie, accompagn\u00e9e de tous les documents exig\u00e9s. <strong>(Formulaire adh\u00e9sion et formulaire pr\u00e9visions budg\u00e9taires)<\/strong><\/li>\n<\/ul>\n<p><strong><\/strong><\/p>\n<p>Un organisme qui ne r\u00e9pond pas \u00e0 l\u2019un ou l\u2019autre de ces crit\u00e8res peut obtenir un soutien par le biais d\u2019une entente particuli\u00e8re avec la municipalit\u00e9.<\/p>\n<p>[\/et_pb_text][\/et_pb_column][\/et_pb_row][\/et_pb_section]<\/p>\n","protected":false},"excerpt":{"rendered":"<p>Demande d&rsquo;aide financi\u00e8reCitoyens \/ Loisirs et vie communautaire \/ Demande d&rsquo;aide financi\u00e8reProc\u00e9dure de demandeCat\u00e9gories d&rsquo;organismes reconnusCrit\u00e8res d&rsquo;admissibilit\u00e9sProc\u00e9dure de demande Lettre aux organismes La Municipalit\u00e9 demande certaines informations aupr\u00e8s de l\u2019organisme ou l&rsquo;association.\u00a0 En plus de fournir un num\u00e9ro d&rsquo;entreprise du Qu\u00e9bec valide, les formulaires suivants doivent \u00eatre remplis et retourn\u00e9s au bureau municipal : Formulaire [&hellip;]<\/p>\n","protected":false},"author":1,"featured_media":0,"parent":0,"menu_order":0,"comment_status":"closed","ping_status":"closed","template":"","meta":{"_et_pb_use_builder":"on","_et_pb_old_content":"<!-- wp:divi\/placeholder \/-->","_et_gb_content_width":"","footnotes":""},"class_list":["post-8109","page","type-page","status-publish","hentry"],"_links":{"self":[{"href":"https:\/\/municipalitepontiac.com\/en\/wp-json\/wp\/v2\/pages\/8109","targetHints":{"allow":["GET"]}}],"collection":[{"href":"https:\/\/municipalitepontiac.com\/en\/wp-json\/wp\/v2\/pages"}],"about":[{"href":"https:\/\/municipalitepontiac.com\/en\/wp-json\/wp\/v2\/types\/page"}],"author":[{"embeddable":true,"href":"https:\/\/municipalitepontiac.com\/en\/wp-json\/wp\/v2\/users\/1"}],"replies":[{"embeddable":true,"href":"https:\/\/municipalitepontiac.com\/en\/wp-json\/wp\/v2\/comments?post=8109"}],"version-history":[{"count":30,"href":"https:\/\/municipalitepontiac.com\/en\/wp-json\/wp\/v2\/pages\/8109\/revisions"}],"predecessor-version":[{"id":18958,"href":"https:\/\/municipalitepontiac.com\/en\/wp-json\/wp\/v2\/pages\/8109\/revisions\/18958"}],"wp:attachment":[{"href":"https:\/\/municipalitepontiac.com\/en\/wp-json\/wp\/v2\/media?parent=8109"}],"curies":[{"name":"wp","href":"https:\/\/api.w.org\/{rel}","templated":true}]}}